{"id":22557,"date":"2026-05-06T10:06:57","date_gmt":"2026-05-06T08:06:57","guid":{"rendered":"https:\/\/www.geigercars.de\/?post_type=product&#038;p=22557"},"modified":"2026-05-06T10:56:03","modified_gmt":"2026-05-06T08:56:03","slug":"68535806aa-verteilergetriebe-dodge-ram-1500","status":"publish","type":"product","link":"https:\/\/www.geigercars.de\/en\/product\/68535806aa-verteilergetriebe-dodge-ram-1500","title":{"rendered":"68535806AA Verteilergetriebe Dodge Ram 1500"},"content":{"rendered":"<p>Hersteller: Mopar<\/p>\n<p>Teilenummer: 68535806AA, 68671271AA, 68250775aa, 68250775ab, 68250775ac, 68250775ad, 68250775ae, 68250775af, 68250775ag, 68250775ah, 68250775aj, 68250775ak, 68250807aa, 68250807ab, 68250807ac, 68250807ad, 68250807ae, 68250807af, 68535806aa, 68535806ab<\/p>\n<p>&nbsp;<\/p>\n<div class=\"woocommerce-tabs wc-tabs-wrapper\">\n<div id=\"tab-description\" class=\"woocommerce-Tabs-panel woocommerce-Tabs-panel--description panel entry-content wc-tab\" role=\"tabpanel\" aria-labelledby=\"tab-title-description\">\n<h4>Suitable for vehicles:<\/h4>\n<p>Dodge Ram 1500\/Big Horn, Laramie, Limited, Limited Longhorn, Lone Star, Rebel, Tradesman<\/p>\n<h5>YEARS OF CONSTRUCTION<\/h5>\n<p>2019-2026<\/p>\n<p>&nbsp;<\/p>\n<p>Note: All prices quoted are non-binding and subject to change. Subject to price changes and errors. Despite careful maintenance of our content, no guarantee can be given for the accuracy, completeness, or timeliness of the price information.<\/p>\n<\/div>\n<\/div>","protected":false},"excerpt":{"rendered":"<p>plus packaging and shipping<\/p>\n<p>Price without assembly<\/p>","protected":false},"featured_media":22558,"template":"","meta":[],"product_brand":[],"product_cat":[431],"product_tag":[497,327,499,500,501,508,503,509,510],"class_list":{"0":"post-22557","1":"product","2":"type-product","3":"status-publish","4":"has-post-thumbnail","6":"product_cat-ersatzteile","7":"product_tag-big-horn","8":"product_tag-dodge-ram-1500","9":"product_tag-laramie","10":"product_tag-limited","11":"product_tag-limited-longhorn","12":"product_tag-lone-star","13":"product_tag-rebel","14":"product_tag-tradesman","15":"product_tag-verteilergetriebe","17":"first","18":"instock","19":"taxable","20":"shipping-taxable","21":"purchasable","22":"product-type-simple"},"yoast_head":"<!-- This site is optimized with the Yoast SEO plugin v27.5 - https:\/\/yoast.com\/product\/yoast-seo-wordpress\/ -->\n<title>68535806AA Verteilergetriebe Dodge Ram 1500 - Geigercars.de GmbH<\/title>\n<meta name=\"description\" content=\"Ihr zuverl\u00e4ssiger Partner f\u00fcr US-Car Ersatzteile. Wir f\u00fchren ein breites Sortiment an Originalteilen sowie gepr\u00fcften Aftermarket-L\u00f6sungen.\" \/>\n<meta name=\"robots\" content=\"index, follow, max-snippet:-1, max-image-preview:large, max-video-preview:-1\" \/>\n<link rel=\"canonical\" href=\"https:\/\/www.geigercars.de\/en\/product\/68535806aa-verteilergetriebe-dodge-ram-1500\/\" \/>\n<meta property=\"og:locale\" content=\"en_US\" \/>\n<meta property=\"og:type\" content=\"article\" \/>\n<meta property=\"og:title\" content=\"68535806AA Verteilergetriebe Dodge Ram 1500 - Geigercars.de GmbH\" \/>\n<meta property=\"og:description\" content=\"Ihr zuverl\u00e4ssiger Partner f\u00fcr US-Car Ersatzteile. Wir f\u00fchren ein breites Sortiment an Originalteilen sowie gepr\u00fcften Aftermarket-L\u00f6sungen.\" \/>\n<meta property=\"og:url\" content=\"https:\/\/www.geigercars.de\/en\/product\/68535806aa-verteilergetriebe-dodge-ram-1500\/\" \/>\n<meta property=\"og:site_name\" content=\"Geigercars.de GmbH\" \/>\n<meta property=\"article:publisher\" content=\"https:\/\/www.facebook.com\/GeigerCars.de\/\" \/>\n<meta property=\"article:modified_time\" content=\"2026-05-06T08:56:03+00:00\" \/>\n<meta property=\"og:image\" content=\"https:\/\/www.geigercars.de\/wp-content\/uploads\/2026\/05\/68535806AA.png\" \/>\n\t<meta property=\"og:image:width\" content=\"1080\" \/>\n\t<meta property=\"og:image:height\" content=\"1080\" \/>\n\t<meta property=\"og:image:type\" content=\"image\/png\" \/>\n<meta name=\"twitter:card\" content=\"summary_large_image\" \/>\n<meta name=\"twitter:label1\" content=\"Est. reading time\" \/>\n\t<meta name=\"twitter:data1\" content=\"1 minute\" \/>\n<script type=\"application\/ld+json\" class=\"yoast-schema-graph\">{\"@context\":\"https:\\\/\\\/schema.org\",\"@graph\":[{\"@type\":\"WebPage\",\"@id\":\"https:\\\/\\\/www.geigercars.de\\\/product\\\/68535806aa-verteilergetriebe-dodge-ram-1500\\\/\",\"url\":\"https:\\\/\\\/www.geigercars.de\\\/product\\\/68535806aa-verteilergetriebe-dodge-ram-1500\\\/\",\"name\":\"68535806AA Verteilergetriebe Dodge Ram 1500 - Geigercars.de GmbH\",\"isPartOf\":{\"@id\":\"https:\\\/\\\/www.geigercars.de\\\/#website\"},\"primaryImageOfPage\":{\"@id\":\"https:\\\/\\\/www.geigercars.de\\\/product\\\/68535806aa-verteilergetriebe-dodge-ram-1500\\\/#primaryimage\"},\"image\":{\"@id\":\"https:\\\/\\\/www.geigercars.de\\\/product\\\/68535806aa-verteilergetriebe-dodge-ram-1500\\\/#primaryimage\"},\"thumbnailUrl\":\"https:\\\/\\\/www.geigercars.de\\\/wp-content\\\/uploads\\\/2026\\\/05\\\/68535806AA.png\",\"datePublished\":\"2026-05-06T08:06:57+00:00\",\"dateModified\":\"2026-05-06T08:56:03+00:00\",\"description\":\"Ihr zuverl\u00e4ssiger Partner f\u00fcr US-Car Ersatzteile. Wir f\u00fchren ein breites Sortiment an Originalteilen sowie gepr\u00fcften Aftermarket-L\u00f6sungen.\",\"breadcrumb\":{\"@id\":\"https:\\\/\\\/www.geigercars.de\\\/product\\\/68535806aa-verteilergetriebe-dodge-ram-1500\\\/#breadcrumb\"},\"inLanguage\":\"en-US\",\"potentialAction\":[{\"@type\":\"ReadAction\",\"target\":[\"https:\\\/\\\/www.geigercars.de\\\/product\\\/68535806aa-verteilergetriebe-dodge-ram-1500\\\/\"]}]},{\"@type\":\"ImageObject\",\"inLanguage\":\"en-US\",\"@id\":\"https:\\\/\\\/www.geigercars.de\\\/product\\\/68535806aa-verteilergetriebe-dodge-ram-1500\\\/#primaryimage\",\"url\":\"https:\\\/\\\/www.geigercars.de\\\/wp-content\\\/uploads\\\/2026\\\/05\\\/68535806AA.png\",\"contentUrl\":\"https:\\\/\\\/www.geigercars.de\\\/wp-content\\\/uploads\\\/2026\\\/05\\\/68535806AA.png\",\"width\":1080,\"height\":1080},{\"@type\":\"BreadcrumbList\",\"@id\":\"https:\\\/\\\/www.geigercars.de\\\/product\\\/68535806aa-verteilergetriebe-dodge-ram-1500\\\/#breadcrumb\",\"itemListElement\":[{\"@type\":\"ListItem\",\"position\":1,\"name\":\"Startseite\",\"item\":\"https:\\\/\\\/www.geigercars.de\\\/\"},{\"@type\":\"ListItem\",\"position\":2,\"name\":\"Produkte\",\"item\":\"https:\\\/\\\/www.geigercars.de\\\/shop\\\/\"},{\"@type\":\"ListItem\",\"position\":3,\"name\":\"68535806AA Verteilergetriebe Dodge Ram 1500\"}]},{\"@type\":\"WebSite\",\"@id\":\"https:\\\/\\\/www.geigercars.de\\\/#website\",\"url\":\"https:\\\/\\\/www.geigercars.de\\\/\",\"name\":\"Geigercars.de\",\"description\":\"Home of US-Cars\",\"publisher\":{\"@id\":\"https:\\\/\\\/www.geigercars.de\\\/#organization\"},\"potentialAction\":[{\"@type\":\"SearchAction\",\"target\":{\"@type\":\"EntryPoint\",\"urlTemplate\":\"https:\\\/\\\/www.geigercars.de\\\/?s={search_term_string}\"},\"query-input\":{\"@type\":\"PropertyValueSpecification\",\"valueRequired\":true,\"valueName\":\"search_term_string\"}}],\"inLanguage\":\"en-US\"},{\"@type\":\"Organization\",\"@id\":\"https:\\\/\\\/www.geigercars.de\\\/#organization\",\"name\":\"Geigercars.de\",\"url\":\"https:\\\/\\\/www.geigercars.de\\\/\",\"logo\":{\"@type\":\"ImageObject\",\"inLanguage\":\"en-US\",\"@id\":\"https:\\\/\\\/www.geigercars.de\\\/#\\\/schema\\\/logo\\\/image\\\/\",\"url\":\"https:\\\/\\\/www.geigercars.de\\\/wp-content\\\/uploads\\\/2024\\\/03\\\/geigercars_logo.png\",\"contentUrl\":\"https:\\\/\\\/www.geigercars.de\\\/wp-content\\\/uploads\\\/2024\\\/03\\\/geigercars_logo.png\",\"width\":400,\"height\":52,\"caption\":\"Geigercars.de\"},\"image\":{\"@id\":\"https:\\\/\\\/www.geigercars.de\\\/#\\\/schema\\\/logo\\\/image\\\/\"},\"sameAs\":[\"https:\\\/\\\/www.facebook.com\\\/GeigerCars.de\\\/\",\"https:\\\/\\\/www.instagram.com\\\/geigercars\\\/\",\"https:\\\/\\\/www.youtube.com\\\/@geigercarsde_official\"]}]}<\/script>\n<!-- \/ Yoast SEO plugin. -->","yoast_head_json":{"title":"68535806AA Verteilergetriebe Dodge Ram 1500 - Geigercars.de GmbH","description":"Ihr zuverl\u00e4ssiger Partner f\u00fcr US-Car Ersatzteile. Wir f\u00fchren ein breites Sortiment an Originalteilen sowie gepr\u00fcften Aftermarket-L\u00f6sungen.","robots":{"index":"index","follow":"follow","max-snippet":"max-snippet:-1","max-image-preview":"max-image-preview:large","max-video-preview":"max-video-preview:-1"},"canonical":"https:\/\/www.geigercars.de\/en\/product\/68535806aa-verteilergetriebe-dodge-ram-1500\/","og_locale":"en_US","og_type":"article","og_title":"68535806AA Verteilergetriebe Dodge Ram 1500 - Geigercars.de GmbH","og_description":"Ihr zuverl\u00e4ssiger Partner f\u00fcr US-Car Ersatzteile. Wir f\u00fchren ein breites Sortiment an Originalteilen sowie gepr\u00fcften Aftermarket-L\u00f6sungen.","og_url":"https:\/\/www.geigercars.de\/en\/product\/68535806aa-verteilergetriebe-dodge-ram-1500\/","og_site_name":"Geigercars.de GmbH","article_publisher":"https:\/\/www.facebook.com\/GeigerCars.de\/","article_modified_time":"2026-05-06T08:56:03+00:00","og_image":[{"width":1080,"height":1080,"url":"https:\/\/www.geigercars.de\/wp-content\/uploads\/2026\/05\/68535806AA.png","type":"image\/png"}],"twitter_card":"summary_large_image","twitter_misc":{"Est. reading time":"1 minute"},"schema":{"@context":"https:\/\/schema.org","@graph":[{"@type":"WebPage","@id":"https:\/\/www.geigercars.de\/product\/68535806aa-verteilergetriebe-dodge-ram-1500\/","url":"https:\/\/www.geigercars.de\/product\/68535806aa-verteilergetriebe-dodge-ram-1500\/","name":"68535806AA Verteilergetriebe Dodge Ram 1500 - Geigercars.de GmbH","isPartOf":{"@id":"https:\/\/www.geigercars.de\/#website"},"primaryImageOfPage":{"@id":"https:\/\/www.geigercars.de\/product\/68535806aa-verteilergetriebe-dodge-ram-1500\/#primaryimage"},"image":{"@id":"https:\/\/www.geigercars.de\/product\/68535806aa-verteilergetriebe-dodge-ram-1500\/#primaryimage"},"thumbnailUrl":"https:\/\/www.geigercars.de\/wp-content\/uploads\/2026\/05\/68535806AA.png","datePublished":"2026-05-06T08:06:57+00:00","dateModified":"2026-05-06T08:56:03+00:00","description":"Ihr zuverl\u00e4ssiger Partner f\u00fcr US-Car Ersatzteile. Wir f\u00fchren ein breites Sortiment an Originalteilen sowie gepr\u00fcften Aftermarket-L\u00f6sungen.","breadcrumb":{"@id":"https:\/\/www.geigercars.de\/product\/68535806aa-verteilergetriebe-dodge-ram-1500\/#breadcrumb"},"inLanguage":"en-US","potentialAction":[{"@type":"ReadAction","target":["https:\/\/www.geigercars.de\/product\/68535806aa-verteilergetriebe-dodge-ram-1500\/"]}]},{"@type":"ImageObject","inLanguage":"en-US","@id":"https:\/\/www.geigercars.de\/product\/68535806aa-verteilergetriebe-dodge-ram-1500\/#primaryimage","url":"https:\/\/www.geigercars.de\/wp-content\/uploads\/2026\/05\/68535806AA.png","contentUrl":"https:\/\/www.geigercars.de\/wp-content\/uploads\/2026\/05\/68535806AA.png","width":1080,"height":1080},{"@type":"BreadcrumbList","@id":"https:\/\/www.geigercars.de\/product\/68535806aa-verteilergetriebe-dodge-ram-1500\/#breadcrumb","itemListElement":[{"@type":"ListItem","position":1,"name":"Startseite","item":"https:\/\/www.geigercars.de\/"},{"@type":"ListItem","position":2,"name":"Produkte","item":"https:\/\/www.geigercars.de\/shop\/"},{"@type":"ListItem","position":3,"name":"68535806AA Verteilergetriebe Dodge Ram 1500"}]},{"@type":"WebSite","@id":"https:\/\/www.geigercars.de\/#website","url":"https:\/\/www.geigercars.de\/","name":"Geigercars.de","description":"Home of US Cars","publisher":{"@id":"https:\/\/www.geigercars.de\/#organization"},"potentialAction":[{"@type":"SearchAction","target":{"@type":"EntryPoint","urlTemplate":"https:\/\/www.geigercars.de\/?s={search_term_string}"},"query-input":{"@type":"PropertyValueSpecification","valueRequired":true,"valueName":"search_term_string"}}],"inLanguage":"en-US"},{"@type":"Organization","@id":"https:\/\/www.geigercars.de\/#organization","name":"Geigercars.de","url":"https:\/\/www.geigercars.de\/","logo":{"@type":"ImageObject","inLanguage":"en-US","@id":"https:\/\/www.geigercars.de\/#\/schema\/logo\/image\/","url":"https:\/\/www.geigercars.de\/wp-content\/uploads\/2024\/03\/geigercars_logo.png","contentUrl":"https:\/\/www.geigercars.de\/wp-content\/uploads\/2024\/03\/geigercars_logo.png","width":400,"height":52,"caption":"Geigercars.de"},"image":{"@id":"https:\/\/www.geigercars.de\/#\/schema\/logo\/image\/"},"sameAs":["https:\/\/www.facebook.com\/GeigerCars.de\/","https:\/\/www.instagram.com\/geigercars\/","https:\/\/www.youtube.com\/@geigercarsde_official"]}]}},"_links":{"self":[{"href":"https:\/\/www.geigercars.de\/en\/wp-json\/wp\/v2\/product\/22557","targetHints":{"allow":["GET"]}}],"collection":[{"href":"https:\/\/www.geigercars.de\/en\/wp-json\/wp\/v2\/product"}],"about":[{"href":"https:\/\/www.geigercars.de\/en\/wp-json\/wp\/v2\/types\/product"}],"version-history":[{"count":1,"href":"https:\/\/www.geigercars.de\/en\/wp-json\/wp\/v2\/product\/22557\/revisions"}],"predecessor-version":[{"id":22559,"href":"https:\/\/www.geigercars.de\/en\/wp-json\/wp\/v2\/product\/22557\/revisions\/22559"}],"wp:featuredmedia":[{"embeddable":true,"href":"https:\/\/www.geigercars.de\/en\/wp-json\/wp\/v2\/media\/22558"}],"wp:attachment":[{"href":"https:\/\/www.geigercars.de\/en\/wp-json\/wp\/v2\/media?parent=22557"}],"wp:term":[{"taxonomy":"product_brand","embeddable":true,"href":"https:\/\/www.geigercars.de\/en\/wp-json\/wp\/v2\/product_brand?post=22557"},{"taxonomy":"product_cat","embeddable":true,"href":"https:\/\/www.geigercars.de\/en\/wp-json\/wp\/v2\/product_cat?post=22557"},{"taxonomy":"product_tag","embeddable":true,"href":"https:\/\/www.geigercars.de\/en\/wp-json\/wp\/v2\/product_tag?post=22557"}],"curies":[{"name":"wp","href":"https:\/\/api.w.org\/{rel}","templated":true}]}}