{"id":22468,"date":"2026-04-10T11:51:39","date_gmt":"2026-04-10T09:51:39","guid":{"rendered":"https:\/\/www.geigercars.de\/?post_type=product&#038;p=22468"},"modified":"2026-04-10T11:55:33","modified_gmt":"2026-04-10T09:55:33","slug":"84400992-insulator-rear-wheel-cadillac-escalade","status":"publish","type":"product","link":"https:\/\/www.geigercars.de\/en\/product\/84400992-insulator-rear-wheel-cadillac-escalade","title":{"rendered":"84400992 INSULATOR REAR WHEEL CADILLAC ESCALADE"},"content":{"rendered":"<p>Hersteller: General Motors<\/p>\n<p>Teilenummer: 84400992<\/p>\n<p>&nbsp;<\/p>\n<div class=\"woocommerce-tabs wc-tabs-wrapper\">\n<div id=\"tab-description\" class=\"woocommerce-Tabs-panel woocommerce-Tabs-panel--description panel entry-content wc-tab\" role=\"tabpanel\" aria-labelledby=\"tab-title-description\">\n<h4>Suitable for vehicles:<\/h4>\n<p>Cadillac Escalade<\/p>\n<h5>YEARS OF CONSTRUCTION<\/h5>\n<p>2021-2024<\/p>\n<p>&nbsp;<\/p>\n<p>Note: All prices quoted are non-binding and subject to change. Subject to price changes and errors. Despite careful maintenance of our content, no guarantee can be given for the accuracy, completeness, or timeliness of the price information.<\/p>\n<\/div>\n<\/div>","protected":false},"excerpt":{"rendered":"<p>plus packaging and shipping<\/p>\n<p>Price without assembly<\/p>","protected":false},"featured_media":0,"template":"","meta":[],"product_brand":[],"product_cat":[431],"product_tag":[],"class_list":{"0":"post-22468","1":"product","2":"type-product","3":"status-publish","5":"product_cat-ersatzteile","7":"first","8":"instock","9":"taxable","10":"shipping-taxable","11":"purchasable","12":"product-type-simple"},"yoast_head":"<!-- This site is optimized with the Yoast SEO plugin v27.4 - https:\/\/yoast.com\/product\/yoast-seo-wordpress\/ -->\n<title>84400992 INSULATOR REAR WHEEL CADILLAC ESCALADE - Geigercars.de GmbH<\/title>\n<meta name=\"description\" content=\"Ihr zuverl\u00e4ssiger Partner f\u00fcr US-Car Ersatzteile. Wir f\u00fchren ein breites Sortiment an Originalteilen sowie gepr\u00fcften Aftermarket-L\u00f6sungen.\" \/>\n<meta name=\"robots\" content=\"index, follow, max-snippet:-1, max-image-preview:large, max-video-preview:-1\" \/>\n<link rel=\"canonical\" href=\"https:\/\/www.geigercars.de\/en\/product\/84400992-insulator-rear-wheel-cadillac-escalade\/\" \/>\n<meta property=\"og:locale\" content=\"en_US\" \/>\n<meta property=\"og:type\" content=\"article\" \/>\n<meta property=\"og:title\" content=\"84400992 INSULATOR REAR WHEEL CADILLAC ESCALADE - Geigercars.de GmbH\" \/>\n<meta property=\"og:description\" content=\"Ihr zuverl\u00e4ssiger Partner f\u00fcr US-Car Ersatzteile. Wir f\u00fchren ein breites Sortiment an Originalteilen sowie gepr\u00fcften Aftermarket-L\u00f6sungen.\" \/>\n<meta property=\"og:url\" content=\"https:\/\/www.geigercars.de\/en\/product\/84400992-insulator-rear-wheel-cadillac-escalade\/\" \/>\n<meta property=\"og:site_name\" content=\"Geigercars.de GmbH\" \/>\n<meta property=\"article:publisher\" content=\"https:\/\/www.facebook.com\/GeigerCars.de\/\" \/>\n<meta property=\"article:modified_time\" content=\"2026-04-10T09:55:33+00:00\" \/>\n<meta name=\"twitter:card\" content=\"summary_large_image\" \/>\n<meta name=\"twitter:label1\" content=\"Est. reading time\" \/>\n\t<meta name=\"twitter:data1\" content=\"1 minute\" \/>\n<script type=\"application\/ld+json\" class=\"yoast-schema-graph\">{\"@context\":\"https:\\\/\\\/schema.org\",\"@graph\":[{\"@type\":\"WebPage\",\"@id\":\"https:\\\/\\\/www.geigercars.de\\\/product\\\/84400992-insulator-rear-wheel-cadillac-escalade\\\/\",\"url\":\"https:\\\/\\\/www.geigercars.de\\\/product\\\/84400992-insulator-rear-wheel-cadillac-escalade\\\/\",\"name\":\"84400992 INSULATOR REAR WHEEL CADILLAC ESCALADE - Geigercars.de GmbH\",\"isPartOf\":{\"@id\":\"https:\\\/\\\/www.geigercars.de\\\/#website\"},\"datePublished\":\"2026-04-10T09:51:39+00:00\",\"dateModified\":\"2026-04-10T09:55:33+00:00\",\"description\":\"Ihr zuverl\u00e4ssiger Partner f\u00fcr US-Car Ersatzteile. Wir f\u00fchren ein breites Sortiment an Originalteilen sowie gepr\u00fcften Aftermarket-L\u00f6sungen.\",\"breadcrumb\":{\"@id\":\"https:\\\/\\\/www.geigercars.de\\\/product\\\/84400992-insulator-rear-wheel-cadillac-escalade\\\/#breadcrumb\"},\"inLanguage\":\"en-US\",\"potentialAction\":[{\"@type\":\"ReadAction\",\"target\":[\"https:\\\/\\\/www.geigercars.de\\\/product\\\/84400992-insulator-rear-wheel-cadillac-escalade\\\/\"]}]},{\"@type\":\"BreadcrumbList\",\"@id\":\"https:\\\/\\\/www.geigercars.de\\\/product\\\/84400992-insulator-rear-wheel-cadillac-escalade\\\/#breadcrumb\",\"itemListElement\":[{\"@type\":\"ListItem\",\"position\":1,\"name\":\"Startseite\",\"item\":\"https:\\\/\\\/www.geigercars.de\\\/\"},{\"@type\":\"ListItem\",\"position\":2,\"name\":\"Produkte\",\"item\":\"https:\\\/\\\/www.geigercars.de\\\/shop\\\/\"},{\"@type\":\"ListItem\",\"position\":3,\"name\":\"84400992 INSULATOR REAR WHEEL CADILLAC ESCALADE\"}]},{\"@type\":\"WebSite\",\"@id\":\"https:\\\/\\\/www.geigercars.de\\\/#website\",\"url\":\"https:\\\/\\\/www.geigercars.de\\\/\",\"name\":\"Geigercars.de\",\"description\":\"Home of US-Cars\",\"publisher\":{\"@id\":\"https:\\\/\\\/www.geigercars.de\\\/#organization\"},\"potentialAction\":[{\"@type\":\"SearchAction\",\"target\":{\"@type\":\"EntryPoint\",\"urlTemplate\":\"https:\\\/\\\/www.geigercars.de\\\/?s={search_term_string}\"},\"query-input\":{\"@type\":\"PropertyValueSpecification\",\"valueRequired\":true,\"valueName\":\"search_term_string\"}}],\"inLanguage\":\"en-US\"},{\"@type\":\"Organization\",\"@id\":\"https:\\\/\\\/www.geigercars.de\\\/#organization\",\"name\":\"Geigercars.de\",\"url\":\"https:\\\/\\\/www.geigercars.de\\\/\",\"logo\":{\"@type\":\"ImageObject\",\"inLanguage\":\"en-US\",\"@id\":\"https:\\\/\\\/www.geigercars.de\\\/#\\\/schema\\\/logo\\\/image\\\/\",\"url\":\"https:\\\/\\\/www.geigercars.de\\\/wp-content\\\/uploads\\\/2024\\\/03\\\/geigercars_logo.png\",\"contentUrl\":\"https:\\\/\\\/www.geigercars.de\\\/wp-content\\\/uploads\\\/2024\\\/03\\\/geigercars_logo.png\",\"width\":400,\"height\":52,\"caption\":\"Geigercars.de\"},\"image\":{\"@id\":\"https:\\\/\\\/www.geigercars.de\\\/#\\\/schema\\\/logo\\\/image\\\/\"},\"sameAs\":[\"https:\\\/\\\/www.facebook.com\\\/GeigerCars.de\\\/\",\"https:\\\/\\\/www.instagram.com\\\/geigercars\\\/\",\"https:\\\/\\\/www.youtube.com\\\/@geigercarsde_official\"]}]}<\/script>\n<!-- \/ Yoast SEO plugin. -->","yoast_head_json":{"title":"84400992 INSULATOR REAR WHEEL CADILLAC ESCALADE - Geigercars.de GmbH","description":"Ihr zuverl\u00e4ssiger Partner f\u00fcr US-Car Ersatzteile. Wir f\u00fchren ein breites Sortiment an Originalteilen sowie gepr\u00fcften Aftermarket-L\u00f6sungen.","robots":{"index":"index","follow":"follow","max-snippet":"max-snippet:-1","max-image-preview":"max-image-preview:large","max-video-preview":"max-video-preview:-1"},"canonical":"https:\/\/www.geigercars.de\/en\/product\/84400992-insulator-rear-wheel-cadillac-escalade\/","og_locale":"en_US","og_type":"article","og_title":"84400992 INSULATOR REAR WHEEL CADILLAC ESCALADE - Geigercars.de GmbH","og_description":"Ihr zuverl\u00e4ssiger Partner f\u00fcr US-Car Ersatzteile. Wir f\u00fchren ein breites Sortiment an Originalteilen sowie gepr\u00fcften Aftermarket-L\u00f6sungen.","og_url":"https:\/\/www.geigercars.de\/en\/product\/84400992-insulator-rear-wheel-cadillac-escalade\/","og_site_name":"Geigercars.de GmbH","article_publisher":"https:\/\/www.facebook.com\/GeigerCars.de\/","article_modified_time":"2026-04-10T09:55:33+00:00","twitter_card":"summary_large_image","twitter_misc":{"Est. reading time":"1 minute"},"schema":{"@context":"https:\/\/schema.org","@graph":[{"@type":"WebPage","@id":"https:\/\/www.geigercars.de\/product\/84400992-insulator-rear-wheel-cadillac-escalade\/","url":"https:\/\/www.geigercars.de\/product\/84400992-insulator-rear-wheel-cadillac-escalade\/","name":"84400992 INSULATOR REAR WHEEL CADILLAC ESCALADE - Geigercars.de GmbH","isPartOf":{"@id":"https:\/\/www.geigercars.de\/#website"},"datePublished":"2026-04-10T09:51:39+00:00","dateModified":"2026-04-10T09:55:33+00:00","description":"Ihr zuverl\u00e4ssiger Partner f\u00fcr US-Car Ersatzteile. Wir f\u00fchren ein breites Sortiment an Originalteilen sowie gepr\u00fcften Aftermarket-L\u00f6sungen.","breadcrumb":{"@id":"https:\/\/www.geigercars.de\/product\/84400992-insulator-rear-wheel-cadillac-escalade\/#breadcrumb"},"inLanguage":"en-US","potentialAction":[{"@type":"ReadAction","target":["https:\/\/www.geigercars.de\/product\/84400992-insulator-rear-wheel-cadillac-escalade\/"]}]},{"@type":"BreadcrumbList","@id":"https:\/\/www.geigercars.de\/product\/84400992-insulator-rear-wheel-cadillac-escalade\/#breadcrumb","itemListElement":[{"@type":"ListItem","position":1,"name":"Startseite","item":"https:\/\/www.geigercars.de\/"},{"@type":"ListItem","position":2,"name":"Produkte","item":"https:\/\/www.geigercars.de\/shop\/"},{"@type":"ListItem","position":3,"name":"84400992 INSULATOR REAR WHEEL CADILLAC ESCALADE"}]},{"@type":"WebSite","@id":"https:\/\/www.geigercars.de\/#website","url":"https:\/\/www.geigercars.de\/","name":"Geigercars.de","description":"Home of US Cars","publisher":{"@id":"https:\/\/www.geigercars.de\/#organization"},"potentialAction":[{"@type":"SearchAction","target":{"@type":"EntryPoint","urlTemplate":"https:\/\/www.geigercars.de\/?s={search_term_string}"},"query-input":{"@type":"PropertyValueSpecification","valueRequired":true,"valueName":"search_term_string"}}],"inLanguage":"en-US"},{"@type":"Organization","@id":"https:\/\/www.geigercars.de\/#organization","name":"Geigercars.de","url":"https:\/\/www.geigercars.de\/","logo":{"@type":"ImageObject","inLanguage":"en-US","@id":"https:\/\/www.geigercars.de\/#\/schema\/logo\/image\/","url":"https:\/\/www.geigercars.de\/wp-content\/uploads\/2024\/03\/geigercars_logo.png","contentUrl":"https:\/\/www.geigercars.de\/wp-content\/uploads\/2024\/03\/geigercars_logo.png","width":400,"height":52,"caption":"Geigercars.de"},"image":{"@id":"https:\/\/www.geigercars.de\/#\/schema\/logo\/image\/"},"sameAs":["https:\/\/www.facebook.com\/GeigerCars.de\/","https:\/\/www.instagram.com\/geigercars\/","https:\/\/www.youtube.com\/@geigercarsde_official"]}]}},"_links":{"self":[{"href":"https:\/\/www.geigercars.de\/en\/wp-json\/wp\/v2\/product\/22468","targetHints":{"allow":["GET"]}}],"collection":[{"href":"https:\/\/www.geigercars.de\/en\/wp-json\/wp\/v2\/product"}],"about":[{"href":"https:\/\/www.geigercars.de\/en\/wp-json\/wp\/v2\/types\/product"}],"version-history":[{"count":1,"href":"https:\/\/www.geigercars.de\/en\/wp-json\/wp\/v2\/product\/22468\/revisions"}],"predecessor-version":[{"id":22469,"href":"https:\/\/www.geigercars.de\/en\/wp-json\/wp\/v2\/product\/22468\/revisions\/22469"}],"wp:attachment":[{"href":"https:\/\/www.geigercars.de\/en\/wp-json\/wp\/v2\/media?parent=22468"}],"wp:term":[{"taxonomy":"product_brand","embeddable":true,"href":"https:\/\/www.geigercars.de\/en\/wp-json\/wp\/v2\/product_brand?post=22468"},{"taxonomy":"product_cat","embeddable":true,"href":"https:\/\/www.geigercars.de\/en\/wp-json\/wp\/v2\/product_cat?post=22468"},{"taxonomy":"product_tag","embeddable":true,"href":"https:\/\/www.geigercars.de\/en\/wp-json\/wp\/v2\/product_tag?post=22468"}],"curies":[{"name":"wp","href":"https:\/\/api.w.org\/{rel}","templated":true}]}}