{"id":22364,"date":"2026-03-27T08:58:37","date_gmt":"2026-03-27T07:58:37","guid":{"rendered":"https:\/\/www.geigercars.de\/?post_type=product&#038;p=22364"},"modified":"2026-03-27T09:11:26","modified_gmt":"2026-03-27T08:11:26","slug":"getriebeoelspuelung-camaro","status":"publish","type":"product","link":"https:\/\/www.geigercars.de\/en\/product\/getriebeoelspuelung-camaro","title":{"rendered":"Getriebe\u00f6lsp\u00fclung Camaro"},"content":{"rendered":"<h4><strong>Getriebe\u00f6lsp\u00fclung f\u00fcr US-Cars in M\u00fcnchen<\/strong><\/h4>\n<p>Die Automatikgetriebe\u00f6lsp\u00fclung wird nach Herstellervorgabe von Chevrolet durchgef\u00fchrt.<\/p>\n<p><strong>Produktinformationen:\u00a0<\/strong><\/p>\n<ul>\n<li>inkl. Getriebe\u00f6lfilter, Getriebe\u00f6lwannendichtung und Getriebe\u00f6l<\/li>\n<li>\u00d6lwechselsp\u00fclger\u00e4t Liqui Moly<\/li>\n<\/ul>\n<p>Das Getriebe\u00f6l eines Fahrzeuges unterliegt einem nat\u00fcrlichen Alterungs- und Verschlei\u00dfprozess.Durch hohe thermische Belastung, Druckverh\u00e4ltnisse und permanente Reibung entstehen feine Abriebpartikel, die sich im gesamten System ablagern; insbesondere in den sensiblen Hydraulikkan\u00e4len und Steuerventilen des Getriebes. Typische Symptome sind Ruckeln beim Schalten, sp\u00fcrbare Vibrationen sowie ungew\u00f6hnliche Ger\u00e4usche. Besonders im Anh\u00e4ngerbetrieb entsteht ein erh\u00f6hter Verschlei\u00df, der das Getriebe zus\u00e4tzlich belastet. Bei vielen Modellen \u2013 insbesondere z. B. beim Camaro \u2013 kann eine Getriebe\u00f6lsp\u00fclung zudem sogenanntes Wandlerruckeln (Shudder) deutlich reduzieren oder beseitigen. Der daraus entstehende Verschlei\u00df reduziert die Lebensdauer des Getriebes erheblich und kann im schlimmsten Fall zu einem Totalausfall f\u00fchren.<\/p>\n<p>Ein herk\u00f6mmlicher Getriebe\u00f6lwechsel reicht bei modernen Automatikgetrieben oftmals nicht aus, da sich teilweise weniger als die H\u00e4lfte des \u00d6ls in der \u00d6lwanne befindet. Daher sorgt eine Getriebe\u00f6lsp\u00fclung f\u00fcr einen nahezu vollst\u00e4ndigen \u00d6lwechsel. Der Prozess bewirkt, dass das alte \u00d6l im laufenden Betrieb durch frisches ersetzt und Ablagerungen werden effektiv entfernt.<\/p>\n<p data-start=\"468\" data-end=\"599\"><strong data-start=\"468\" data-end=\"599\">Result: <\/strong>In den meisten F\u00e4llen verbessert sich das Schaltverhalten sp\u00fcrbar; das Getriebe arbeitet wieder deutlich sauberer und ruhiger.<\/p>\n<p data-start=\"468\" data-end=\"599\"><strong>Optionally: <\/strong>R\u00fccksetzung der Getriebe-Adaptionen und erneutes Anlernen des Getriebes<\/p>\n<h4><\/h4>\n<h4>Suitable for vehicles:<\/h4>\n<p>Chevrolet Camaro<\/p>\n<p>&nbsp;<\/p>\n<div class=\"woocommerce-tabs wc-tabs-wrapper\">\n<div id=\"tab-description\" class=\"woocommerce-Tabs-panel woocommerce-Tabs-panel--description panel entry-content wc-tab\" role=\"tabpanel\" aria-labelledby=\"tab-title-description\">\n<div id=\"part-cars\">\n<p data-pm-slice=\"1 1 []\">Note: All prices quoted are non-binding and subject to change. Subject to price changes and errors. Despite careful maintenance of our content, no guarantee can be given for the accuracy, completeness, or timeliness of the price information.<\/p>\n<\/div>\n<\/div>\n<\/div>","protected":false},"excerpt":{"rendered":"<p>plus packaging and shipping<\/p>\n<p>Price including installation<\/p>","protected":false},"featured_media":22372,"template":"","meta":[],"product_brand":[],"product_cat":[182,122,413],"product_tag":[417,418,414,419,415,416],"class_list":{"0":"post-22364","1":"product","2":"type-product","3":"status-publish","4":"has-post-thumbnail","6":"product_cat-camaro","7":"product_cat-chevrolet","8":"product_cat-werkstattleistungen","9":"product_tag-camaro","10":"product_tag-getriebe","11":"product_tag-getriebeoelspuelung","12":"product_tag-getriebeoelwechsell","13":"product_tag-liqui-moly","14":"product_tag-us-cars","16":"first","17":"instock","18":"taxable","19":"shipping-taxable","20":"purchasable","21":"product-type-simple"},"yoast_head":"<!-- This site is optimized with the Yoast SEO plugin v27.5 - https:\/\/yoast.com\/product\/yoast-seo-wordpress\/ -->\n<title>Getriebe\u00f6lsp\u00fclung Camaro - Geigercars.de GmbH<\/title>\n<meta name=\"description\" content=\"Getriebe\u00f6lsp\u00fclung f\u00fcr US-Cars in M\u00fcnchen: F\u00fcr ein sp\u00fcrbar verbessertes Schaltverhalten des Camaros, sauberere Gangwechsel und einen ruhigeren Lauf Ihres Automatikgetriebes. Professioneller Service f\u00fcr maximale Performance und Langlebigkeit.\" \/>\n<meta name=\"robots\" content=\"index, follow, max-snippet:-1, max-image-preview:large, max-video-preview:-1\" \/>\n<link rel=\"canonical\" href=\"https:\/\/www.geigercars.de\/en\/product\/getriebeoelspuelung-camaro\/\" \/>\n<meta property=\"og:locale\" content=\"en_US\" \/>\n<meta property=\"og:type\" content=\"article\" \/>\n<meta property=\"og:title\" content=\"Getriebe\u00f6lsp\u00fclung Camaro - Geigercars.de GmbH\" \/>\n<meta property=\"og:description\" content=\"Getriebe\u00f6lsp\u00fclung f\u00fcr US-Cars in M\u00fcnchen: F\u00fcr ein sp\u00fcrbar verbessertes Schaltverhalten des Camaros, sauberere Gangwechsel und einen ruhigeren Lauf Ihres Automatikgetriebes. Professioneller Service f\u00fcr maximale Performance und Langlebigkeit.\" \/>\n<meta property=\"og:url\" content=\"https:\/\/www.geigercars.de\/en\/product\/getriebeoelspuelung-camaro\/\" \/>\n<meta property=\"og:site_name\" content=\"Geigercars.de GmbH\" \/>\n<meta property=\"article:publisher\" content=\"https:\/\/www.facebook.com\/GeigerCars.de\/\" \/>\n<meta property=\"article:modified_time\" content=\"2026-03-27T08:11:26+00:00\" \/>\n<meta property=\"og:image\" content=\"https:\/\/www.geigercars.de\/wp-content\/uploads\/2026\/03\/Getriebespulung-Camaro.png\" \/>\n\t<meta property=\"og:image:width\" content=\"1080\" \/>\n\t<meta property=\"og:image:height\" content=\"1080\" \/>\n\t<meta property=\"og:image:type\" content=\"image\/png\" \/>\n<meta name=\"twitter:card\" content=\"summary_large_image\" \/>\n<meta name=\"twitter:label1\" content=\"Est. reading time\" \/>\n\t<meta name=\"twitter:data1\" content=\"2 minutes\" \/>\n<script type=\"application\/ld+json\" class=\"yoast-schema-graph\">{\"@context\":\"https:\\\/\\\/schema.org\",\"@graph\":[{\"@type\":\"WebPage\",\"@id\":\"https:\\\/\\\/www.geigercars.de\\\/product\\\/getriebeoelspuelung-camaro\\\/\",\"url\":\"https:\\\/\\\/www.geigercars.de\\\/product\\\/getriebeoelspuelung-camaro\\\/\",\"name\":\"Getriebe\u00f6lsp\u00fclung Camaro - Geigercars.de GmbH\",\"isPartOf\":{\"@id\":\"https:\\\/\\\/www.geigercars.de\\\/#website\"},\"primaryImageOfPage\":{\"@id\":\"https:\\\/\\\/www.geigercars.de\\\/product\\\/getriebeoelspuelung-camaro\\\/#primaryimage\"},\"image\":{\"@id\":\"https:\\\/\\\/www.geigercars.de\\\/product\\\/getriebeoelspuelung-camaro\\\/#primaryimage\"},\"thumbnailUrl\":\"https:\\\/\\\/www.geigercars.de\\\/wp-content\\\/uploads\\\/2026\\\/03\\\/Getriebespulung-Camaro.png\",\"datePublished\":\"2026-03-27T07:58:37+00:00\",\"dateModified\":\"2026-03-27T08:11:26+00:00\",\"description\":\"Getriebe\u00f6lsp\u00fclung f\u00fcr US-Cars in M\u00fcnchen: F\u00fcr ein sp\u00fcrbar verbessertes Schaltverhalten des Camaros, sauberere Gangwechsel und einen ruhigeren Lauf Ihres Automatikgetriebes. Professioneller Service f\u00fcr maximale Performance und Langlebigkeit.\",\"breadcrumb\":{\"@id\":\"https:\\\/\\\/www.geigercars.de\\\/product\\\/getriebeoelspuelung-camaro\\\/#breadcrumb\"},\"inLanguage\":\"en-US\",\"potentialAction\":[{\"@type\":\"ReadAction\",\"target\":[\"https:\\\/\\\/www.geigercars.de\\\/product\\\/getriebeoelspuelung-camaro\\\/\"]}]},{\"@type\":\"ImageObject\",\"inLanguage\":\"en-US\",\"@id\":\"https:\\\/\\\/www.geigercars.de\\\/product\\\/getriebeoelspuelung-camaro\\\/#primaryimage\",\"url\":\"https:\\\/\\\/www.geigercars.de\\\/wp-content\\\/uploads\\\/2026\\\/03\\\/Getriebespulung-Camaro.png\",\"contentUrl\":\"https:\\\/\\\/www.geigercars.de\\\/wp-content\\\/uploads\\\/2026\\\/03\\\/Getriebespulung-Camaro.png\",\"width\":1080,\"height\":1080},{\"@type\":\"BreadcrumbList\",\"@id\":\"https:\\\/\\\/www.geigercars.de\\\/product\\\/getriebeoelspuelung-camaro\\\/#breadcrumb\",\"itemListElement\":[{\"@type\":\"ListItem\",\"position\":1,\"name\":\"Startseite\",\"item\":\"https:\\\/\\\/www.geigercars.de\\\/\"},{\"@type\":\"ListItem\",\"position\":2,\"name\":\"Produkte\",\"item\":\"https:\\\/\\\/www.geigercars.de\\\/shop\\\/\"},{\"@type\":\"ListItem\",\"position\":3,\"name\":\"Getriebe\u00f6lsp\u00fclung Camaro\"}]},{\"@type\":\"WebSite\",\"@id\":\"https:\\\/\\\/www.geigercars.de\\\/#website\",\"url\":\"https:\\\/\\\/www.geigercars.de\\\/\",\"name\":\"Geigercars.de\",\"description\":\"Home of US-Cars\",\"publisher\":{\"@id\":\"https:\\\/\\\/www.geigercars.de\\\/#organization\"},\"potentialAction\":[{\"@type\":\"SearchAction\",\"target\":{\"@type\":\"EntryPoint\",\"urlTemplate\":\"https:\\\/\\\/www.geigercars.de\\\/?s={search_term_string}\"},\"query-input\":{\"@type\":\"PropertyValueSpecification\",\"valueRequired\":true,\"valueName\":\"search_term_string\"}}],\"inLanguage\":\"en-US\"},{\"@type\":\"Organization\",\"@id\":\"https:\\\/\\\/www.geigercars.de\\\/#organization\",\"name\":\"Geigercars.de\",\"url\":\"https:\\\/\\\/www.geigercars.de\\\/\",\"logo\":{\"@type\":\"ImageObject\",\"inLanguage\":\"en-US\",\"@id\":\"https:\\\/\\\/www.geigercars.de\\\/#\\\/schema\\\/logo\\\/image\\\/\",\"url\":\"https:\\\/\\\/www.geigercars.de\\\/wp-content\\\/uploads\\\/2024\\\/03\\\/geigercars_logo.png\",\"contentUrl\":\"https:\\\/\\\/www.geigercars.de\\\/wp-content\\\/uploads\\\/2024\\\/03\\\/geigercars_logo.png\",\"width\":400,\"height\":52,\"caption\":\"Geigercars.de\"},\"image\":{\"@id\":\"https:\\\/\\\/www.geigercars.de\\\/#\\\/schema\\\/logo\\\/image\\\/\"},\"sameAs\":[\"https:\\\/\\\/www.facebook.com\\\/GeigerCars.de\\\/\",\"https:\\\/\\\/www.instagram.com\\\/geigercars\\\/\",\"https:\\\/\\\/www.youtube.com\\\/@geigercarsde_official\"]}]}<\/script>\n<!-- \/ Yoast SEO plugin. -->","yoast_head_json":{"title":"Getriebe\u00f6lsp\u00fclung Camaro - Geigercars.de GmbH","description":"Getriebe\u00f6lsp\u00fclung f\u00fcr US-Cars in M\u00fcnchen: F\u00fcr ein sp\u00fcrbar verbessertes Schaltverhalten des Camaros, sauberere Gangwechsel und einen ruhigeren Lauf Ihres Automatikgetriebes. Professioneller Service f\u00fcr maximale Performance und Langlebigkeit.","robots":{"index":"index","follow":"follow","max-snippet":"max-snippet:-1","max-image-preview":"max-image-preview:large","max-video-preview":"max-video-preview:-1"},"canonical":"https:\/\/www.geigercars.de\/en\/product\/getriebeoelspuelung-camaro\/","og_locale":"en_US","og_type":"article","og_title":"Getriebe\u00f6lsp\u00fclung Camaro - Geigercars.de GmbH","og_description":"Getriebe\u00f6lsp\u00fclung f\u00fcr US-Cars in M\u00fcnchen: F\u00fcr ein sp\u00fcrbar verbessertes Schaltverhalten des Camaros, sauberere Gangwechsel und einen ruhigeren Lauf Ihres Automatikgetriebes. Professioneller Service f\u00fcr maximale Performance und Langlebigkeit.","og_url":"https:\/\/www.geigercars.de\/en\/product\/getriebeoelspuelung-camaro\/","og_site_name":"Geigercars.de GmbH","article_publisher":"https:\/\/www.facebook.com\/GeigerCars.de\/","article_modified_time":"2026-03-27T08:11:26+00:00","og_image":[{"width":1080,"height":1080,"url":"https:\/\/www.geigercars.de\/wp-content\/uploads\/2026\/03\/Getriebespulung-Camaro.png","type":"image\/png"}],"twitter_card":"summary_large_image","twitter_misc":{"Est. reading time":"2 minutes"},"schema":{"@context":"https:\/\/schema.org","@graph":[{"@type":"WebPage","@id":"https:\/\/www.geigercars.de\/product\/getriebeoelspuelung-camaro\/","url":"https:\/\/www.geigercars.de\/product\/getriebeoelspuelung-camaro\/","name":"Getriebe\u00f6lsp\u00fclung Camaro - Geigercars.de GmbH","isPartOf":{"@id":"https:\/\/www.geigercars.de\/#website"},"primaryImageOfPage":{"@id":"https:\/\/www.geigercars.de\/product\/getriebeoelspuelung-camaro\/#primaryimage"},"image":{"@id":"https:\/\/www.geigercars.de\/product\/getriebeoelspuelung-camaro\/#primaryimage"},"thumbnailUrl":"https:\/\/www.geigercars.de\/wp-content\/uploads\/2026\/03\/Getriebespulung-Camaro.png","datePublished":"2026-03-27T07:58:37+00:00","dateModified":"2026-03-27T08:11:26+00:00","description":"Getriebe\u00f6lsp\u00fclung f\u00fcr US-Cars in M\u00fcnchen: F\u00fcr ein sp\u00fcrbar verbessertes Schaltverhalten des Camaros, sauberere Gangwechsel und einen ruhigeren Lauf Ihres Automatikgetriebes. Professioneller Service f\u00fcr maximale Performance und Langlebigkeit.","breadcrumb":{"@id":"https:\/\/www.geigercars.de\/product\/getriebeoelspuelung-camaro\/#breadcrumb"},"inLanguage":"en-US","potentialAction":[{"@type":"ReadAction","target":["https:\/\/www.geigercars.de\/product\/getriebeoelspuelung-camaro\/"]}]},{"@type":"ImageObject","inLanguage":"en-US","@id":"https:\/\/www.geigercars.de\/product\/getriebeoelspuelung-camaro\/#primaryimage","url":"https:\/\/www.geigercars.de\/wp-content\/uploads\/2026\/03\/Getriebespulung-Camaro.png","contentUrl":"https:\/\/www.geigercars.de\/wp-content\/uploads\/2026\/03\/Getriebespulung-Camaro.png","width":1080,"height":1080},{"@type":"BreadcrumbList","@id":"https:\/\/www.geigercars.de\/product\/getriebeoelspuelung-camaro\/#breadcrumb","itemListElement":[{"@type":"ListItem","position":1,"name":"Startseite","item":"https:\/\/www.geigercars.de\/"},{"@type":"ListItem","position":2,"name":"Produkte","item":"https:\/\/www.geigercars.de\/shop\/"},{"@type":"ListItem","position":3,"name":"Getriebe\u00f6lsp\u00fclung Camaro"}]},{"@type":"WebSite","@id":"https:\/\/www.geigercars.de\/#website","url":"https:\/\/www.geigercars.de\/","name":"Geigercars.de","description":"Home of US Cars","publisher":{"@id":"https:\/\/www.geigercars.de\/#organization"},"potentialAction":[{"@type":"SearchAction","target":{"@type":"EntryPoint","urlTemplate":"https:\/\/www.geigercars.de\/?s={search_term_string}"},"query-input":{"@type":"PropertyValueSpecification","valueRequired":true,"valueName":"search_term_string"}}],"inLanguage":"en-US"},{"@type":"Organization","@id":"https:\/\/www.geigercars.de\/#organization","name":"Geigercars.de","url":"https:\/\/www.geigercars.de\/","logo":{"@type":"ImageObject","inLanguage":"en-US","@id":"https:\/\/www.geigercars.de\/#\/schema\/logo\/image\/","url":"https:\/\/www.geigercars.de\/wp-content\/uploads\/2024\/03\/geigercars_logo.png","contentUrl":"https:\/\/www.geigercars.de\/wp-content\/uploads\/2024\/03\/geigercars_logo.png","width":400,"height":52,"caption":"Geigercars.de"},"image":{"@id":"https:\/\/www.geigercars.de\/#\/schema\/logo\/image\/"},"sameAs":["https:\/\/www.facebook.com\/GeigerCars.de\/","https:\/\/www.instagram.com\/geigercars\/","https:\/\/www.youtube.com\/@geigercarsde_official"]}]}},"_links":{"self":[{"href":"https:\/\/www.geigercars.de\/en\/wp-json\/wp\/v2\/product\/22364","targetHints":{"allow":["GET"]}}],"collection":[{"href":"https:\/\/www.geigercars.de\/en\/wp-json\/wp\/v2\/product"}],"about":[{"href":"https:\/\/www.geigercars.de\/en\/wp-json\/wp\/v2\/types\/product"}],"version-history":[{"count":1,"href":"https:\/\/www.geigercars.de\/en\/wp-json\/wp\/v2\/product\/22364\/revisions"}],"predecessor-version":[{"id":22365,"href":"https:\/\/www.geigercars.de\/en\/wp-json\/wp\/v2\/product\/22364\/revisions\/22365"}],"wp:featuredmedia":[{"embeddable":true,"href":"https:\/\/www.geigercars.de\/en\/wp-json\/wp\/v2\/media\/22372"}],"wp:attachment":[{"href":"https:\/\/www.geigercars.de\/en\/wp-json\/wp\/v2\/media?parent=22364"}],"wp:term":[{"taxonomy":"product_brand","embeddable":true,"href":"https:\/\/www.geigercars.de\/en\/wp-json\/wp\/v2\/product_brand?post=22364"},{"taxonomy":"product_cat","embeddable":true,"href":"https:\/\/www.geigercars.de\/en\/wp-json\/wp\/v2\/product_cat?post=22364"},{"taxonomy":"product_tag","embeddable":true,"href":"https:\/\/www.geigercars.de\/en\/wp-json\/wp\/v2\/product_tag?post=22364"}],"curies":[{"name":"wp","href":"https:\/\/api.w.org\/{rel}","templated":true}]}}