{"id":22335,"date":"2026-03-24T11:18:41","date_gmt":"2026-03-24T10:18:41","guid":{"rendered":"https:\/\/www.geigercars.de\/?post_type=product&#038;p=22335"},"modified":"2026-04-07T10:53:39","modified_gmt":"2026-04-07T08:53:39","slug":"geiger-klappenabgasanlage-corvette-c8-eray-z06-mittige-endrohre","status":"publish","type":"product","link":"https:\/\/www.geigercars.de\/en\/product\/geiger-klappenabgasanlage-corvette-c8-eray-z06-mittige-endrohre","title":{"rendered":"Geiger Klappenabgasanlage Corvette C8\/ ERay\/ Z06 Mittige Endrohre"},"content":{"rendered":"<p><strong>Produktinformationen:<\/strong><\/p>\n<ul>\n<li>Hochwertige Edelstahl-Abgasanlage mit kugelgestrahlter Oberfl\u00e4che<\/li>\n<li>Schwarz beschichtete Titan-Endblenden mit 100 mm Durchmesser<\/li>\n<li>Inklusive Hitzeschutzbleche f\u00fcr die originalen Partikelfilter<\/li>\n<li>Vier mittig angeordnete Endrohre nach Vorbild der C8 Z06 US-Version<\/li>\n<li data-section-id=\"1qjhiwd\" data-start=\"663\" data-end=\"760\">Original GM Heckdiffusor in Lackierung Carbon Flash<\/li>\n<li data-section-id=\"1ohacr\" data-start=\"761\" data-end=\"825\">Schwarz beschichtete Titan-Endblenden mit 100 mm Durchmesser<\/li>\n<li data-section-id=\"ywuild\" data-start=\"826\" data-end=\"910\">Beibehaltung der originalen Klappensteuerung durch \u00dcbernahme der OEM-Stellmotoren<\/li>\n<li data-section-id=\"gzjxan\" data-start=\"911\" data-end=\"1007\">Keine Zusatzsteuerger\u00e4te, keine Nachr\u00fcstverkabelung und kein zus\u00e4tzlicher Schalter notwendig<\/li>\n<li data-section-id=\"19u03m7\" data-start=\"1090\" data-end=\"1151\">Gewichtsvorteil von ca. 4,5 kg gegen\u00fcber der Serienanlage<\/li>\n<li data-section-id=\"1beqfhx\" data-start=\"1222\" data-end=\"1267\"><strong>Zulassung:<\/strong> EG-Typgenehmigung<\/li>\n<li data-section-id=\"1beqfhx\" data-start=\"1222\" data-end=\"1267\">zzgl. Montage von \u20ac 800,- inkl. MwSt.<\/li>\n<\/ul>\n<div class=\"woocommerce-tabs wc-tabs-wrapper\">\n<div id=\"tab-description\" class=\"woocommerce-Tabs-panel woocommerce-Tabs-panel--description panel entry-content wc-tab\" role=\"tabpanel\" aria-labelledby=\"tab-title-description\">\n<div>\n<div>\n<p><em>We would be happy to provide you with an individual quote for installation in our company.<\/em><\/p>\n<p>&nbsp;<\/p>\n<\/div>\n<h3 id=\"part-cars\">SUITABLE FOR VEHICLES:<\/h3>\n<\/div>\n<ul>\n<li>Corvette C8 Stingray<\/li>\n<li>Corvette C8 E-Ray<\/li>\n<li>Corvette C8 Z06<\/li>\n<\/ul>\n<p>&nbsp;<\/p>\n<p>Note: All prices quoted are non-binding and subject to change. Subject to price changes and errors. Despite careful maintenance of our content, no guarantee can be given for the accuracy, completeness, or timeliness of the price information.<\/p>\n<\/div>\n<\/div>\n<div id=\"cust_product_cont\" class=\"custom-content-section\">\n<div class=\"elementor elementor-10898\" data-elementor-type=\"section\" data-elementor-id=\"10898\" data-elementor-post-type=\"elementor_library\">\n<div class=\"elementor-element elementor-element-01e3e7e e-flex e-con-boxed e-con e-parent\" data-id=\"01e3e7e\" data-element_type=\"container\" data-e-type=\"container\">\n<div class=\"e-con-inner\">\n<div class=\"elementor-element elementor-element-fc47478 elementor-hidden-tablet elementor-hidden-mobile elementor-widget elementor-widget-spacer\" data-id=\"fc47478\" data-element_type=\"widget\" data-e-type=\"widget\" data-widget_type=\"spacer.default\">\n<div class=\"elementor-widget-container\">\n<div class=\"elementor-spacer\"><\/div>\n<\/div>\n<\/div>\n<\/div>\n<\/div>\n<\/div>\n<\/div>","protected":false},"excerpt":{"rendered":"<p>plus packaging and shipping<\/p>\n<p>Price without assembly<\/p>","protected":false},"featured_media":22416,"template":"","meta":[],"product_brand":[],"product_cat":[410,88,87,187],"product_tag":[],"class_list":{"0":"post-22335","1":"product","2":"type-product","3":"status-publish","4":"has-post-thumbnail","6":"product_cat-abgasanlage","7":"product_cat-c8","8":"product_cat-corvette","9":"product_cat-performance","11":"first","12":"instock","13":"taxable","14":"shipping-taxable","15":"purchasable","16":"product-type-simple"},"yoast_head":"<!-- This site is optimized with the Yoast SEO plugin v27.3 - https:\/\/yoast.com\/product\/yoast-seo-wordpress\/ -->\n<title>Geiger Klappenabgasanlage Corvette C8\/ ERay\/ Z06 Mittige Endrohre - Geigercars.de GmbH<\/title>\n<meta name=\"robots\" content=\"index, follow, max-snippet:-1, max-image-preview:large, max-video-preview:-1\" \/>\n<link rel=\"canonical\" href=\"https:\/\/www.geigercars.de\/en\/product\/geiger-klappenabgasanlage-corvette-c8-eray-z06-mittige-endrohre\/\" \/>\n<meta property=\"og:locale\" content=\"en_US\" \/>\n<meta property=\"og:type\" content=\"article\" \/>\n<meta property=\"og:title\" content=\"Geiger Klappenabgasanlage Corvette C8\/ ERay\/ Z06 Mittige Endrohre - Geigercars.de GmbH\" \/>\n<meta property=\"og:description\" content=\"zzgl. Verpackung und Versand  Preis ohne Montage\" \/>\n<meta property=\"og:url\" content=\"https:\/\/www.geigercars.de\/en\/product\/geiger-klappenabgasanlage-corvette-c8-eray-z06-mittige-endrohre\/\" \/>\n<meta property=\"og:site_name\" content=\"Geigercars.de GmbH\" \/>\n<meta property=\"article:publisher\" content=\"https:\/\/www.facebook.com\/GeigerCars.de\/\" \/>\n<meta property=\"article:modified_time\" content=\"2026-04-07T08:53:39+00:00\" \/>\n<meta property=\"og:image\" content=\"https:\/\/www.geigercars.de\/wp-content\/uploads\/2026\/03\/Heck-C8-Z06-Mitte.png\" \/>\n\t<meta property=\"og:image:width\" content=\"1080\" \/>\n\t<meta property=\"og:image:height\" content=\"1080\" \/>\n\t<meta property=\"og:image:type\" content=\"image\/png\" \/>\n<meta name=\"twitter:card\" content=\"summary_large_image\" \/>\n<meta name=\"twitter:label1\" content=\"Est. reading time\" \/>\n\t<meta name=\"twitter:data1\" content=\"1 minute\" \/>\n<script type=\"application\/ld+json\" class=\"yoast-schema-graph\">{\"@context\":\"https:\\\/\\\/schema.org\",\"@graph\":[{\"@type\":\"WebPage\",\"@id\":\"https:\\\/\\\/www.geigercars.de\\\/product\\\/geiger-klappenabgasanlage-corvette-c8-eray-z06-mittige-endrohre\\\/\",\"url\":\"https:\\\/\\\/www.geigercars.de\\\/product\\\/geiger-klappenabgasanlage-corvette-c8-eray-z06-mittige-endrohre\\\/\",\"name\":\"Geiger Klappenabgasanlage Corvette C8\\\/ ERay\\\/ Z06 Mittige Endrohre - Geigercars.de GmbH\",\"isPartOf\":{\"@id\":\"https:\\\/\\\/www.geigercars.de\\\/#website\"},\"primaryImageOfPage\":{\"@id\":\"https:\\\/\\\/www.geigercars.de\\\/product\\\/geiger-klappenabgasanlage-corvette-c8-eray-z06-mittige-endrohre\\\/#primaryimage\"},\"image\":{\"@id\":\"https:\\\/\\\/www.geigercars.de\\\/product\\\/geiger-klappenabgasanlage-corvette-c8-eray-z06-mittige-endrohre\\\/#primaryimage\"},\"thumbnailUrl\":\"https:\\\/\\\/www.geigercars.de\\\/wp-content\\\/uploads\\\/2026\\\/03\\\/Heck-C8-Z06-Mitte.png\",\"datePublished\":\"2026-03-24T10:18:41+00:00\",\"dateModified\":\"2026-04-07T08:53:39+00:00\",\"breadcrumb\":{\"@id\":\"https:\\\/\\\/www.geigercars.de\\\/product\\\/geiger-klappenabgasanlage-corvette-c8-eray-z06-mittige-endrohre\\\/#breadcrumb\"},\"inLanguage\":\"en-US\",\"potentialAction\":[{\"@type\":\"ReadAction\",\"target\":[\"https:\\\/\\\/www.geigercars.de\\\/product\\\/geiger-klappenabgasanlage-corvette-c8-eray-z06-mittige-endrohre\\\/\"]}]},{\"@type\":\"ImageObject\",\"inLanguage\":\"en-US\",\"@id\":\"https:\\\/\\\/www.geigercars.de\\\/product\\\/geiger-klappenabgasanlage-corvette-c8-eray-z06-mittige-endrohre\\\/#primaryimage\",\"url\":\"https:\\\/\\\/www.geigercars.de\\\/wp-content\\\/uploads\\\/2026\\\/03\\\/Heck-C8-Z06-Mitte.png\",\"contentUrl\":\"https:\\\/\\\/www.geigercars.de\\\/wp-content\\\/uploads\\\/2026\\\/03\\\/Heck-C8-Z06-Mitte.png\",\"width\":1080,\"height\":1080},{\"@type\":\"BreadcrumbList\",\"@id\":\"https:\\\/\\\/www.geigercars.de\\\/product\\\/geiger-klappenabgasanlage-corvette-c8-eray-z06-mittige-endrohre\\\/#breadcrumb\",\"itemListElement\":[{\"@type\":\"ListItem\",\"position\":1,\"name\":\"Startseite\",\"item\":\"https:\\\/\\\/www.geigercars.de\\\/\"},{\"@type\":\"ListItem\",\"position\":2,\"name\":\"Produkte\",\"item\":\"https:\\\/\\\/www.geigercars.de\\\/shop\\\/\"},{\"@type\":\"ListItem\",\"position\":3,\"name\":\"Geiger Klappenabgasanlage Corvette C8\\\/ ERay\\\/ Z06 Mittige Endrohre\"}]},{\"@type\":\"WebSite\",\"@id\":\"https:\\\/\\\/www.geigercars.de\\\/#website\",\"url\":\"https:\\\/\\\/www.geigercars.de\\\/\",\"name\":\"Geigercars.de\",\"description\":\"Home of US-Cars\",\"publisher\":{\"@id\":\"https:\\\/\\\/www.geigercars.de\\\/#organization\"},\"potentialAction\":[{\"@type\":\"SearchAction\",\"target\":{\"@type\":\"EntryPoint\",\"urlTemplate\":\"https:\\\/\\\/www.geigercars.de\\\/?s={search_term_string}\"},\"query-input\":{\"@type\":\"PropertyValueSpecification\",\"valueRequired\":true,\"valueName\":\"search_term_string\"}}],\"inLanguage\":\"en-US\"},{\"@type\":\"Organization\",\"@id\":\"https:\\\/\\\/www.geigercars.de\\\/#organization\",\"name\":\"Geigercars.de\",\"url\":\"https:\\\/\\\/www.geigercars.de\\\/\",\"logo\":{\"@type\":\"ImageObject\",\"inLanguage\":\"en-US\",\"@id\":\"https:\\\/\\\/www.geigercars.de\\\/#\\\/schema\\\/logo\\\/image\\\/\",\"url\":\"https:\\\/\\\/www.geigercars.de\\\/wp-content\\\/uploads\\\/2024\\\/03\\\/geigercars_logo.png\",\"contentUrl\":\"https:\\\/\\\/www.geigercars.de\\\/wp-content\\\/uploads\\\/2024\\\/03\\\/geigercars_logo.png\",\"width\":400,\"height\":52,\"caption\":\"Geigercars.de\"},\"image\":{\"@id\":\"https:\\\/\\\/www.geigercars.de\\\/#\\\/schema\\\/logo\\\/image\\\/\"},\"sameAs\":[\"https:\\\/\\\/www.facebook.com\\\/GeigerCars.de\\\/\",\"https:\\\/\\\/www.instagram.com\\\/geigercars\\\/\",\"https:\\\/\\\/www.youtube.com\\\/@geigercarsde_official\"]}]}<\/script>\n<!-- \/ Yoast SEO plugin. -->","yoast_head_json":{"title":"Geiger Klappenabgasanlage Corvette C8\/ ERay\/ Z06 Mittige Endrohre - Geigercars.de GmbH","robots":{"index":"index","follow":"follow","max-snippet":"max-snippet:-1","max-image-preview":"max-image-preview:large","max-video-preview":"max-video-preview:-1"},"canonical":"https:\/\/www.geigercars.de\/en\/product\/geiger-klappenabgasanlage-corvette-c8-eray-z06-mittige-endrohre\/","og_locale":"en_US","og_type":"article","og_title":"Geiger Klappenabgasanlage Corvette C8\/ ERay\/ Z06 Mittige Endrohre - Geigercars.de GmbH","og_description":"zzgl. Verpackung und Versand  Preis ohne Montage","og_url":"https:\/\/www.geigercars.de\/en\/product\/geiger-klappenabgasanlage-corvette-c8-eray-z06-mittige-endrohre\/","og_site_name":"Geigercars.de GmbH","article_publisher":"https:\/\/www.facebook.com\/GeigerCars.de\/","article_modified_time":"2026-04-07T08:53:39+00:00","og_image":[{"width":1080,"height":1080,"url":"https:\/\/www.geigercars.de\/wp-content\/uploads\/2026\/03\/Heck-C8-Z06-Mitte.png","type":"image\/png"}],"twitter_card":"summary_large_image","twitter_misc":{"Est. reading time":"1 minute"},"schema":{"@context":"https:\/\/schema.org","@graph":[{"@type":"WebPage","@id":"https:\/\/www.geigercars.de\/product\/geiger-klappenabgasanlage-corvette-c8-eray-z06-mittige-endrohre\/","url":"https:\/\/www.geigercars.de\/product\/geiger-klappenabgasanlage-corvette-c8-eray-z06-mittige-endrohre\/","name":"Geiger Klappenabgasanlage Corvette C8\/ ERay\/ Z06 Mittige Endrohre - Geigercars.de GmbH","isPartOf":{"@id":"https:\/\/www.geigercars.de\/#website"},"primaryImageOfPage":{"@id":"https:\/\/www.geigercars.de\/product\/geiger-klappenabgasanlage-corvette-c8-eray-z06-mittige-endrohre\/#primaryimage"},"image":{"@id":"https:\/\/www.geigercars.de\/product\/geiger-klappenabgasanlage-corvette-c8-eray-z06-mittige-endrohre\/#primaryimage"},"thumbnailUrl":"https:\/\/www.geigercars.de\/wp-content\/uploads\/2026\/03\/Heck-C8-Z06-Mitte.png","datePublished":"2026-03-24T10:18:41+00:00","dateModified":"2026-04-07T08:53:39+00:00","breadcrumb":{"@id":"https:\/\/www.geigercars.de\/product\/geiger-klappenabgasanlage-corvette-c8-eray-z06-mittige-endrohre\/#breadcrumb"},"inLanguage":"en-US","potentialAction":[{"@type":"ReadAction","target":["https:\/\/www.geigercars.de\/product\/geiger-klappenabgasanlage-corvette-c8-eray-z06-mittige-endrohre\/"]}]},{"@type":"ImageObject","inLanguage":"en-US","@id":"https:\/\/www.geigercars.de\/product\/geiger-klappenabgasanlage-corvette-c8-eray-z06-mittige-endrohre\/#primaryimage","url":"https:\/\/www.geigercars.de\/wp-content\/uploads\/2026\/03\/Heck-C8-Z06-Mitte.png","contentUrl":"https:\/\/www.geigercars.de\/wp-content\/uploads\/2026\/03\/Heck-C8-Z06-Mitte.png","width":1080,"height":1080},{"@type":"BreadcrumbList","@id":"https:\/\/www.geigercars.de\/product\/geiger-klappenabgasanlage-corvette-c8-eray-z06-mittige-endrohre\/#breadcrumb","itemListElement":[{"@type":"ListItem","position":1,"name":"Startseite","item":"https:\/\/www.geigercars.de\/"},{"@type":"ListItem","position":2,"name":"Produkte","item":"https:\/\/www.geigercars.de\/shop\/"},{"@type":"ListItem","position":3,"name":"Geiger Klappenabgasanlage Corvette C8\/ ERay\/ Z06 Mittige Endrohre"}]},{"@type":"WebSite","@id":"https:\/\/www.geigercars.de\/#website","url":"https:\/\/www.geigercars.de\/","name":"Geigercars.de","description":"Home of US Cars","publisher":{"@id":"https:\/\/www.geigercars.de\/#organization"},"potentialAction":[{"@type":"SearchAction","target":{"@type":"EntryPoint","urlTemplate":"https:\/\/www.geigercars.de\/?s={search_term_string}"},"query-input":{"@type":"PropertyValueSpecification","valueRequired":true,"valueName":"search_term_string"}}],"inLanguage":"en-US"},{"@type":"Organization","@id":"https:\/\/www.geigercars.de\/#organization","name":"Geigercars.de","url":"https:\/\/www.geigercars.de\/","logo":{"@type":"ImageObject","inLanguage":"en-US","@id":"https:\/\/www.geigercars.de\/#\/schema\/logo\/image\/","url":"https:\/\/www.geigercars.de\/wp-content\/uploads\/2024\/03\/geigercars_logo.png","contentUrl":"https:\/\/www.geigercars.de\/wp-content\/uploads\/2024\/03\/geigercars_logo.png","width":400,"height":52,"caption":"Geigercars.de"},"image":{"@id":"https:\/\/www.geigercars.de\/#\/schema\/logo\/image\/"},"sameAs":["https:\/\/www.facebook.com\/GeigerCars.de\/","https:\/\/www.instagram.com\/geigercars\/","https:\/\/www.youtube.com\/@geigercarsde_official"]}]}},"_links":{"self":[{"href":"https:\/\/www.geigercars.de\/en\/wp-json\/wp\/v2\/product\/22335","targetHints":{"allow":["GET"]}}],"collection":[{"href":"https:\/\/www.geigercars.de\/en\/wp-json\/wp\/v2\/product"}],"about":[{"href":"https:\/\/www.geigercars.de\/en\/wp-json\/wp\/v2\/types\/product"}],"version-history":[{"count":1,"href":"https:\/\/www.geigercars.de\/en\/wp-json\/wp\/v2\/product\/22335\/revisions"}],"predecessor-version":[{"id":22338,"href":"https:\/\/www.geigercars.de\/en\/wp-json\/wp\/v2\/product\/22335\/revisions\/22338"}],"wp:featuredmedia":[{"embeddable":true,"href":"https:\/\/www.geigercars.de\/en\/wp-json\/wp\/v2\/media\/22416"}],"wp:attachment":[{"href":"https:\/\/www.geigercars.de\/en\/wp-json\/wp\/v2\/media?parent=22335"}],"wp:term":[{"taxonomy":"product_brand","embeddable":true,"href":"https:\/\/www.geigercars.de\/en\/wp-json\/wp\/v2\/product_brand?post=22335"},{"taxonomy":"product_cat","embeddable":true,"href":"https:\/\/www.geigercars.de\/en\/wp-json\/wp\/v2\/product_cat?post=22335"},{"taxonomy":"product_tag","embeddable":true,"href":"https:\/\/www.geigercars.de\/en\/wp-json\/wp\/v2\/product_tag?post=22335"}],"curies":[{"name":"wp","href":"https:\/\/api.w.org\/{rel}","templated":true}]}}