{"id":22308,"date":"2026-03-24T10:26:14","date_gmt":"2026-03-24T09:26:14","guid":{"rendered":"https:\/\/www.geigercars.de\/?post_type=product&#038;p=22308"},"modified":"2026-03-30T14:22:44","modified_gmt":"2026-03-30T12:22:44","slug":"sprint-filter-sportluftfilter-corvette-c8-p08","status":"publish","type":"product","link":"https:\/\/www.geigercars.de\/en\/product\/sprint-filter-sportluftfilter-corvette-c8-p08","title":{"rendered":"Sprint Filter Sportluftfilter Corvette C8 P08"},"content":{"rendered":"<div id=\"part-teaser\">\n<p><strong>Produktinformationen:<\/strong><\/p>\n<section class=\"text-token-text-primary w-full focus:outline-none [--shadow-height:45px] has-data-writing-block:pointer-events-none has-data-writing-block:-mt-(--shadow-height) has-data-writing-block:pt-(--shadow-height) [&amp;:has([data-writing-block])&gt;*]:pointer-events-auto scroll-mt-(--header-height)\" dir=\"auto\" data-turn-id=\"e0648e76-8c0d-488f-a7c7-8b1dc6c9ff73\" data-testid=\"conversation-turn-1\" data-scroll-anchor=\"false\" data-turn=\"user\"><\/section>\n<section class=\"text-token-text-primary w-full focus:outline-none [--shadow-height:45px] has-data-writing-block:pointer-events-none has-data-writing-block:-mt-(--shadow-height) has-data-writing-block:pt-(--shadow-height) [&amp;:has([data-writing-block])&gt;*]:pointer-events-auto scroll-mt-[calc(var(--header-height)+min(200px,max(70px,20svh)))]\" dir=\"auto\" data-turn-id=\"request-WEB:21ef1e76-ad63-48e7-8624-c5cee51f1abf-0\" data-testid=\"conversation-turn-2\" data-scroll-anchor=\"true\" data-turn=\"assistant\">\n<div class=\"text-base my-auto mx-auto pb-10 [--thread-content-margin:var(--thread-content-margin-xs,calc(var(--spacing)*4))] @w-sm\/main:[--thread-content-margin:var(--thread-content-margin-sm,calc(var(--spacing)*6))] @w-lg\/main:[--thread-content-margin:var(--thread-content-margin-lg,calc(var(--spacing)*16))] px-(--thread-content-margin)\">\n<div class=\"[--thread-content-max-width:40rem] @w-lg\/main:[--thread-content-max-width:48rem] mx-auto max-w-(--thread-content-max-width) flex-1 group\/turn-messages focus-visible:outline-hidden relative flex w-full min-w-0 flex-col agent-turn\">\n<div class=\"flex max-w-full flex-col gap-4 grow\">\n<div class=\"min-h-8 text-message relative flex w-full flex-col items-end gap-2 text-start break-words whitespace-normal outline-none keyboard-focused:focus-ring [.text-message+&amp;]:mt-1\" dir=\"auto\" data-message-author-role=\"assistant\" data-message-id=\"936fc15a-1a3c-4514-9739-4d10237370f0\" data-message-model-slug=\"gpt-5-3\" data-turn-start-message=\"true\">\n<div class=\"flex w-full flex-col gap-1 empty:hidden\">\n<div class=\"markdown prose dark:prose-invert w-full wrap-break-word light markdown-new-styling\">\n<ul data-start=\"0\" data-end=\"397\" data-is-last-node=\"\" data-is-only-node=\"\">\n<li data-section-id=\"uggefz\" data-start=\"0\" data-end=\"91\"><strong>Sprint Filter P08<\/strong> ist f\u00fcr Stra\u00dfe, Alltag und sportliche Eins\u00e4tze gemacht.<\/li>\n<li>Trotz hoher Filterleistung bietet er sehr guten Luftdurchsatz.<\/li>\n<li data-section-id=\"1cesv6n\" data-start=\"92\" data-end=\"166\">Ideal f\u00fcr stra\u00dfenzugelassene Fahrzeuge und gelegentliche Trackdays.<\/li>\n<li data-section-id=\"fv1yph\" data-start=\"238\" data-end=\"325\">Die Reinigung ist einfach: ausbauen, mit Druckluft ausblasen, wieder einsetzen.<\/li>\n<li data-section-id=\"1t4js9f\" data-start=\"326\" data-end=\"397\" data-is-last-node=\"\">Das Polyester-Material ist langlebig und nahezu wartungsfrei.<\/li>\n<\/ul>\n<\/div>\n<\/div>\n<\/div>\n<\/div>\n<\/div>\n<\/div>\n<\/section>\n<p>&nbsp;<\/p>\n<p><em>Gerne erstellen wir Ihnen ein individuelles Angebot f\u00fcr die Montage in unserem Haus.<\/em><\/p>\n<p>&nbsp;<\/p>\n<h4>Passend f\u00fcr Fahrzeuge:<\/h4>\n<\/div>\n<div id=\"part-cars\">\n<ul>\n<li><span class=\"make\">Chevrolet Corvette <\/span><span class=\"model\">C8 &#8211; 2020<\/span><\/li>\n<\/ul>\n<p>&nbsp;<\/p>\n<p>Hinweis: Alle angegebenen Preise sind unverbindlich und freibleibend. Preis\u00e4nderungen und Irrt\u00fcmer vorbehalten. Trotz sorgf\u00e4ltiger Pflege unserer Inhalte kann keine Gew\u00e4hr f\u00fcr die Richtigkeit, Vollst\u00e4ndigkeit und Aktualit\u00e4t der Preisangaben \u00fcbernommen werden.<\/p>\n<\/div>\n","protected":false},"excerpt":{"rendered":"<p>Produktinformationen: Sprint Filter P08 ist f\u00fcr Stra\u00dfe, Alltag und sportliche Eins\u00e4tze gemacht. Trotz hoher Filterleistung bietet er sehr guten Luftdurchsatz. Ideal f\u00fcr stra\u00dfenzugelassene Fahrzeuge und gelegentliche Trackdays. Die Reinigung ist einfach: ausbauen, mit Druckluft ausblasen, wieder einsetzen. Das Polyester-Material ist langlebig und nahezu wartungsfrei. &nbsp; Gerne erstellen wir Ihnen ein individuelles Angebot f\u00fcr die Montage [&hellip;]<\/p>\n","protected":false},"featured_media":22309,"template":"","meta":[],"product_brand":[],"product_cat":[88,87,187],"product_tag":[],"class_list":{"0":"post-22308","1":"product","2":"type-product","3":"status-publish","4":"has-post-thumbnail","6":"product_cat-c8","7":"product_cat-corvette","8":"product_cat-performance","10":"first","11":"instock","12":"downloadable","13":"taxable","14":"shipping-taxable","15":"purchasable","16":"product-type-simple"},"yoast_head":"<!-- This site is optimized with the Yoast SEO plugin v27.5 - https:\/\/yoast.com\/product\/yoast-seo-wordpress\/ -->\n<title>Sprint Filter Sportluftfilter Corvette C8 P08 - Geigercars.de GmbH<\/title>\n<meta name=\"robots\" content=\"index, follow, max-snippet:-1, max-image-preview:large, max-video-preview:-1\" \/>\n<link rel=\"canonical\" href=\"https:\/\/www.geigercars.de\/en\/product\/sprint-filter-sportluftfilter-corvette-c8-p08\/\" \/>\n<meta property=\"og:locale\" content=\"en_US\" \/>\n<meta property=\"og:type\" content=\"article\" \/>\n<meta property=\"og:title\" content=\"Sprint Filter Sportluftfilter Corvette C8 P08 - Geigercars.de GmbH\" \/>\n<meta property=\"og:description\" content=\"Produktinformationen: Sprint Filter P08 ist f\u00fcr Stra\u00dfe, Alltag und sportliche Eins\u00e4tze gemacht. Trotz hoher Filterleistung bietet er sehr guten Luftdurchsatz. Ideal f\u00fcr stra\u00dfenzugelassene Fahrzeuge und gelegentliche Trackdays. Die Reinigung ist einfach: ausbauen, mit Druckluft ausblasen, wieder einsetzen. Das Polyester-Material ist langlebig und nahezu wartungsfrei. &nbsp; Gerne erstellen wir Ihnen ein individuelles Angebot f\u00fcr die Montage [&hellip;]\" \/>\n<meta property=\"og:url\" content=\"https:\/\/www.geigercars.de\/en\/product\/sprint-filter-sportluftfilter-corvette-c8-p08\/\" \/>\n<meta property=\"og:site_name\" content=\"Geigercars.de GmbH\" \/>\n<meta property=\"article:publisher\" content=\"https:\/\/www.facebook.com\/GeigerCars.de\/\" \/>\n<meta property=\"article:modified_time\" content=\"2026-03-30T12:22:44+00:00\" \/>\n<meta property=\"og:image\" content=\"https:\/\/www.geigercars.de\/wp-content\/uploads\/2026\/03\/Sprintfilter-C1227S-Standart.png\" \/>\n\t<meta property=\"og:image:width\" content=\"1080\" \/>\n\t<meta property=\"og:image:height\" content=\"1080\" \/>\n\t<meta property=\"og:image:type\" content=\"image\/png\" \/>\n<meta name=\"twitter:card\" content=\"summary_large_image\" \/>\n<meta name=\"twitter:label1\" content=\"Est. reading time\" \/>\n\t<meta name=\"twitter:data1\" content=\"1 minute\" \/>\n<script type=\"application\/ld+json\" class=\"yoast-schema-graph\">{\"@context\":\"https:\\\/\\\/schema.org\",\"@graph\":[{\"@type\":\"WebPage\",\"@id\":\"https:\\\/\\\/www.geigercars.de\\\/product\\\/sprint-filter-sportluftfilter-corvette-c8-p08\\\/\",\"url\":\"https:\\\/\\\/www.geigercars.de\\\/product\\\/sprint-filter-sportluftfilter-corvette-c8-p08\\\/\",\"name\":\"Sprint Filter Sportluftfilter Corvette C8 P08 - Geigercars.de GmbH\",\"isPartOf\":{\"@id\":\"https:\\\/\\\/www.geigercars.de\\\/#website\"},\"primaryImageOfPage\":{\"@id\":\"https:\\\/\\\/www.geigercars.de\\\/product\\\/sprint-filter-sportluftfilter-corvette-c8-p08\\\/#primaryimage\"},\"image\":{\"@id\":\"https:\\\/\\\/www.geigercars.de\\\/product\\\/sprint-filter-sportluftfilter-corvette-c8-p08\\\/#primaryimage\"},\"thumbnailUrl\":\"https:\\\/\\\/www.geigercars.de\\\/wp-content\\\/uploads\\\/2026\\\/03\\\/Sprintfilter-C1227S-Standart.png\",\"datePublished\":\"2026-03-24T09:26:14+00:00\",\"dateModified\":\"2026-03-30T12:22:44+00:00\",\"breadcrumb\":{\"@id\":\"https:\\\/\\\/www.geigercars.de\\\/product\\\/sprint-filter-sportluftfilter-corvette-c8-p08\\\/#breadcrumb\"},\"inLanguage\":\"en-US\",\"potentialAction\":[{\"@type\":\"ReadAction\",\"target\":[\"https:\\\/\\\/www.geigercars.de\\\/product\\\/sprint-filter-sportluftfilter-corvette-c8-p08\\\/\"]}]},{\"@type\":\"ImageObject\",\"inLanguage\":\"en-US\",\"@id\":\"https:\\\/\\\/www.geigercars.de\\\/product\\\/sprint-filter-sportluftfilter-corvette-c8-p08\\\/#primaryimage\",\"url\":\"https:\\\/\\\/www.geigercars.de\\\/wp-content\\\/uploads\\\/2026\\\/03\\\/Sprintfilter-C1227S-Standart.png\",\"contentUrl\":\"https:\\\/\\\/www.geigercars.de\\\/wp-content\\\/uploads\\\/2026\\\/03\\\/Sprintfilter-C1227S-Standart.png\",\"width\":1080,\"height\":1080},{\"@type\":\"BreadcrumbList\",\"@id\":\"https:\\\/\\\/www.geigercars.de\\\/product\\\/sprint-filter-sportluftfilter-corvette-c8-p08\\\/#breadcrumb\",\"itemListElement\":[{\"@type\":\"ListItem\",\"position\":1,\"name\":\"Startseite\",\"item\":\"https:\\\/\\\/www.geigercars.de\\\/\"},{\"@type\":\"ListItem\",\"position\":2,\"name\":\"Produkte\",\"item\":\"https:\\\/\\\/www.geigercars.de\\\/shop\\\/\"},{\"@type\":\"ListItem\",\"position\":3,\"name\":\"Sprint Filter Sportluftfilter Corvette C8 P08\"}]},{\"@type\":\"WebSite\",\"@id\":\"https:\\\/\\\/www.geigercars.de\\\/#website\",\"url\":\"https:\\\/\\\/www.geigercars.de\\\/\",\"name\":\"Geigercars.de\",\"description\":\"Home of US-Cars\",\"publisher\":{\"@id\":\"https:\\\/\\\/www.geigercars.de\\\/#organization\"},\"potentialAction\":[{\"@type\":\"SearchAction\",\"target\":{\"@type\":\"EntryPoint\",\"urlTemplate\":\"https:\\\/\\\/www.geigercars.de\\\/?s={search_term_string}\"},\"query-input\":{\"@type\":\"PropertyValueSpecification\",\"valueRequired\":true,\"valueName\":\"search_term_string\"}}],\"inLanguage\":\"en-US\"},{\"@type\":\"Organization\",\"@id\":\"https:\\\/\\\/www.geigercars.de\\\/#organization\",\"name\":\"Geigercars.de\",\"url\":\"https:\\\/\\\/www.geigercars.de\\\/\",\"logo\":{\"@type\":\"ImageObject\",\"inLanguage\":\"en-US\",\"@id\":\"https:\\\/\\\/www.geigercars.de\\\/#\\\/schema\\\/logo\\\/image\\\/\",\"url\":\"https:\\\/\\\/www.geigercars.de\\\/wp-content\\\/uploads\\\/2024\\\/03\\\/geigercars_logo.png\",\"contentUrl\":\"https:\\\/\\\/www.geigercars.de\\\/wp-content\\\/uploads\\\/2024\\\/03\\\/geigercars_logo.png\",\"width\":400,\"height\":52,\"caption\":\"Geigercars.de\"},\"image\":{\"@id\":\"https:\\\/\\\/www.geigercars.de\\\/#\\\/schema\\\/logo\\\/image\\\/\"},\"sameAs\":[\"https:\\\/\\\/www.facebook.com\\\/GeigerCars.de\\\/\",\"https:\\\/\\\/www.instagram.com\\\/geigercars\\\/\",\"https:\\\/\\\/www.youtube.com\\\/@geigercarsde_official\"]}]}<\/script>\n<!-- \/ Yoast SEO plugin. -->","yoast_head_json":{"title":"Sprint Filter Sportluftfilter Corvette C8 P08 - Geigercars.de GmbH","robots":{"index":"index","follow":"follow","max-snippet":"max-snippet:-1","max-image-preview":"max-image-preview:large","max-video-preview":"max-video-preview:-1"},"canonical":"https:\/\/www.geigercars.de\/en\/product\/sprint-filter-sportluftfilter-corvette-c8-p08\/","og_locale":"en_US","og_type":"article","og_title":"Sprint Filter Sportluftfilter Corvette C8 P08 - Geigercars.de GmbH","og_description":"Produktinformationen: Sprint Filter P08 ist f\u00fcr Stra\u00dfe, Alltag und sportliche Eins\u00e4tze gemacht. Trotz hoher Filterleistung bietet er sehr guten Luftdurchsatz. Ideal f\u00fcr stra\u00dfenzugelassene Fahrzeuge und gelegentliche Trackdays. Die Reinigung ist einfach: ausbauen, mit Druckluft ausblasen, wieder einsetzen. Das Polyester-Material ist langlebig und nahezu wartungsfrei. &nbsp; Gerne erstellen wir Ihnen ein individuelles Angebot f\u00fcr die Montage [&hellip;]","og_url":"https:\/\/www.geigercars.de\/en\/product\/sprint-filter-sportluftfilter-corvette-c8-p08\/","og_site_name":"Geigercars.de GmbH","article_publisher":"https:\/\/www.facebook.com\/GeigerCars.de\/","article_modified_time":"2026-03-30T12:22:44+00:00","og_image":[{"width":1080,"height":1080,"url":"https:\/\/www.geigercars.de\/wp-content\/uploads\/2026\/03\/Sprintfilter-C1227S-Standart.png","type":"image\/png"}],"twitter_card":"summary_large_image","twitter_misc":{"Est. reading time":"1 minute"},"schema":{"@context":"https:\/\/schema.org","@graph":[{"@type":"WebPage","@id":"https:\/\/www.geigercars.de\/product\/sprint-filter-sportluftfilter-corvette-c8-p08\/","url":"https:\/\/www.geigercars.de\/product\/sprint-filter-sportluftfilter-corvette-c8-p08\/","name":"Sprint Filter Sportluftfilter Corvette C8 P08 - Geigercars.de GmbH","isPartOf":{"@id":"https:\/\/www.geigercars.de\/#website"},"primaryImageOfPage":{"@id":"https:\/\/www.geigercars.de\/product\/sprint-filter-sportluftfilter-corvette-c8-p08\/#primaryimage"},"image":{"@id":"https:\/\/www.geigercars.de\/product\/sprint-filter-sportluftfilter-corvette-c8-p08\/#primaryimage"},"thumbnailUrl":"https:\/\/www.geigercars.de\/wp-content\/uploads\/2026\/03\/Sprintfilter-C1227S-Standart.png","datePublished":"2026-03-24T09:26:14+00:00","dateModified":"2026-03-30T12:22:44+00:00","breadcrumb":{"@id":"https:\/\/www.geigercars.de\/product\/sprint-filter-sportluftfilter-corvette-c8-p08\/#breadcrumb"},"inLanguage":"en-US","potentialAction":[{"@type":"ReadAction","target":["https:\/\/www.geigercars.de\/product\/sprint-filter-sportluftfilter-corvette-c8-p08\/"]}]},{"@type":"ImageObject","inLanguage":"en-US","@id":"https:\/\/www.geigercars.de\/product\/sprint-filter-sportluftfilter-corvette-c8-p08\/#primaryimage","url":"https:\/\/www.geigercars.de\/wp-content\/uploads\/2026\/03\/Sprintfilter-C1227S-Standart.png","contentUrl":"https:\/\/www.geigercars.de\/wp-content\/uploads\/2026\/03\/Sprintfilter-C1227S-Standart.png","width":1080,"height":1080},{"@type":"BreadcrumbList","@id":"https:\/\/www.geigercars.de\/product\/sprint-filter-sportluftfilter-corvette-c8-p08\/#breadcrumb","itemListElement":[{"@type":"ListItem","position":1,"name":"Startseite","item":"https:\/\/www.geigercars.de\/"},{"@type":"ListItem","position":2,"name":"Produkte","item":"https:\/\/www.geigercars.de\/shop\/"},{"@type":"ListItem","position":3,"name":"Sprint Filter Sportluftfilter Corvette C8 P08"}]},{"@type":"WebSite","@id":"https:\/\/www.geigercars.de\/#website","url":"https:\/\/www.geigercars.de\/","name":"Geigercars.de","description":"Home of US Cars","publisher":{"@id":"https:\/\/www.geigercars.de\/#organization"},"potentialAction":[{"@type":"SearchAction","target":{"@type":"EntryPoint","urlTemplate":"https:\/\/www.geigercars.de\/?s={search_term_string}"},"query-input":{"@type":"PropertyValueSpecification","valueRequired":true,"valueName":"search_term_string"}}],"inLanguage":"en-US"},{"@type":"Organization","@id":"https:\/\/www.geigercars.de\/#organization","name":"Geigercars.de","url":"https:\/\/www.geigercars.de\/","logo":{"@type":"ImageObject","inLanguage":"en-US","@id":"https:\/\/www.geigercars.de\/#\/schema\/logo\/image\/","url":"https:\/\/www.geigercars.de\/wp-content\/uploads\/2024\/03\/geigercars_logo.png","contentUrl":"https:\/\/www.geigercars.de\/wp-content\/uploads\/2024\/03\/geigercars_logo.png","width":400,"height":52,"caption":"Geigercars.de"},"image":{"@id":"https:\/\/www.geigercars.de\/#\/schema\/logo\/image\/"},"sameAs":["https:\/\/www.facebook.com\/GeigerCars.de\/","https:\/\/www.instagram.com\/geigercars\/","https:\/\/www.youtube.com\/@geigercarsde_official"]}]}},"_links":{"self":[{"href":"https:\/\/www.geigercars.de\/en\/wp-json\/wp\/v2\/product\/22308","targetHints":{"allow":["GET"]}}],"collection":[{"href":"https:\/\/www.geigercars.de\/en\/wp-json\/wp\/v2\/product"}],"about":[{"href":"https:\/\/www.geigercars.de\/en\/wp-json\/wp\/v2\/types\/product"}],"version-history":[{"count":1,"href":"https:\/\/www.geigercars.de\/en\/wp-json\/wp\/v2\/product\/22308\/revisions"}],"predecessor-version":[{"id":22310,"href":"https:\/\/www.geigercars.de\/en\/wp-json\/wp\/v2\/product\/22308\/revisions\/22310"}],"wp:featuredmedia":[{"embeddable":true,"href":"https:\/\/www.geigercars.de\/en\/wp-json\/wp\/v2\/media\/22309"}],"wp:attachment":[{"href":"https:\/\/www.geigercars.de\/en\/wp-json\/wp\/v2\/media?parent=22308"}],"wp:term":[{"taxonomy":"product_brand","embeddable":true,"href":"https:\/\/www.geigercars.de\/en\/wp-json\/wp\/v2\/product_brand?post=22308"},{"taxonomy":"product_cat","embeddable":true,"href":"https:\/\/www.geigercars.de\/en\/wp-json\/wp\/v2\/product_cat?post=22308"},{"taxonomy":"product_tag","embeddable":true,"href":"https:\/\/www.geigercars.de\/en\/wp-json\/wp\/v2\/product_tag?post=22308"}],"curies":[{"name":"wp","href":"https:\/\/api.w.org\/{rel}","templated":true}]}}