{"id":22068,"date":"2026-03-18T09:46:04","date_gmt":"2026-03-18T08:46:04","guid":{"rendered":"https:\/\/www.geigercars.de\/?post_type=product&#038;p=22068"},"modified":"2026-03-18T10:36:48","modified_gmt":"2026-03-18T09:36:48","slug":"scc-spurverbreiterung-20mm-dodge-challenger","status":"publish","type":"product","link":"https:\/\/www.geigercars.de\/en\/product\/scc-spurverbreiterung-20mm-dodge-challenger","title":{"rendered":"SCC Spurverbreiterung 20mm Dodge Challenger"},"content":{"rendered":"<div class=\"woocommerce-tabs wc-tabs-wrapper\">\n<div id=\"tab-description\" class=\"woocommerce-Tabs-panel woocommerce-Tabs-panel--description panel entry-content wc-tab\" role=\"tabpanel\" aria-labelledby=\"tab-title-description\">\n<p class=\"\" data-start=\"315\" data-end=\"554\"><strong>Produktinformation:<\/strong><\/p>\n<ul data-bind=\"foreach: {data: attributes_to_show(), as: '_propkey'}\">\n<li>20mm pro Rad (= 40mm pro Achse)<\/li>\n<li>Lochkreis: 115\/5<\/li>\n<li>Zentrierbunddurchmesser: 71,5mm<\/li>\n<li>Gewinde: M14x1,5<\/li>\n<li>Preis pro Achse<\/li>\n<\/ul>\n<p><em>We would be happy to provide you with an individual quote for installation in our company.<\/em><\/p>\n<h4><\/h4>\n<h4>Suitable for vehicles:<\/h4>\n<p>Dodge: Challenger, Hellcat, Redeye<\/p>\n<p>Dodge: Charger, Hellcat, Redeye<\/p>\n<p>&nbsp;<\/p>\n<div class=\"row\">\n<div class=\"small-12 columns\">\n<p>Hinweis: Alle angegebenen Preise sind unverbindlich und freibleibend. Preis\u00e4nderungen und Irrt\u00fcmer vorbehalten. Trotz sorgf\u00e4ltiger Pflege unserer Inhalte kann keine Gew\u00e4hr f\u00fcr die Richtigkeit, Vollst\u00e4ndigkeit und Aktualit\u00e4t der Preisangaben \u00fcbernommen werden. Produktabbildungen k\u00f6nnen vom tats\u00e4chlichen Produkt abweichen.<\/p>\n<p data-start=\"352\" data-end=\"498\">\n<\/div>\n<\/div>\n<\/div>\n<\/div>\n<div id=\"cust_product_cont\" class=\"custom-content-section\">\n<div class=\"elementor elementor-10898\" data-elementor-type=\"section\" data-elementor-id=\"10898\" data-elementor-post-type=\"elementor_library\">\n<div class=\"elementor-element elementor-element-01e3e7e e-flex e-con-boxed e-con e-parent\" data-id=\"01e3e7e\" data-element_type=\"container\" data-e-type=\"container\">\n<div class=\"e-con-inner\">\n<div class=\"elementor-element elementor-element-fc47478 elementor-hidden-tablet elementor-hidden-mobile elementor-widget elementor-widget-spacer\" data-id=\"fc47478\" data-element_type=\"widget\" data-e-type=\"widget\" data-widget_type=\"spacer.default\">\n<div class=\"elementor-widget-container\">\n<div class=\"elementor-spacer\"><\/div>\n<\/div>\n<\/div>\n<\/div>\n<\/div>\n<\/div>\n<\/div>","protected":false},"excerpt":{"rendered":"<p>plus packaging and shipping<\/p>\n<p>Preis inkl. Montage und T\u00dcV-Abnahme<\/p>","protected":false},"featured_media":22091,"template":"","meta":[],"product_brand":[],"product_cat":[175,178,123],"product_tag":[],"class_list":{"0":"post-22068","1":"product","2":"type-product","3":"status-publish","4":"has-post-thumbnail","6":"product_cat-challenger","7":"product_cat-charger","8":"product_cat-dodge","10":"first","11":"instock","12":"taxable","13":"shipping-taxable","14":"purchasable","15":"product-type-simple"},"yoast_head":"<!-- This site is optimized with the Yoast SEO plugin v27.5 - https:\/\/yoast.com\/product\/yoast-seo-wordpress\/ -->\n<title>SCC Spurverbreiterung 20mm Dodge Challenger - Geigercars.de GmbH<\/title>\n<meta name=\"robots\" content=\"index, follow, max-snippet:-1, max-image-preview:large, max-video-preview:-1\" \/>\n<link rel=\"canonical\" href=\"https:\/\/www.geigercars.de\/en\/product\/scc-spurverbreiterung-20mm-dodge-challenger\/\" \/>\n<meta property=\"og:locale\" content=\"en_US\" \/>\n<meta property=\"og:type\" content=\"article\" \/>\n<meta property=\"og:title\" content=\"SCC Spurverbreiterung 20mm Dodge Challenger - Geigercars.de GmbH\" \/>\n<meta property=\"og:description\" content=\"zzgl. Verpackung und Versand  Preis inkl. Montage und T\u00dcV-Abnahme\" \/>\n<meta property=\"og:url\" content=\"https:\/\/www.geigercars.de\/en\/product\/scc-spurverbreiterung-20mm-dodge-challenger\/\" \/>\n<meta property=\"og:site_name\" content=\"Geigercars.de GmbH\" \/>\n<meta property=\"article:publisher\" content=\"https:\/\/www.facebook.com\/GeigerCars.de\/\" \/>\n<meta property=\"article:modified_time\" content=\"2026-03-18T09:36:48+00:00\" \/>\n<meta property=\"og:image\" content=\"https:\/\/www.geigercars.de\/wp-content\/uploads\/2026\/03\/System-3-SCC.png\" \/>\n\t<meta property=\"og:image:width\" content=\"1080\" \/>\n\t<meta property=\"og:image:height\" content=\"1080\" \/>\n\t<meta property=\"og:image:type\" content=\"image\/png\" \/>\n<meta name=\"twitter:card\" content=\"summary_large_image\" \/>\n<meta name=\"twitter:label1\" content=\"Est. reading time\" \/>\n\t<meta name=\"twitter:data1\" content=\"1 minute\" \/>\n<script type=\"application\/ld+json\" class=\"yoast-schema-graph\">{\"@context\":\"https:\\\/\\\/schema.org\",\"@graph\":[{\"@type\":\"WebPage\",\"@id\":\"https:\\\/\\\/www.geigercars.de\\\/product\\\/scc-spurverbreiterung-20mm-dodge-challenger\\\/\",\"url\":\"https:\\\/\\\/www.geigercars.de\\\/product\\\/scc-spurverbreiterung-20mm-dodge-challenger\\\/\",\"name\":\"SCC Spurverbreiterung 20mm Dodge Challenger - Geigercars.de GmbH\",\"isPartOf\":{\"@id\":\"https:\\\/\\\/www.geigercars.de\\\/#website\"},\"primaryImageOfPage\":{\"@id\":\"https:\\\/\\\/www.geigercars.de\\\/product\\\/scc-spurverbreiterung-20mm-dodge-challenger\\\/#primaryimage\"},\"image\":{\"@id\":\"https:\\\/\\\/www.geigercars.de\\\/product\\\/scc-spurverbreiterung-20mm-dodge-challenger\\\/#primaryimage\"},\"thumbnailUrl\":\"https:\\\/\\\/www.geigercars.de\\\/wp-content\\\/uploads\\\/2026\\\/03\\\/System-3-SCC.png\",\"datePublished\":\"2026-03-18T08:46:04+00:00\",\"dateModified\":\"2026-03-18T09:36:48+00:00\",\"breadcrumb\":{\"@id\":\"https:\\\/\\\/www.geigercars.de\\\/product\\\/scc-spurverbreiterung-20mm-dodge-challenger\\\/#breadcrumb\"},\"inLanguage\":\"en-US\",\"potentialAction\":[{\"@type\":\"ReadAction\",\"target\":[\"https:\\\/\\\/www.geigercars.de\\\/product\\\/scc-spurverbreiterung-20mm-dodge-challenger\\\/\"]}]},{\"@type\":\"ImageObject\",\"inLanguage\":\"en-US\",\"@id\":\"https:\\\/\\\/www.geigercars.de\\\/product\\\/scc-spurverbreiterung-20mm-dodge-challenger\\\/#primaryimage\",\"url\":\"https:\\\/\\\/www.geigercars.de\\\/wp-content\\\/uploads\\\/2026\\\/03\\\/System-3-SCC.png\",\"contentUrl\":\"https:\\\/\\\/www.geigercars.de\\\/wp-content\\\/uploads\\\/2026\\\/03\\\/System-3-SCC.png\",\"width\":1080,\"height\":1080},{\"@type\":\"BreadcrumbList\",\"@id\":\"https:\\\/\\\/www.geigercars.de\\\/product\\\/scc-spurverbreiterung-20mm-dodge-challenger\\\/#breadcrumb\",\"itemListElement\":[{\"@type\":\"ListItem\",\"position\":1,\"name\":\"Startseite\",\"item\":\"https:\\\/\\\/www.geigercars.de\\\/\"},{\"@type\":\"ListItem\",\"position\":2,\"name\":\"Produkte\",\"item\":\"https:\\\/\\\/www.geigercars.de\\\/shop\\\/\"},{\"@type\":\"ListItem\",\"position\":3,\"name\":\"SCC Spurverbreiterung 20mm Dodge Challenger\"}]},{\"@type\":\"WebSite\",\"@id\":\"https:\\\/\\\/www.geigercars.de\\\/#website\",\"url\":\"https:\\\/\\\/www.geigercars.de\\\/\",\"name\":\"Geigercars.de\",\"description\":\"Home of US-Cars\",\"publisher\":{\"@id\":\"https:\\\/\\\/www.geigercars.de\\\/#organization\"},\"potentialAction\":[{\"@type\":\"SearchAction\",\"target\":{\"@type\":\"EntryPoint\",\"urlTemplate\":\"https:\\\/\\\/www.geigercars.de\\\/?s={search_term_string}\"},\"query-input\":{\"@type\":\"PropertyValueSpecification\",\"valueRequired\":true,\"valueName\":\"search_term_string\"}}],\"inLanguage\":\"en-US\"},{\"@type\":\"Organization\",\"@id\":\"https:\\\/\\\/www.geigercars.de\\\/#organization\",\"name\":\"Geigercars.de\",\"url\":\"https:\\\/\\\/www.geigercars.de\\\/\",\"logo\":{\"@type\":\"ImageObject\",\"inLanguage\":\"en-US\",\"@id\":\"https:\\\/\\\/www.geigercars.de\\\/#\\\/schema\\\/logo\\\/image\\\/\",\"url\":\"https:\\\/\\\/www.geigercars.de\\\/wp-content\\\/uploads\\\/2024\\\/03\\\/geigercars_logo.png\",\"contentUrl\":\"https:\\\/\\\/www.geigercars.de\\\/wp-content\\\/uploads\\\/2024\\\/03\\\/geigercars_logo.png\",\"width\":400,\"height\":52,\"caption\":\"Geigercars.de\"},\"image\":{\"@id\":\"https:\\\/\\\/www.geigercars.de\\\/#\\\/schema\\\/logo\\\/image\\\/\"},\"sameAs\":[\"https:\\\/\\\/www.facebook.com\\\/GeigerCars.de\\\/\",\"https:\\\/\\\/www.instagram.com\\\/geigercars\\\/\",\"https:\\\/\\\/www.youtube.com\\\/@geigercarsde_official\"]}]}<\/script>\n<!-- \/ Yoast SEO plugin. -->","yoast_head_json":{"title":"SCC Spurverbreiterung 20mm Dodge Challenger - Geigercars.de GmbH","robots":{"index":"index","follow":"follow","max-snippet":"max-snippet:-1","max-image-preview":"max-image-preview:large","max-video-preview":"max-video-preview:-1"},"canonical":"https:\/\/www.geigercars.de\/en\/product\/scc-spurverbreiterung-20mm-dodge-challenger\/","og_locale":"en_US","og_type":"article","og_title":"SCC Spurverbreiterung 20mm Dodge Challenger - Geigercars.de GmbH","og_description":"zzgl. Verpackung und Versand  Preis inkl. Montage und T\u00dcV-Abnahme","og_url":"https:\/\/www.geigercars.de\/en\/product\/scc-spurverbreiterung-20mm-dodge-challenger\/","og_site_name":"Geigercars.de GmbH","article_publisher":"https:\/\/www.facebook.com\/GeigerCars.de\/","article_modified_time":"2026-03-18T09:36:48+00:00","og_image":[{"width":1080,"height":1080,"url":"https:\/\/www.geigercars.de\/wp-content\/uploads\/2026\/03\/System-3-SCC.png","type":"image\/png"}],"twitter_card":"summary_large_image","twitter_misc":{"Est. reading time":"1 minute"},"schema":{"@context":"https:\/\/schema.org","@graph":[{"@type":"WebPage","@id":"https:\/\/www.geigercars.de\/product\/scc-spurverbreiterung-20mm-dodge-challenger\/","url":"https:\/\/www.geigercars.de\/product\/scc-spurverbreiterung-20mm-dodge-challenger\/","name":"SCC Spurverbreiterung 20mm Dodge Challenger - Geigercars.de GmbH","isPartOf":{"@id":"https:\/\/www.geigercars.de\/#website"},"primaryImageOfPage":{"@id":"https:\/\/www.geigercars.de\/product\/scc-spurverbreiterung-20mm-dodge-challenger\/#primaryimage"},"image":{"@id":"https:\/\/www.geigercars.de\/product\/scc-spurverbreiterung-20mm-dodge-challenger\/#primaryimage"},"thumbnailUrl":"https:\/\/www.geigercars.de\/wp-content\/uploads\/2026\/03\/System-3-SCC.png","datePublished":"2026-03-18T08:46:04+00:00","dateModified":"2026-03-18T09:36:48+00:00","breadcrumb":{"@id":"https:\/\/www.geigercars.de\/product\/scc-spurverbreiterung-20mm-dodge-challenger\/#breadcrumb"},"inLanguage":"en-US","potentialAction":[{"@type":"ReadAction","target":["https:\/\/www.geigercars.de\/product\/scc-spurverbreiterung-20mm-dodge-challenger\/"]}]},{"@type":"ImageObject","inLanguage":"en-US","@id":"https:\/\/www.geigercars.de\/product\/scc-spurverbreiterung-20mm-dodge-challenger\/#primaryimage","url":"https:\/\/www.geigercars.de\/wp-content\/uploads\/2026\/03\/System-3-SCC.png","contentUrl":"https:\/\/www.geigercars.de\/wp-content\/uploads\/2026\/03\/System-3-SCC.png","width":1080,"height":1080},{"@type":"BreadcrumbList","@id":"https:\/\/www.geigercars.de\/product\/scc-spurverbreiterung-20mm-dodge-challenger\/#breadcrumb","itemListElement":[{"@type":"ListItem","position":1,"name":"Startseite","item":"https:\/\/www.geigercars.de\/"},{"@type":"ListItem","position":2,"name":"Produkte","item":"https:\/\/www.geigercars.de\/shop\/"},{"@type":"ListItem","position":3,"name":"SCC Spurverbreiterung 20mm Dodge Challenger"}]},{"@type":"WebSite","@id":"https:\/\/www.geigercars.de\/#website","url":"https:\/\/www.geigercars.de\/","name":"Geigercars.de","description":"Home of US Cars","publisher":{"@id":"https:\/\/www.geigercars.de\/#organization"},"potentialAction":[{"@type":"SearchAction","target":{"@type":"EntryPoint","urlTemplate":"https:\/\/www.geigercars.de\/?s={search_term_string}"},"query-input":{"@type":"PropertyValueSpecification","valueRequired":true,"valueName":"search_term_string"}}],"inLanguage":"en-US"},{"@type":"Organization","@id":"https:\/\/www.geigercars.de\/#organization","name":"Geigercars.de","url":"https:\/\/www.geigercars.de\/","logo":{"@type":"ImageObject","inLanguage":"en-US","@id":"https:\/\/www.geigercars.de\/#\/schema\/logo\/image\/","url":"https:\/\/www.geigercars.de\/wp-content\/uploads\/2024\/03\/geigercars_logo.png","contentUrl":"https:\/\/www.geigercars.de\/wp-content\/uploads\/2024\/03\/geigercars_logo.png","width":400,"height":52,"caption":"Geigercars.de"},"image":{"@id":"https:\/\/www.geigercars.de\/#\/schema\/logo\/image\/"},"sameAs":["https:\/\/www.facebook.com\/GeigerCars.de\/","https:\/\/www.instagram.com\/geigercars\/","https:\/\/www.youtube.com\/@geigercarsde_official"]}]}},"_links":{"self":[{"href":"https:\/\/www.geigercars.de\/en\/wp-json\/wp\/v2\/product\/22068","targetHints":{"allow":["GET"]}}],"collection":[{"href":"https:\/\/www.geigercars.de\/en\/wp-json\/wp\/v2\/product"}],"about":[{"href":"https:\/\/www.geigercars.de\/en\/wp-json\/wp\/v2\/types\/product"}],"version-history":[{"count":2,"href":"https:\/\/www.geigercars.de\/en\/wp-json\/wp\/v2\/product\/22068\/revisions"}],"predecessor-version":[{"id":22092,"href":"https:\/\/www.geigercars.de\/en\/wp-json\/wp\/v2\/product\/22068\/revisions\/22092"}],"wp:featuredmedia":[{"embeddable":true,"href":"https:\/\/www.geigercars.de\/en\/wp-json\/wp\/v2\/media\/22091"}],"wp:attachment":[{"href":"https:\/\/www.geigercars.de\/en\/wp-json\/wp\/v2\/media?parent=22068"}],"wp:term":[{"taxonomy":"product_brand","embeddable":true,"href":"https:\/\/www.geigercars.de\/en\/wp-json\/wp\/v2\/product_brand?post=22068"},{"taxonomy":"product_cat","embeddable":true,"href":"https:\/\/www.geigercars.de\/en\/wp-json\/wp\/v2\/product_cat?post=22068"},{"taxonomy":"product_tag","embeddable":true,"href":"https:\/\/www.geigercars.de\/en\/wp-json\/wp\/v2\/product_tag?post=22068"}],"curies":[{"name":"wp","href":"https:\/\/api.w.org\/{rel}","templated":true}]}}