{"id":17852,"date":"2024-08-14T09:02:42","date_gmt":"2024-08-14T07:02:42","guid":{"rendered":"https:\/\/www.geigercars.de\/?post_type=product&#038;p=17852"},"modified":"2026-03-30T17:48:51","modified_gmt":"2026-03-30T15:48:51","slug":"performance-increase-with-air-filter-corvette-c7-geiger","status":"publish","type":"product","link":"https:\/\/www.geigercars.de\/en\/product\/performance-increase-with-air-filter-corvette-c7-geiger","title":{"rendered":"Performance increase with air filter Corvette C7 Geiger"},"content":{"rendered":"<p data-pm-slice=\"1 1 []\">Mehr Leistung, mehr Dynamik, mehr C7 Z06. Mit dem Geiger Powerpaket 1 bietet Geiger Performance eine ma\u00dfgeschneiderte Performance-L\u00f6sung f\u00fcr die Corvette C7. Modernste Technik trifft auf feinste Ingenieurskunst \u2013 f\u00fcr sp\u00fcrbar mehr Power und Effizienz.<\/p>\n<p data-pm-slice=\"1 1 []\"><strong>Product information:\u00a0<\/strong><\/p>\n<ul>\n<li data-start=\"175\" data-end=\"211\">Performance increase of approx. <strong data-start=\"202\" data-end=\"211\">50 hp<\/strong><\/li>\n<li data-start=\"175\" data-end=\"211\"><strong data-start=\"214\" data-end=\"241\">Open sports air filter<\/strong> for improved air flow<\/li>\n<li data-start=\"175\" data-end=\"211\">Individual <strong data-start=\"288\" data-end=\"311\">Performance tuning<\/strong> on the vehicle<\/li>\n<li data-start=\"175\" data-end=\"211\">Optimized for <strong data-start=\"345\" data-end=\"372\">98 octane fuel<\/strong> (Super Plus)<\/li>\n<li data-start=\"175\" data-end=\"211\">Professional installation and T\u00dcV registration directly in our house<\/li>\n<\/ul>\n<p class=\"\" data-start=\"437\" data-end=\"494\"><strong>A notice: <\/strong>It is adjusted to 98 octane and the vehicle must be refueled with it!<\/p>\n<p data-start=\"437\" data-end=\"494\"><em>We would be happy to provide you with an individual quote for installation in our company.<\/em><\/p>\n<div id=\"part-cars\">\n<h4><\/h4>\n<h4>Suitable for vehicles:<\/h4>\n<p><span class=\"make\">Corvette:<\/span> <span class=\"model\"> C7 Z06<br \/>\n<\/span><\/p>\n<h5>Years of construction<\/h5>\n<p>from 2015<\/p>\n<p>&nbsp;<\/p>\n<\/div>\n<div class=\"woocommerce-tabs wc-tabs-wrapper\">\n<div id=\"tab-description\" class=\"woocommerce-Tabs-panel woocommerce-Tabs-panel--description panel entry-content wc-tab\" role=\"tabpanel\" aria-labelledby=\"tab-title-description\">\n<p>&nbsp;<\/p>\n<p>Note: All prices quoted are non-binding and subject to change. Subject to price changes and errors. Despite careful maintenance of our content, no guarantee can be given for the accuracy, completeness, or timeliness of the price information.<\/p>\n<\/div>\n<\/div>","protected":false},"excerpt":{"rendered":"<p>plus packaging and shipping<\/p>\n<p>Price including installation<\/p>","protected":false},"featured_media":17976,"template":"","meta":[],"product_brand":[],"product_cat":[138,122,87],"product_tag":[217],"class_list":{"0":"post-17852","1":"product","2":"type-product","3":"status-publish","4":"has-post-thumbnail","6":"product_cat-c7","7":"product_cat-chevrolet","8":"product_cat-corvette","9":"product_tag-baujahr-ab-2015","11":"first","12":"instock","13":"taxable","14":"shipping-taxable","15":"purchasable","16":"product-type-simple"},"yoast_head":"<!-- This site is optimized with the Yoast SEO plugin v27.5 - https:\/\/yoast.com\/product\/yoast-seo-wordpress\/ -->\n<title>Leistungssteigerung mit Luftfilter Corvette C7 Geiger - Geigercars.de GmbH<\/title>\n<meta name=\"robots\" content=\"index, follow, max-snippet:-1, max-image-preview:large, max-video-preview:-1\" \/>\n<link rel=\"canonical\" href=\"https:\/\/www.geigercars.de\/en\/product\/performance-increase-with-air-filter-corvette-c7-geiger\/\" \/>\n<meta property=\"og:locale\" content=\"en_US\" \/>\n<meta property=\"og:type\" content=\"article\" \/>\n<meta property=\"og:title\" content=\"Leistungssteigerung mit Luftfilter Corvette C7 Geiger - Geigercars.de GmbH\" \/>\n<meta property=\"og:description\" content=\"zzgl. Verpackung und Versand  Preis mit Montage\" \/>\n<meta property=\"og:url\" content=\"https:\/\/www.geigercars.de\/en\/product\/performance-increase-with-air-filter-corvette-c7-geiger\/\" \/>\n<meta property=\"og:site_name\" content=\"Geigercars.de GmbH\" \/>\n<meta property=\"article:publisher\" content=\"https:\/\/www.facebook.com\/GeigerCars.de\/\" \/>\n<meta property=\"article:modified_time\" content=\"2026-03-30T15:48:51+00:00\" \/>\n<meta property=\"og:image\" content=\"https:\/\/www.geigercars.de\/wp-content\/uploads\/2024\/08\/IMG_6595-scaled-e1747036043488.jpg\" \/>\n\t<meta property=\"og:image:width\" content=\"1920\" \/>\n\t<meta property=\"og:image:height\" content=\"1920\" \/>\n\t<meta property=\"og:image:type\" content=\"image\/jpeg\" \/>\n<meta name=\"twitter:card\" content=\"summary_large_image\" \/>\n<meta name=\"twitter:label1\" content=\"Est. reading time\" \/>\n\t<meta name=\"twitter:data1\" content=\"1 minute\" \/>\n<script type=\"application\/ld+json\" class=\"yoast-schema-graph\">{\"@context\":\"https:\\\/\\\/schema.org\",\"@graph\":[{\"@type\":\"WebPage\",\"@id\":\"https:\\\/\\\/www.geigercars.de\\\/product\\\/leistungssteigerung-mit-luftfilter-corvette-c7-geiger\\\/\",\"url\":\"https:\\\/\\\/www.geigercars.de\\\/product\\\/leistungssteigerung-mit-luftfilter-corvette-c7-geiger\\\/\",\"name\":\"Leistungssteigerung mit Luftfilter Corvette C7 Geiger - Geigercars.de GmbH\",\"isPartOf\":{\"@id\":\"https:\\\/\\\/www.geigercars.de\\\/#website\"},\"primaryImageOfPage\":{\"@id\":\"https:\\\/\\\/www.geigercars.de\\\/product\\\/leistungssteigerung-mit-luftfilter-corvette-c7-geiger\\\/#primaryimage\"},\"image\":{\"@id\":\"https:\\\/\\\/www.geigercars.de\\\/product\\\/leistungssteigerung-mit-luftfilter-corvette-c7-geiger\\\/#primaryimage\"},\"thumbnailUrl\":\"https:\\\/\\\/www.geigercars.de\\\/wp-content\\\/uploads\\\/2024\\\/08\\\/IMG_6595-scaled-e1747036043488.jpg\",\"datePublished\":\"2024-08-14T07:02:42+00:00\",\"dateModified\":\"2026-03-30T15:48:51+00:00\",\"breadcrumb\":{\"@id\":\"https:\\\/\\\/www.geigercars.de\\\/product\\\/leistungssteigerung-mit-luftfilter-corvette-c7-geiger\\\/#breadcrumb\"},\"inLanguage\":\"en-US\",\"potentialAction\":[{\"@type\":\"ReadAction\",\"target\":[\"https:\\\/\\\/www.geigercars.de\\\/product\\\/leistungssteigerung-mit-luftfilter-corvette-c7-geiger\\\/\"]}]},{\"@type\":\"ImageObject\",\"inLanguage\":\"en-US\",\"@id\":\"https:\\\/\\\/www.geigercars.de\\\/product\\\/leistungssteigerung-mit-luftfilter-corvette-c7-geiger\\\/#primaryimage\",\"url\":\"https:\\\/\\\/www.geigercars.de\\\/wp-content\\\/uploads\\\/2024\\\/08\\\/IMG_6595-scaled-e1747036043488.jpg\",\"contentUrl\":\"https:\\\/\\\/www.geigercars.de\\\/wp-content\\\/uploads\\\/2024\\\/08\\\/IMG_6595-scaled-e1747036043488.jpg\",\"width\":1920,\"height\":1920,\"caption\":\"Heckansicht einer schwarzen Chevrolet Corvette C7 ,auf einem Leistungspr\u00fcfstand bei Geiger Performance.\"},{\"@type\":\"BreadcrumbList\",\"@id\":\"https:\\\/\\\/www.geigercars.de\\\/product\\\/leistungssteigerung-mit-luftfilter-corvette-c7-geiger\\\/#breadcrumb\",\"itemListElement\":[{\"@type\":\"ListItem\",\"position\":1,\"name\":\"Startseite\",\"item\":\"https:\\\/\\\/www.geigercars.de\\\/\"},{\"@type\":\"ListItem\",\"position\":2,\"name\":\"Produkte\",\"item\":\"https:\\\/\\\/www.geigercars.de\\\/shop\\\/\"},{\"@type\":\"ListItem\",\"position\":3,\"name\":\"Leistungssteigerung mit Luftfilter Corvette C7 Geiger\"}]},{\"@type\":\"WebSite\",\"@id\":\"https:\\\/\\\/www.geigercars.de\\\/#website\",\"url\":\"https:\\\/\\\/www.geigercars.de\\\/\",\"name\":\"Geigercars.de\",\"description\":\"Home of US-Cars\",\"publisher\":{\"@id\":\"https:\\\/\\\/www.geigercars.de\\\/#organization\"},\"potentialAction\":[{\"@type\":\"SearchAction\",\"target\":{\"@type\":\"EntryPoint\",\"urlTemplate\":\"https:\\\/\\\/www.geigercars.de\\\/?s={search_term_string}\"},\"query-input\":{\"@type\":\"PropertyValueSpecification\",\"valueRequired\":true,\"valueName\":\"search_term_string\"}}],\"inLanguage\":\"en-US\"},{\"@type\":\"Organization\",\"@id\":\"https:\\\/\\\/www.geigercars.de\\\/#organization\",\"name\":\"Geigercars.de\",\"url\":\"https:\\\/\\\/www.geigercars.de\\\/\",\"logo\":{\"@type\":\"ImageObject\",\"inLanguage\":\"en-US\",\"@id\":\"https:\\\/\\\/www.geigercars.de\\\/#\\\/schema\\\/logo\\\/image\\\/\",\"url\":\"https:\\\/\\\/www.geigercars.de\\\/wp-content\\\/uploads\\\/2024\\\/03\\\/geigercars_logo.png\",\"contentUrl\":\"https:\\\/\\\/www.geigercars.de\\\/wp-content\\\/uploads\\\/2024\\\/03\\\/geigercars_logo.png\",\"width\":400,\"height\":52,\"caption\":\"Geigercars.de\"},\"image\":{\"@id\":\"https:\\\/\\\/www.geigercars.de\\\/#\\\/schema\\\/logo\\\/image\\\/\"},\"sameAs\":[\"https:\\\/\\\/www.facebook.com\\\/GeigerCars.de\\\/\",\"https:\\\/\\\/www.instagram.com\\\/geigercars\\\/\",\"https:\\\/\\\/www.youtube.com\\\/@geigercarsde_official\"]}]}<\/script>\n<!-- \/ Yoast SEO plugin. -->","yoast_head_json":{"title":"Performance upgrade with air filter Corvette C7 Geiger - Geigercars.de GmbH","robots":{"index":"index","follow":"follow","max-snippet":"max-snippet:-1","max-image-preview":"max-image-preview:large","max-video-preview":"max-video-preview:-1"},"canonical":"https:\/\/www.geigercars.de\/en\/product\/performance-increase-with-air-filter-corvette-c7-geiger\/","og_locale":"en_US","og_type":"article","og_title":"Leistungssteigerung mit Luftfilter Corvette C7 Geiger - Geigercars.de GmbH","og_description":"zzgl. Verpackung und Versand  Preis mit Montage","og_url":"https:\/\/www.geigercars.de\/en\/product\/performance-increase-with-air-filter-corvette-c7-geiger\/","og_site_name":"Geigercars.de GmbH","article_publisher":"https:\/\/www.facebook.com\/GeigerCars.de\/","article_modified_time":"2026-03-30T15:48:51+00:00","og_image":[{"width":1920,"height":1920,"url":"https:\/\/www.geigercars.de\/wp-content\/uploads\/2024\/08\/IMG_6595-scaled-e1747036043488.jpg","type":"image\/jpeg"}],"twitter_card":"summary_large_image","twitter_misc":{"Est. reading time":"1 minute"},"schema":{"@context":"https:\/\/schema.org","@graph":[{"@type":"WebPage","@id":"https:\/\/www.geigercars.de\/product\/leistungssteigerung-mit-luftfilter-corvette-c7-geiger\/","url":"https:\/\/www.geigercars.de\/product\/leistungssteigerung-mit-luftfilter-corvette-c7-geiger\/","name":"Performance upgrade with air filter Corvette C7 Geiger - Geigercars.de GmbH","isPartOf":{"@id":"https:\/\/www.geigercars.de\/#website"},"primaryImageOfPage":{"@id":"https:\/\/www.geigercars.de\/product\/leistungssteigerung-mit-luftfilter-corvette-c7-geiger\/#primaryimage"},"image":{"@id":"https:\/\/www.geigercars.de\/product\/leistungssteigerung-mit-luftfilter-corvette-c7-geiger\/#primaryimage"},"thumbnailUrl":"https:\/\/www.geigercars.de\/wp-content\/uploads\/2024\/08\/IMG_6595-scaled-e1747036043488.jpg","datePublished":"2024-08-14T07:02:42+00:00","dateModified":"2026-03-30T15:48:51+00:00","breadcrumb":{"@id":"https:\/\/www.geigercars.de\/product\/leistungssteigerung-mit-luftfilter-corvette-c7-geiger\/#breadcrumb"},"inLanguage":"en-US","potentialAction":[{"@type":"ReadAction","target":["https:\/\/www.geigercars.de\/product\/leistungssteigerung-mit-luftfilter-corvette-c7-geiger\/"]}]},{"@type":"ImageObject","inLanguage":"en-US","@id":"https:\/\/www.geigercars.de\/product\/leistungssteigerung-mit-luftfilter-corvette-c7-geiger\/#primaryimage","url":"https:\/\/www.geigercars.de\/wp-content\/uploads\/2024\/08\/IMG_6595-scaled-e1747036043488.jpg","contentUrl":"https:\/\/www.geigercars.de\/wp-content\/uploads\/2024\/08\/IMG_6595-scaled-e1747036043488.jpg","width":1920,"height":1920,"caption":"Heckansicht einer schwarzen Chevrolet Corvette C7 ,auf einem Leistungspr\u00fcfstand bei Geiger Performance."},{"@type":"BreadcrumbList","@id":"https:\/\/www.geigercars.de\/product\/leistungssteigerung-mit-luftfilter-corvette-c7-geiger\/#breadcrumb","itemListElement":[{"@type":"ListItem","position":1,"name":"Startseite","item":"https:\/\/www.geigercars.de\/"},{"@type":"ListItem","position":2,"name":"Produkte","item":"https:\/\/www.geigercars.de\/shop\/"},{"@type":"ListItem","position":3,"name":"Leistungssteigerung mit Luftfilter Corvette C7 Geiger"}]},{"@type":"WebSite","@id":"https:\/\/www.geigercars.de\/#website","url":"https:\/\/www.geigercars.de\/","name":"Geigercars.de","description":"Home of US Cars","publisher":{"@id":"https:\/\/www.geigercars.de\/#organization"},"potentialAction":[{"@type":"SearchAction","target":{"@type":"EntryPoint","urlTemplate":"https:\/\/www.geigercars.de\/?s={search_term_string}"},"query-input":{"@type":"PropertyValueSpecification","valueRequired":true,"valueName":"search_term_string"}}],"inLanguage":"en-US"},{"@type":"Organization","@id":"https:\/\/www.geigercars.de\/#organization","name":"Geigercars.de","url":"https:\/\/www.geigercars.de\/","logo":{"@type":"ImageObject","inLanguage":"en-US","@id":"https:\/\/www.geigercars.de\/#\/schema\/logo\/image\/","url":"https:\/\/www.geigercars.de\/wp-content\/uploads\/2024\/03\/geigercars_logo.png","contentUrl":"https:\/\/www.geigercars.de\/wp-content\/uploads\/2024\/03\/geigercars_logo.png","width":400,"height":52,"caption":"Geigercars.de"},"image":{"@id":"https:\/\/www.geigercars.de\/#\/schema\/logo\/image\/"},"sameAs":["https:\/\/www.facebook.com\/GeigerCars.de\/","https:\/\/www.instagram.com\/geigercars\/","https:\/\/www.youtube.com\/@geigercarsde_official"]}]}},"_links":{"self":[{"href":"https:\/\/www.geigercars.de\/en\/wp-json\/wp\/v2\/product\/17852","targetHints":{"allow":["GET"]}}],"collection":[{"href":"https:\/\/www.geigercars.de\/en\/wp-json\/wp\/v2\/product"}],"about":[{"href":"https:\/\/www.geigercars.de\/en\/wp-json\/wp\/v2\/types\/product"}],"version-history":[{"count":2,"href":"https:\/\/www.geigercars.de\/en\/wp-json\/wp\/v2\/product\/17852\/revisions"}],"predecessor-version":[{"id":22385,"href":"https:\/\/www.geigercars.de\/en\/wp-json\/wp\/v2\/product\/17852\/revisions\/22385"}],"wp:featuredmedia":[{"embeddable":true,"href":"https:\/\/www.geigercars.de\/en\/wp-json\/wp\/v2\/media\/17976"}],"wp:attachment":[{"href":"https:\/\/www.geigercars.de\/en\/wp-json\/wp\/v2\/media?parent=17852"}],"wp:term":[{"taxonomy":"product_brand","embeddable":true,"href":"https:\/\/www.geigercars.de\/en\/wp-json\/wp\/v2\/product_brand?post=17852"},{"taxonomy":"product_cat","embeddable":true,"href":"https:\/\/www.geigercars.de\/en\/wp-json\/wp\/v2\/product_cat?post=17852"},{"taxonomy":"product_tag","embeddable":true,"href":"https:\/\/www.geigercars.de\/en\/wp-json\/wp\/v2\/product_tag?post=17852"}],"curies":[{"name":"wp","href":"https:\/\/api.w.org\/{rel}","templated":true}]}}