{"id":17507,"date":"2024-08-14T08:50:05","date_gmt":"2024-08-14T06:50:05","guid":{"rendered":"https:\/\/www.geigercars.de\/?post_type=product&#038;p=17507"},"modified":"2025-07-08T09:46:59","modified_gmt":"2025-07-08T07:46:59","slug":"oz-ultraleggera-rims-in-19-20-corvette-c8","status":"publish","type":"product","link":"https:\/\/www.geigercars.de\/en\/product\/oz-ultraleggera-rims-in-19-20-corvette-c8","title":{"rendered":"OZ Ultraleggera rims in 19\u2033 &amp; 20\u2033 Corvette C8"},"content":{"rendered":"<div>This Track Performance wheel set, specially developed for the Corvette C8, comes from the renowned manufacturer OZ and impresses with its superior performance, precision, and exclusive design. Compared to the original wheel set, this set is approximately 20 kilograms lighter, which noticeably improves handling, agility, and acceleration. Also available as a pre-assembled complete wheel set.<\/div>\n<div><\/div>\n<div><strong>Product information:\u00a0<\/strong><\/div>\n<div><strong>Rim size:<\/strong><\/div>\n<ul>\n<li>Front axle: 9\u00d719<\/li>\n<li>Rear axle: 11.5\u00d720<\/li>\n<\/ul>\n<div>\n<div>\n<p><em>We would be happy to provide you with an individual quote for installation in our company.<\/em><\/p>\n<\/div>\n<\/div>\n<div id=\"part-cars\">\n<h4>Suitable for vehicles:<\/h4>\n<p><span class=\"make\">Corvette:<\/span> <span class=\"model\"> C8<\/span><\/p>\n<h5>Years of construction<\/h5>\n<p>from 2020<\/p>\n<\/div>\n<p>&nbsp;<\/p>\n<p>Note: All prices quoted are non-binding and subject to change. Subject to price changes and errors. Despite careful maintenance of our content, no guarantee can be given for the accuracy, completeness, or timeliness of the price information.<\/p>","protected":false},"excerpt":{"rendered":"<p>plus packaging and shipping<\/p>\n<p>Price without assembly<\/p>","protected":false},"featured_media":17668,"template":"","meta":[],"product_brand":[],"product_cat":[88,87],"product_tag":[303,90,304],"class_list":{"0":"post-17507","1":"product","2":"type-product","3":"status-publish","4":"has-post-thumbnail","6":"product_cat-c8","7":"product_cat-corvette","8":"product_tag-c8-felgen","9":"product_tag-corvette-c8","10":"product_tag-oz-felgen-c8","12":"first","13":"instock","14":"taxable","15":"shipping-taxable","16":"purchasable","17":"product-type-simple"},"yoast_head":"<!-- This site is optimized with the Yoast SEO plugin v27.4 - https:\/\/yoast.com\/product\/yoast-seo-wordpress\/ -->\n<title>OZ Ultraleggera Felgen in 19&quot; &amp; 20&quot; Corvette C8 - Geigercars.de GmbH<\/title>\n<meta name=\"description\" content=\"Dieser speziell f\u00fcr die Corvette C8 entwickelte Track Performance Radsatz stammt vom renommierten Hersteller OZ und \u00fcberzeugt durch h\u00f6chste Performance, Pr\u00e4zision und exklusives Design. Im Vergleich zum originalen Radsatz ist dieses Set rund 20 Kilogramm leichter.\" \/>\n<meta name=\"robots\" content=\"index, follow, max-snippet:-1, max-image-preview:large, max-video-preview:-1\" \/>\n<link rel=\"canonical\" href=\"https:\/\/www.geigercars.de\/en\/product\/oz-ultraleggera-rims-in-19-20-corvette-c8\/\" \/>\n<meta property=\"og:locale\" content=\"en_US\" \/>\n<meta property=\"og:type\" content=\"article\" \/>\n<meta property=\"og:title\" content=\"OZ Ultraleggera Felgen in 19&quot; &amp; 20&quot; Corvette C8 - Geigercars.de GmbH\" \/>\n<meta property=\"og:description\" content=\"Dieser speziell f\u00fcr die Corvette C8 entwickelte Track Performance Radsatz stammt vom renommierten Hersteller OZ und \u00fcberzeugt durch h\u00f6chste Performance, Pr\u00e4zision und exklusives Design. Im Vergleich zum originalen Radsatz ist dieses Set rund 20 Kilogramm leichter.\" \/>\n<meta property=\"og:url\" content=\"https:\/\/www.geigercars.de\/en\/product\/oz-ultraleggera-rims-in-19-20-corvette-c8\/\" \/>\n<meta property=\"og:site_name\" content=\"Geigercars.de GmbH\" \/>\n<meta property=\"article:publisher\" content=\"https:\/\/www.facebook.com\/GeigerCars.de\/\" \/>\n<meta property=\"article:modified_time\" content=\"2025-07-08T07:46:59+00:00\" \/>\n<meta property=\"og:image\" content=\"https:\/\/www.geigercars.de\/wp-content\/uploads\/2024\/08\/Geigercars_Corvette_210611-25-scaled.jpg\" \/>\n\t<meta property=\"og:image:width\" content=\"2560\" \/>\n\t<meta property=\"og:image:height\" content=\"1708\" \/>\n\t<meta property=\"og:image:type\" content=\"image\/jpeg\" \/>\n<meta name=\"twitter:card\" content=\"summary_large_image\" \/>\n<meta name=\"twitter:label1\" content=\"Est. reading time\" \/>\n\t<meta name=\"twitter:data1\" content=\"1 minute\" \/>\n<script type=\"application\/ld+json\" class=\"yoast-schema-graph\">{\"@context\":\"https:\\\/\\\/schema.org\",\"@graph\":[{\"@type\":\"WebPage\",\"@id\":\"https:\\\/\\\/www.geigercars.de\\\/product\\\/oz-ultraleggera-felgen-in-19-20-corvette-c8\\\/\",\"url\":\"https:\\\/\\\/www.geigercars.de\\\/product\\\/oz-ultraleggera-felgen-in-19-20-corvette-c8\\\/\",\"name\":\"OZ Ultraleggera Felgen in 19\\\" &amp; 20\\\" Corvette C8 - Geigercars.de GmbH\",\"isPartOf\":{\"@id\":\"https:\\\/\\\/www.geigercars.de\\\/#website\"},\"primaryImageOfPage\":{\"@id\":\"https:\\\/\\\/www.geigercars.de\\\/product\\\/oz-ultraleggera-felgen-in-19-20-corvette-c8\\\/#primaryimage\"},\"image\":{\"@id\":\"https:\\\/\\\/www.geigercars.de\\\/product\\\/oz-ultraleggera-felgen-in-19-20-corvette-c8\\\/#primaryimage\"},\"thumbnailUrl\":\"https:\\\/\\\/www.geigercars.de\\\/wp-content\\\/uploads\\\/2024\\\/08\\\/Geigercars_Corvette_210611-25-scaled.jpg\",\"datePublished\":\"2024-08-14T06:50:05+00:00\",\"dateModified\":\"2025-07-08T07:46:59+00:00\",\"description\":\"Dieser speziell f\u00fcr die Corvette C8 entwickelte Track Performance Radsatz stammt vom renommierten Hersteller OZ und \u00fcberzeugt durch h\u00f6chste Performance, Pr\u00e4zision und exklusives Design. Im Vergleich zum originalen Radsatz ist dieses Set rund 20 Kilogramm leichter.\",\"breadcrumb\":{\"@id\":\"https:\\\/\\\/www.geigercars.de\\\/product\\\/oz-ultraleggera-felgen-in-19-20-corvette-c8\\\/#breadcrumb\"},\"inLanguage\":\"en-US\",\"potentialAction\":[{\"@type\":\"ReadAction\",\"target\":[\"https:\\\/\\\/www.geigercars.de\\\/product\\\/oz-ultraleggera-felgen-in-19-20-corvette-c8\\\/\"]}]},{\"@type\":\"ImageObject\",\"inLanguage\":\"en-US\",\"@id\":\"https:\\\/\\\/www.geigercars.de\\\/product\\\/oz-ultraleggera-felgen-in-19-20-corvette-c8\\\/#primaryimage\",\"url\":\"https:\\\/\\\/www.geigercars.de\\\/wp-content\\\/uploads\\\/2024\\\/08\\\/Geigercars_Corvette_210611-25-scaled.jpg\",\"contentUrl\":\"https:\\\/\\\/www.geigercars.de\\\/wp-content\\\/uploads\\\/2024\\\/08\\\/Geigercars_Corvette_210611-25-scaled.jpg\",\"width\":2560,\"height\":1708,\"caption\":\"Nahaufnahme der vorderen schwarzen OZ-Felge an einer orangefarbenen Corvette C8, fotografiert im Sonnenlicht.\"},{\"@type\":\"BreadcrumbList\",\"@id\":\"https:\\\/\\\/www.geigercars.de\\\/product\\\/oz-ultraleggera-felgen-in-19-20-corvette-c8\\\/#breadcrumb\",\"itemListElement\":[{\"@type\":\"ListItem\",\"position\":1,\"name\":\"Startseite\",\"item\":\"https:\\\/\\\/www.geigercars.de\\\/\"},{\"@type\":\"ListItem\",\"position\":2,\"name\":\"Produkte\",\"item\":\"https:\\\/\\\/www.geigercars.de\\\/shop\\\/\"},{\"@type\":\"ListItem\",\"position\":3,\"name\":\"OZ Ultraleggera Felgen in 19&#8243; &amp; 20&#8243; Corvette C8\"}]},{\"@type\":\"WebSite\",\"@id\":\"https:\\\/\\\/www.geigercars.de\\\/#website\",\"url\":\"https:\\\/\\\/www.geigercars.de\\\/\",\"name\":\"Geigercars.de\",\"description\":\"Home of US-Cars\",\"publisher\":{\"@id\":\"https:\\\/\\\/www.geigercars.de\\\/#organization\"},\"potentialAction\":[{\"@type\":\"SearchAction\",\"target\":{\"@type\":\"EntryPoint\",\"urlTemplate\":\"https:\\\/\\\/www.geigercars.de\\\/?s={search_term_string}\"},\"query-input\":{\"@type\":\"PropertyValueSpecification\",\"valueRequired\":true,\"valueName\":\"search_term_string\"}}],\"inLanguage\":\"en-US\"},{\"@type\":\"Organization\",\"@id\":\"https:\\\/\\\/www.geigercars.de\\\/#organization\",\"name\":\"Geigercars.de\",\"url\":\"https:\\\/\\\/www.geigercars.de\\\/\",\"logo\":{\"@type\":\"ImageObject\",\"inLanguage\":\"en-US\",\"@id\":\"https:\\\/\\\/www.geigercars.de\\\/#\\\/schema\\\/logo\\\/image\\\/\",\"url\":\"https:\\\/\\\/www.geigercars.de\\\/wp-content\\\/uploads\\\/2024\\\/03\\\/geigercars_logo.png\",\"contentUrl\":\"https:\\\/\\\/www.geigercars.de\\\/wp-content\\\/uploads\\\/2024\\\/03\\\/geigercars_logo.png\",\"width\":400,\"height\":52,\"caption\":\"Geigercars.de\"},\"image\":{\"@id\":\"https:\\\/\\\/www.geigercars.de\\\/#\\\/schema\\\/logo\\\/image\\\/\"},\"sameAs\":[\"https:\\\/\\\/www.facebook.com\\\/GeigerCars.de\\\/\",\"https:\\\/\\\/www.instagram.com\\\/geigercars\\\/\",\"https:\\\/\\\/www.youtube.com\\\/@geigercarsde_official\"]}]}<\/script>\n<!-- \/ Yoast SEO plugin. -->","yoast_head_json":{"title":"OZ Ultraleggera rims in 19&quot; &amp; 20&quot; Corvette C8 - Geigercars.de GmbH","description":"This Track Performance wheel set, specially developed for the Corvette C8, comes from the renowned manufacturer OZ and impresses with its superior performance, precision, and exclusive design. Compared to the original wheel set, this set is approximately 20 kilograms lighter.","robots":{"index":"index","follow":"follow","max-snippet":"max-snippet:-1","max-image-preview":"max-image-preview:large","max-video-preview":"max-video-preview:-1"},"canonical":"https:\/\/www.geigercars.de\/en\/product\/oz-ultraleggera-rims-in-19-20-corvette-c8\/","og_locale":"en_US","og_type":"article","og_title":"OZ Ultraleggera Felgen in 19\" &amp; 20\" Corvette C8 - Geigercars.de GmbH","og_description":"Dieser speziell f\u00fcr die Corvette C8 entwickelte Track Performance Radsatz stammt vom renommierten Hersteller OZ und \u00fcberzeugt durch h\u00f6chste Performance, Pr\u00e4zision und exklusives Design. Im Vergleich zum originalen Radsatz ist dieses Set rund 20 Kilogramm leichter.","og_url":"https:\/\/www.geigercars.de\/en\/product\/oz-ultraleggera-rims-in-19-20-corvette-c8\/","og_site_name":"Geigercars.de GmbH","article_publisher":"https:\/\/www.facebook.com\/GeigerCars.de\/","article_modified_time":"2025-07-08T07:46:59+00:00","og_image":[{"width":2560,"height":1708,"url":"https:\/\/www.geigercars.de\/wp-content\/uploads\/2024\/08\/Geigercars_Corvette_210611-25-scaled.jpg","type":"image\/jpeg"}],"twitter_card":"summary_large_image","twitter_misc":{"Est. reading time":"1 minute"},"schema":{"@context":"https:\/\/schema.org","@graph":[{"@type":"WebPage","@id":"https:\/\/www.geigercars.de\/product\/oz-ultraleggera-felgen-in-19-20-corvette-c8\/","url":"https:\/\/www.geigercars.de\/product\/oz-ultraleggera-felgen-in-19-20-corvette-c8\/","name":"OZ Ultraleggera rims in 19&quot; &amp; 20&quot; Corvette C8 - Geigercars.de GmbH","isPartOf":{"@id":"https:\/\/www.geigercars.de\/#website"},"primaryImageOfPage":{"@id":"https:\/\/www.geigercars.de\/product\/oz-ultraleggera-felgen-in-19-20-corvette-c8\/#primaryimage"},"image":{"@id":"https:\/\/www.geigercars.de\/product\/oz-ultraleggera-felgen-in-19-20-corvette-c8\/#primaryimage"},"thumbnailUrl":"https:\/\/www.geigercars.de\/wp-content\/uploads\/2024\/08\/Geigercars_Corvette_210611-25-scaled.jpg","datePublished":"2024-08-14T06:50:05+00:00","dateModified":"2025-07-08T07:46:59+00:00","description":"This Track Performance wheel set, specially developed for the Corvette C8, comes from the renowned manufacturer OZ and impresses with its superior performance, precision, and exclusive design. Compared to the original wheel set, this set is approximately 20 kilograms lighter.","breadcrumb":{"@id":"https:\/\/www.geigercars.de\/product\/oz-ultraleggera-felgen-in-19-20-corvette-c8\/#breadcrumb"},"inLanguage":"en-US","potentialAction":[{"@type":"ReadAction","target":["https:\/\/www.geigercars.de\/product\/oz-ultraleggera-felgen-in-19-20-corvette-c8\/"]}]},{"@type":"ImageObject","inLanguage":"en-US","@id":"https:\/\/www.geigercars.de\/product\/oz-ultraleggera-felgen-in-19-20-corvette-c8\/#primaryimage","url":"https:\/\/www.geigercars.de\/wp-content\/uploads\/2024\/08\/Geigercars_Corvette_210611-25-scaled.jpg","contentUrl":"https:\/\/www.geigercars.de\/wp-content\/uploads\/2024\/08\/Geigercars_Corvette_210611-25-scaled.jpg","width":2560,"height":1708,"caption":"Nahaufnahme der vorderen schwarzen OZ-Felge an einer orangefarbenen Corvette C8, fotografiert im Sonnenlicht."},{"@type":"BreadcrumbList","@id":"https:\/\/www.geigercars.de\/product\/oz-ultraleggera-felgen-in-19-20-corvette-c8\/#breadcrumb","itemListElement":[{"@type":"ListItem","position":1,"name":"Startseite","item":"https:\/\/www.geigercars.de\/"},{"@type":"ListItem","position":2,"name":"Produkte","item":"https:\/\/www.geigercars.de\/shop\/"},{"@type":"ListItem","position":3,"name":"OZ Ultraleggera Felgen in 19&#8243; &amp; 20&#8243; Corvette C8"}]},{"@type":"WebSite","@id":"https:\/\/www.geigercars.de\/#website","url":"https:\/\/www.geigercars.de\/","name":"Geigercars.de","description":"Home of US Cars","publisher":{"@id":"https:\/\/www.geigercars.de\/#organization"},"potentialAction":[{"@type":"SearchAction","target":{"@type":"EntryPoint","urlTemplate":"https:\/\/www.geigercars.de\/?s={search_term_string}"},"query-input":{"@type":"PropertyValueSpecification","valueRequired":true,"valueName":"search_term_string"}}],"inLanguage":"en-US"},{"@type":"Organization","@id":"https:\/\/www.geigercars.de\/#organization","name":"Geigercars.de","url":"https:\/\/www.geigercars.de\/","logo":{"@type":"ImageObject","inLanguage":"en-US","@id":"https:\/\/www.geigercars.de\/#\/schema\/logo\/image\/","url":"https:\/\/www.geigercars.de\/wp-content\/uploads\/2024\/03\/geigercars_logo.png","contentUrl":"https:\/\/www.geigercars.de\/wp-content\/uploads\/2024\/03\/geigercars_logo.png","width":400,"height":52,"caption":"Geigercars.de"},"image":{"@id":"https:\/\/www.geigercars.de\/#\/schema\/logo\/image\/"},"sameAs":["https:\/\/www.facebook.com\/GeigerCars.de\/","https:\/\/www.instagram.com\/geigercars\/","https:\/\/www.youtube.com\/@geigercarsde_official"]}]}},"_links":{"self":[{"href":"https:\/\/www.geigercars.de\/en\/wp-json\/wp\/v2\/product\/17507","targetHints":{"allow":["GET"]}}],"collection":[{"href":"https:\/\/www.geigercars.de\/en\/wp-json\/wp\/v2\/product"}],"about":[{"href":"https:\/\/www.geigercars.de\/en\/wp-json\/wp\/v2\/types\/product"}],"version-history":[{"count":0,"href":"https:\/\/www.geigercars.de\/en\/wp-json\/wp\/v2\/product\/17507\/revisions"}],"wp:featuredmedia":[{"embeddable":true,"href":"https:\/\/www.geigercars.de\/en\/wp-json\/wp\/v2\/media\/17668"}],"wp:attachment":[{"href":"https:\/\/www.geigercars.de\/en\/wp-json\/wp\/v2\/media?parent=17507"}],"wp:term":[{"taxonomy":"product_brand","embeddable":true,"href":"https:\/\/www.geigercars.de\/en\/wp-json\/wp\/v2\/product_brand?post=17507"},{"taxonomy":"product_cat","embeddable":true,"href":"https:\/\/www.geigercars.de\/en\/wp-json\/wp\/v2\/product_cat?post=17507"},{"taxonomy":"product_tag","embeddable":true,"href":"https:\/\/www.geigercars.de\/en\/wp-json\/wp\/v2\/product_tag?post=17507"}],"curies":[{"name":"wp","href":"https:\/\/api.w.org\/{rel}","templated":true}]}}