{"id":17458,"date":"2024-08-14T08:49:18","date_gmt":"2024-08-14T06:49:18","guid":{"rendered":"https:\/\/www.geigercars.de\/?post_type=product&#038;p=17458"},"modified":"2026-05-12T09:14:44","modified_gmt":"2026-05-12T07:14:44","slug":"rear-spoiler-carbon-corvette-c8-geiger","status":"publish","type":"product","link":"https:\/\/www.geigercars.de\/en\/product\/rear-spoiler-carbon-corvette-c8-geiger","title":{"rendered":"Rear spoiler carbon Corvette C8 Geiger"},"content":{"rendered":"<div id=\"part-teaser\">A Geiger carbon rear spoiler specially made for the Corvette C8.<\/div>\n<ul>\n<li>Extremely high-quality multi-layer prepreg carbon made in Germany<\/li>\n<li>Improved longitudinal dynamics &amp; top speed<\/li>\n<li>Including parts certificate<\/li>\n<\/ul>\n<div>\n<p><em>We would be happy to provide you with an individual quote for installation in our company.<\/em><\/p>\n<\/div>\n<div id=\"part-cars\">\n<h4>Suitable for vehicles:<\/h4>\n<p><span class=\"make\">Chevrolet: Corvette <\/span><span class=\"model\">C8<\/span><\/p>\n<h5>Years of construction<\/h5>\n<p>from 2020<\/p>\n<p>&nbsp;<\/p>\n<p>Note: All prices quoted are non-binding and subject to change. Subject to price changes and errors. Despite careful maintenance of our content, no guarantee can be given for the accuracy, completeness, or timeliness of the price information.<\/p>\n<\/div>","protected":false},"excerpt":{"rendered":"<p>plus packaging and shipping<\/p>\n<p>Price without assembly<\/p>","protected":false},"featured_media":20007,"template":"","meta":[],"product_brand":[],"product_cat":[88,87],"product_tag":[297,204,95,90,312,96,307],"class_list":{"0":"post-17458","1":"product","2":"type-product","3":"status-publish","4":"has-post-thumbnail","6":"product_cat-c8","7":"product_cat-corvette","8":"product_tag-aero","9":"product_tag-c8","10":"product_tag-carbon","11":"product_tag-corvette-c8","12":"product_tag-gurney","13":"product_tag-heckspoiler","14":"product_tag-prepreg","16":"first","17":"instock","18":"taxable","19":"shipping-taxable","20":"purchasable","21":"product-type-simple"},"yoast_head":"<!-- This site is optimized with the Yoast SEO plugin v27.6 - https:\/\/yoast.com\/product\/yoast-seo-wordpress\/ -->\n<title>Heckspoiler Carbon Corvette C8 Geiger - Geigercars.de GmbH<\/title>\n<meta name=\"description\" content=\"Ein exklusiv f\u00fcr die C8 gefertitger Geiger Carbon Heckspoiler.- Extrem hochwertiges Prepreg-Carbon.- Verbesserte H\u00f6chstgeschwindigkeit- Verbesserte L\u00e4ngsdynamik.- 12kg Abtrieb an der Hinterachse.- Sehr passgenau.- 100% Made in Germany.- Inkl. Teilegutachten.\" \/>\n<meta name=\"robots\" content=\"index, follow, max-snippet:-1, max-image-preview:large, max-video-preview:-1\" \/>\n<link rel=\"canonical\" href=\"https:\/\/www.geigercars.de\/en\/product\/rear-spoiler-carbon-corvette-c8-geiger\/\" \/>\n<meta property=\"og:locale\" content=\"en_US\" \/>\n<meta property=\"og:type\" content=\"article\" \/>\n<meta property=\"og:title\" content=\"Heckspoiler Carbon Corvette C8 Geiger - Geigercars.de GmbH\" \/>\n<meta property=\"og:description\" content=\"Ein exklusiv f\u00fcr die C8 gefertitger Geiger Carbon Heckspoiler.- Extrem hochwertiges Prepreg-Carbon.- Verbesserte H\u00f6chstgeschwindigkeit- Verbesserte L\u00e4ngsdynamik.- 12kg Abtrieb an der Hinterachse.- Sehr passgenau.- 100% Made in Germany.- Inkl. Teilegutachten.\" \/>\n<meta property=\"og:url\" content=\"https:\/\/www.geigercars.de\/en\/product\/rear-spoiler-carbon-corvette-c8-geiger\/\" \/>\n<meta property=\"og:site_name\" content=\"Geigercars.de GmbH\" \/>\n<meta property=\"article:publisher\" content=\"https:\/\/www.facebook.com\/GeigerCars.de\/\" \/>\n<meta property=\"article:modified_time\" content=\"2026-05-12T07:14:44+00:00\" \/>\n<meta property=\"og:image\" content=\"https:\/\/www.geigercars.de\/wp-content\/uploads\/2025\/05\/4C9A9621-scaled-e1747026944863.jpg\" \/>\n\t<meta property=\"og:image:width\" content=\"1707\" \/>\n\t<meta property=\"og:image:height\" content=\"1707\" \/>\n\t<meta property=\"og:image:type\" content=\"image\/jpeg\" \/>\n<meta name=\"twitter:card\" content=\"summary_large_image\" \/>\n<meta name=\"twitter:label1\" content=\"Est. reading time\" \/>\n\t<meta name=\"twitter:data1\" content=\"1 minute\" \/>\n<script type=\"application\/ld+json\" class=\"yoast-schema-graph\">{\"@context\":\"https:\\\/\\\/schema.org\",\"@graph\":[{\"@type\":\"WebPage\",\"@id\":\"https:\\\/\\\/www.geigercars.de\\\/product\\\/heckspoiler-carbon-corvette-c8-geiger\\\/\",\"url\":\"https:\\\/\\\/www.geigercars.de\\\/product\\\/heckspoiler-carbon-corvette-c8-geiger\\\/\",\"name\":\"Heckspoiler Carbon Corvette C8 Geiger - Geigercars.de GmbH\",\"isPartOf\":{\"@id\":\"https:\\\/\\\/www.geigercars.de\\\/#website\"},\"primaryImageOfPage\":{\"@id\":\"https:\\\/\\\/www.geigercars.de\\\/product\\\/heckspoiler-carbon-corvette-c8-geiger\\\/#primaryimage\"},\"image\":{\"@id\":\"https:\\\/\\\/www.geigercars.de\\\/product\\\/heckspoiler-carbon-corvette-c8-geiger\\\/#primaryimage\"},\"thumbnailUrl\":\"https:\\\/\\\/www.geigercars.de\\\/wp-content\\\/uploads\\\/2025\\\/05\\\/4C9A9621-scaled-e1747026944863.jpg\",\"datePublished\":\"2024-08-14T06:49:18+00:00\",\"dateModified\":\"2026-05-12T07:14:44+00:00\",\"description\":\"Ein exklusiv f\u00fcr die C8 gefertitger Geiger Carbon Heckspoiler.- Extrem hochwertiges Prepreg-Carbon.- Verbesserte H\u00f6chstgeschwindigkeit- Verbesserte L\u00e4ngsdynamik.- 12kg Abtrieb an der Hinterachse.- Sehr passgenau.- 100% Made in Germany.- Inkl. Teilegutachten.\",\"breadcrumb\":{\"@id\":\"https:\\\/\\\/www.geigercars.de\\\/product\\\/heckspoiler-carbon-corvette-c8-geiger\\\/#breadcrumb\"},\"inLanguage\":\"en-US\",\"potentialAction\":[{\"@type\":\"ReadAction\",\"target\":[\"https:\\\/\\\/www.geigercars.de\\\/product\\\/heckspoiler-carbon-corvette-c8-geiger\\\/\"]}]},{\"@type\":\"ImageObject\",\"inLanguage\":\"en-US\",\"@id\":\"https:\\\/\\\/www.geigercars.de\\\/product\\\/heckspoiler-carbon-corvette-c8-geiger\\\/#primaryimage\",\"url\":\"https:\\\/\\\/www.geigercars.de\\\/wp-content\\\/uploads\\\/2025\\\/05\\\/4C9A9621-scaled-e1747026944863.jpg\",\"contentUrl\":\"https:\\\/\\\/www.geigercars.de\\\/wp-content\\\/uploads\\\/2025\\\/05\\\/4C9A9621-scaled-e1747026944863.jpg\",\"width\":1707,\"height\":1707},{\"@type\":\"BreadcrumbList\",\"@id\":\"https:\\\/\\\/www.geigercars.de\\\/product\\\/heckspoiler-carbon-corvette-c8-geiger\\\/#breadcrumb\",\"itemListElement\":[{\"@type\":\"ListItem\",\"position\":1,\"name\":\"Startseite\",\"item\":\"https:\\\/\\\/www.geigercars.de\\\/\"},{\"@type\":\"ListItem\",\"position\":2,\"name\":\"Produkte\",\"item\":\"https:\\\/\\\/www.geigercars.de\\\/shop\\\/\"},{\"@type\":\"ListItem\",\"position\":3,\"name\":\"Heckspoiler Carbon Corvette C8 Geiger\"}]},{\"@type\":\"WebSite\",\"@id\":\"https:\\\/\\\/www.geigercars.de\\\/#website\",\"url\":\"https:\\\/\\\/www.geigercars.de\\\/\",\"name\":\"Geigercars.de\",\"description\":\"Home of US-Cars\",\"publisher\":{\"@id\":\"https:\\\/\\\/www.geigercars.de\\\/#organization\"},\"potentialAction\":[{\"@type\":\"SearchAction\",\"target\":{\"@type\":\"EntryPoint\",\"urlTemplate\":\"https:\\\/\\\/www.geigercars.de\\\/?s={search_term_string}\"},\"query-input\":{\"@type\":\"PropertyValueSpecification\",\"valueRequired\":true,\"valueName\":\"search_term_string\"}}],\"inLanguage\":\"en-US\"},{\"@type\":\"Organization\",\"@id\":\"https:\\\/\\\/www.geigercars.de\\\/#organization\",\"name\":\"Geigercars.de\",\"url\":\"https:\\\/\\\/www.geigercars.de\\\/\",\"logo\":{\"@type\":\"ImageObject\",\"inLanguage\":\"en-US\",\"@id\":\"https:\\\/\\\/www.geigercars.de\\\/#\\\/schema\\\/logo\\\/image\\\/\",\"url\":\"https:\\\/\\\/www.geigercars.de\\\/wp-content\\\/uploads\\\/2024\\\/03\\\/geigercars_logo.png\",\"contentUrl\":\"https:\\\/\\\/www.geigercars.de\\\/wp-content\\\/uploads\\\/2024\\\/03\\\/geigercars_logo.png\",\"width\":400,\"height\":52,\"caption\":\"Geigercars.de\"},\"image\":{\"@id\":\"https:\\\/\\\/www.geigercars.de\\\/#\\\/schema\\\/logo\\\/image\\\/\"},\"sameAs\":[\"https:\\\/\\\/www.facebook.com\\\/GeigerCars.de\\\/\",\"https:\\\/\\\/www.instagram.com\\\/geigercars\\\/\",\"https:\\\/\\\/www.youtube.com\\\/@geigercarsde_official\"]}]}<\/script>\n<!-- \/ Yoast SEO plugin. -->","yoast_head_json":{"title":"Rear spoiler carbon Corvette C8 Geiger - Geigercars.de GmbH","description":"A Geiger carbon rear spoiler manufactured exclusively for the C8. - Extremely high-quality prepreg carbon. - Improved top speed - Improved longitudinal dynamics. - 12 kg of downforce on the rear axle. - Very precise fit. - 100% Made in Germany. - Incl. parts certificate.","robots":{"index":"index","follow":"follow","max-snippet":"max-snippet:-1","max-image-preview":"max-image-preview:large","max-video-preview":"max-video-preview:-1"},"canonical":"https:\/\/www.geigercars.de\/en\/product\/rear-spoiler-carbon-corvette-c8-geiger\/","og_locale":"en_US","og_type":"article","og_title":"Heckspoiler Carbon Corvette C8 Geiger - Geigercars.de GmbH","og_description":"Ein exklusiv f\u00fcr die C8 gefertitger Geiger Carbon Heckspoiler.- Extrem hochwertiges Prepreg-Carbon.- Verbesserte H\u00f6chstgeschwindigkeit- Verbesserte L\u00e4ngsdynamik.- 12kg Abtrieb an der Hinterachse.- Sehr passgenau.- 100% Made in Germany.- Inkl. Teilegutachten.","og_url":"https:\/\/www.geigercars.de\/en\/product\/rear-spoiler-carbon-corvette-c8-geiger\/","og_site_name":"Geigercars.de GmbH","article_publisher":"https:\/\/www.facebook.com\/GeigerCars.de\/","article_modified_time":"2026-05-12T07:14:44+00:00","og_image":[{"width":1707,"height":1707,"url":"https:\/\/www.geigercars.de\/wp-content\/uploads\/2025\/05\/4C9A9621-scaled-e1747026944863.jpg","type":"image\/jpeg"}],"twitter_card":"summary_large_image","twitter_misc":{"Est. reading time":"1 minute"},"schema":{"@context":"https:\/\/schema.org","@graph":[{"@type":"WebPage","@id":"https:\/\/www.geigercars.de\/product\/heckspoiler-carbon-corvette-c8-geiger\/","url":"https:\/\/www.geigercars.de\/product\/heckspoiler-carbon-corvette-c8-geiger\/","name":"Rear spoiler carbon Corvette C8 Geiger - Geigercars.de GmbH","isPartOf":{"@id":"https:\/\/www.geigercars.de\/#website"},"primaryImageOfPage":{"@id":"https:\/\/www.geigercars.de\/product\/heckspoiler-carbon-corvette-c8-geiger\/#primaryimage"},"image":{"@id":"https:\/\/www.geigercars.de\/product\/heckspoiler-carbon-corvette-c8-geiger\/#primaryimage"},"thumbnailUrl":"https:\/\/www.geigercars.de\/wp-content\/uploads\/2025\/05\/4C9A9621-scaled-e1747026944863.jpg","datePublished":"2024-08-14T06:49:18+00:00","dateModified":"2026-05-12T07:14:44+00:00","description":"A Geiger carbon rear spoiler manufactured exclusively for the C8. - Extremely high-quality prepreg carbon. - Improved top speed - Improved longitudinal dynamics. - 12 kg of downforce on the rear axle. - Very precise fit. - 100% Made in Germany. - Incl. parts certificate.","breadcrumb":{"@id":"https:\/\/www.geigercars.de\/product\/heckspoiler-carbon-corvette-c8-geiger\/#breadcrumb"},"inLanguage":"en-US","potentialAction":[{"@type":"ReadAction","target":["https:\/\/www.geigercars.de\/product\/heckspoiler-carbon-corvette-c8-geiger\/"]}]},{"@type":"ImageObject","inLanguage":"en-US","@id":"https:\/\/www.geigercars.de\/product\/heckspoiler-carbon-corvette-c8-geiger\/#primaryimage","url":"https:\/\/www.geigercars.de\/wp-content\/uploads\/2025\/05\/4C9A9621-scaled-e1747026944863.jpg","contentUrl":"https:\/\/www.geigercars.de\/wp-content\/uploads\/2025\/05\/4C9A9621-scaled-e1747026944863.jpg","width":1707,"height":1707},{"@type":"BreadcrumbList","@id":"https:\/\/www.geigercars.de\/product\/heckspoiler-carbon-corvette-c8-geiger\/#breadcrumb","itemListElement":[{"@type":"ListItem","position":1,"name":"Startseite","item":"https:\/\/www.geigercars.de\/"},{"@type":"ListItem","position":2,"name":"Produkte","item":"https:\/\/www.geigercars.de\/shop\/"},{"@type":"ListItem","position":3,"name":"Heckspoiler Carbon Corvette C8 Geiger"}]},{"@type":"WebSite","@id":"https:\/\/www.geigercars.de\/#website","url":"https:\/\/www.geigercars.de\/","name":"Geigercars.de","description":"Home of US Cars","publisher":{"@id":"https:\/\/www.geigercars.de\/#organization"},"potentialAction":[{"@type":"SearchAction","target":{"@type":"EntryPoint","urlTemplate":"https:\/\/www.geigercars.de\/?s={search_term_string}"},"query-input":{"@type":"PropertyValueSpecification","valueRequired":true,"valueName":"search_term_string"}}],"inLanguage":"en-US"},{"@type":"Organization","@id":"https:\/\/www.geigercars.de\/#organization","name":"Geigercars.de","url":"https:\/\/www.geigercars.de\/","logo":{"@type":"ImageObject","inLanguage":"en-US","@id":"https:\/\/www.geigercars.de\/#\/schema\/logo\/image\/","url":"https:\/\/www.geigercars.de\/wp-content\/uploads\/2024\/03\/geigercars_logo.png","contentUrl":"https:\/\/www.geigercars.de\/wp-content\/uploads\/2024\/03\/geigercars_logo.png","width":400,"height":52,"caption":"Geigercars.de"},"image":{"@id":"https:\/\/www.geigercars.de\/#\/schema\/logo\/image\/"},"sameAs":["https:\/\/www.facebook.com\/GeigerCars.de\/","https:\/\/www.instagram.com\/geigercars\/","https:\/\/www.youtube.com\/@geigercarsde_official"]}]}},"_links":{"self":[{"href":"https:\/\/www.geigercars.de\/en\/wp-json\/wp\/v2\/product\/17458","targetHints":{"allow":["GET"]}}],"collection":[{"href":"https:\/\/www.geigercars.de\/en\/wp-json\/wp\/v2\/product"}],"about":[{"href":"https:\/\/www.geigercars.de\/en\/wp-json\/wp\/v2\/types\/product"}],"version-history":[{"count":1,"href":"https:\/\/www.geigercars.de\/en\/wp-json\/wp\/v2\/product\/17458\/revisions"}],"predecessor-version":[{"id":22678,"href":"https:\/\/www.geigercars.de\/en\/wp-json\/wp\/v2\/product\/17458\/revisions\/22678"}],"wp:featuredmedia":[{"embeddable":true,"href":"https:\/\/www.geigercars.de\/en\/wp-json\/wp\/v2\/media\/20007"}],"wp:attachment":[{"href":"https:\/\/www.geigercars.de\/en\/wp-json\/wp\/v2\/media?parent=17458"}],"wp:term":[{"taxonomy":"product_brand","embeddable":true,"href":"https:\/\/www.geigercars.de\/en\/wp-json\/wp\/v2\/product_brand?post=17458"},{"taxonomy":"product_cat","embeddable":true,"href":"https:\/\/www.geigercars.de\/en\/wp-json\/wp\/v2\/product_cat?post=17458"},{"taxonomy":"product_tag","embeddable":true,"href":"https:\/\/www.geigercars.de\/en\/wp-json\/wp\/v2\/product_tag?post=17458"}],"curies":[{"name":"wp","href":"https:\/\/api.w.org\/{rel}","templated":true}]}}