{"id":15512,"date":"2024-04-29T11:45:24","date_gmt":"2024-04-29T09:45:24","guid":{"rendered":"https:\/\/www.geigercars.de\/?post_type=product&#038;p=15512"},"modified":"2026-03-18T09:33:49","modified_gmt":"2026-03-18T08:33:49","slug":"kw-gewindefahrwerk-v4-inkl-stuetzlager-dodge-challenger-hellcat","status":"publish","type":"product","link":"https:\/\/www.geigercars.de\/en\/product\/kw-gewindefahrwerk-v4-inkl-stuetzlager-dodge-challenger-hellcat","title":{"rendered":"KW Gewindefahrwerk V4 inkl. St\u00fctzlager Dodge Challenger Hellcat"},"content":{"rendered":"<p class=\"\" data-start=\"315\" data-end=\"554\">Produktinformation:<\/p>\n<ul data-bind=\"foreach: {data: attributes_to_show(), as: '_propkey'}\">\n<li class=\"product-attributes\">Tieferlegung VA\/HA (mm):\u00a05-30 \/ 10-30\u00a0<i class=\"fa fa-info-circle\"><\/i><\/li>\n<li class=\"product-attributes\">Ausf\u00fchrung:\u00a0V4<\/li>\n<li class=\"product-attributes\">H\u00e4rteverstellung:\u00a0Zug- und Druckstufe<\/li>\n<li class=\"product-attributes\"><span data-bind=\"text: $parents[0].commonAttributes()['att_' + _propkey].name\">Material<\/span>:\u00a0<span data-bind=\"html: $parents[0].commonAttributes()['att_' + _propkey].wert\">Edelstahl<\/span><\/li>\n<li class=\"product-attributes\"><span data-bind=\"text: $parents[0].commonAttributes()['att_' + _propkey].name\">Verstellung VA\/HA<\/span>:\u00a0<span data-bind=\"html: $parents[0].commonAttributes()['att_' + _propkey].wert\">Gewinde\/Gewinde<\/span><\/li>\n<li class=\"product-attributes\"><span data-bind=\"text: $parents[0].commonAttributes()['att_' + _propkey].name\">Zulassung<\/span>:\u00a0<span data-bind=\"html: $parents[0].commonAttributes()['att_' + _propkey].wert\">Gutachten (\u00a719.2)<\/span><\/li>\n<\/ul>\n<p>&nbsp;<\/p>\n<p><em>Gerne erstellen wir Ihnen ein individuelles Angebot f\u00fcr die Montage in unserem Haus.<\/em><\/p>\n<h4><\/h4>\n<h4>Passend f\u00fcr Fahrzeuge:<\/h4>\n<p>Dodge: Challenger Hellcat,<\/p>\n<p>Dodge: Charger Hellcat<\/p>\n<h5>Baujahre<\/h5>\n<p>ab 2007<\/p>\n<p>&nbsp;<\/p>\n<div class=\"row\">\n<div class=\"small-12 columns\">\n<p>Hinweis: Alle angegebenen Preise sind unverbindlich und freibleibend. Preis\u00e4nderungen und Irrt\u00fcmer vorbehalten. Trotz sorgf\u00e4ltiger Pflege unserer Inhalte kann keine Gew\u00e4hr f\u00fcr die Richtigkeit, Vollst\u00e4ndigkeit und Aktualit\u00e4t der Preisangaben \u00fcbernommen werden.<\/p>\n<\/div>\n<\/div>\n","protected":false},"excerpt":{"rendered":"<p>plus packaging and shipping<\/p>\n<p>Price without assembly<\/p>","protected":false},"featured_media":22064,"template":"","meta":[],"product_brand":[],"product_cat":[175,178,123],"product_tag":[],"class_list":{"0":"post-15512","1":"product","2":"type-product","3":"status-publish","4":"has-post-thumbnail","6":"product_cat-challenger","7":"product_cat-charger","8":"product_cat-dodge","10":"first","11":"instock","12":"taxable","13":"shipping-taxable","14":"purchasable","15":"product-type-simple"},"yoast_head":"<!-- This site is optimized with the Yoast SEO plugin v27.5 - https:\/\/yoast.com\/product\/yoast-seo-wordpress\/ -->\n<title>KW Gewindefahrwerk V4 inkl. St\u00fctzlager Dodge Challenger Hellcat - Geigercars.de GmbH<\/title>\n<meta name=\"robots\" content=\"index, follow, max-snippet:-1, max-image-preview:large, max-video-preview:-1\" \/>\n<link rel=\"canonical\" href=\"https:\/\/www.geigercars.de\/en\/product\/kw-gewindefahrwerk-v4-inkl-stuetzlager-dodge-challenger-hellcat\/\" \/>\n<meta property=\"og:locale\" content=\"en_US\" \/>\n<meta property=\"og:type\" content=\"article\" \/>\n<meta property=\"og:title\" content=\"KW Gewindefahrwerk V4 inkl. St\u00fctzlager Dodge Challenger Hellcat - Geigercars.de GmbH\" \/>\n<meta property=\"og:description\" content=\"zzgl. Verpackung und Versand  Preis ohne Montage\" \/>\n<meta property=\"og:url\" content=\"https:\/\/www.geigercars.de\/en\/product\/kw-gewindefahrwerk-v4-inkl-stuetzlager-dodge-challenger-hellcat\/\" \/>\n<meta property=\"og:site_name\" content=\"Geigercars.de GmbH\" \/>\n<meta property=\"article:publisher\" content=\"https:\/\/www.facebook.com\/GeigerCars.de\/\" \/>\n<meta property=\"article:modified_time\" content=\"2026-03-18T08:33:49+00:00\" \/>\n<meta property=\"og:image\" content=\"https:\/\/www.geigercars.de\/wp-content\/uploads\/2024\/04\/KW-V4-Challenger-Charger.png\" \/>\n\t<meta property=\"og:image:width\" content=\"1080\" \/>\n\t<meta property=\"og:image:height\" content=\"1080\" \/>\n\t<meta property=\"og:image:type\" content=\"image\/png\" \/>\n<meta name=\"twitter:card\" content=\"summary_large_image\" \/>\n<meta name=\"twitter:label1\" content=\"Est. reading time\" \/>\n\t<meta name=\"twitter:data1\" content=\"1 minute\" \/>\n<script type=\"application\/ld+json\" class=\"yoast-schema-graph\">{\"@context\":\"https:\\\/\\\/schema.org\",\"@graph\":[{\"@type\":\"WebPage\",\"@id\":\"https:\\\/\\\/www.geigercars.de\\\/product\\\/kw-gewindefahrwerk-v4-inkl-stuetzlager-dodge-challenger-hellcat\\\/\",\"url\":\"https:\\\/\\\/www.geigercars.de\\\/product\\\/kw-gewindefahrwerk-v4-inkl-stuetzlager-dodge-challenger-hellcat\\\/\",\"name\":\"KW Gewindefahrwerk V4 inkl. St\u00fctzlager Dodge Challenger Hellcat - Geigercars.de GmbH\",\"isPartOf\":{\"@id\":\"https:\\\/\\\/www.geigercars.de\\\/#website\"},\"primaryImageOfPage\":{\"@id\":\"https:\\\/\\\/www.geigercars.de\\\/product\\\/kw-gewindefahrwerk-v4-inkl-stuetzlager-dodge-challenger-hellcat\\\/#primaryimage\"},\"image\":{\"@id\":\"https:\\\/\\\/www.geigercars.de\\\/product\\\/kw-gewindefahrwerk-v4-inkl-stuetzlager-dodge-challenger-hellcat\\\/#primaryimage\"},\"thumbnailUrl\":\"https:\\\/\\\/www.geigercars.de\\\/wp-content\\\/uploads\\\/2024\\\/04\\\/KW-V4-Challenger-Charger.png\",\"datePublished\":\"2024-04-29T09:45:24+00:00\",\"dateModified\":\"2026-03-18T08:33:49+00:00\",\"breadcrumb\":{\"@id\":\"https:\\\/\\\/www.geigercars.de\\\/product\\\/kw-gewindefahrwerk-v4-inkl-stuetzlager-dodge-challenger-hellcat\\\/#breadcrumb\"},\"inLanguage\":\"en-US\",\"potentialAction\":[{\"@type\":\"ReadAction\",\"target\":[\"https:\\\/\\\/www.geigercars.de\\\/product\\\/kw-gewindefahrwerk-v4-inkl-stuetzlager-dodge-challenger-hellcat\\\/\"]}]},{\"@type\":\"ImageObject\",\"inLanguage\":\"en-US\",\"@id\":\"https:\\\/\\\/www.geigercars.de\\\/product\\\/kw-gewindefahrwerk-v4-inkl-stuetzlager-dodge-challenger-hellcat\\\/#primaryimage\",\"url\":\"https:\\\/\\\/www.geigercars.de\\\/wp-content\\\/uploads\\\/2024\\\/04\\\/KW-V4-Challenger-Charger.png\",\"contentUrl\":\"https:\\\/\\\/www.geigercars.de\\\/wp-content\\\/uploads\\\/2024\\\/04\\\/KW-V4-Challenger-Charger.png\",\"width\":1080,\"height\":1080},{\"@type\":\"BreadcrumbList\",\"@id\":\"https:\\\/\\\/www.geigercars.de\\\/product\\\/kw-gewindefahrwerk-v4-inkl-stuetzlager-dodge-challenger-hellcat\\\/#breadcrumb\",\"itemListElement\":[{\"@type\":\"ListItem\",\"position\":1,\"name\":\"Startseite\",\"item\":\"https:\\\/\\\/www.geigercars.de\\\/\"},{\"@type\":\"ListItem\",\"position\":2,\"name\":\"Produkte\",\"item\":\"https:\\\/\\\/www.geigercars.de\\\/shop\\\/\"},{\"@type\":\"ListItem\",\"position\":3,\"name\":\"KW Gewindefahrwerk V4 inkl. St\u00fctzlager Dodge Challenger Hellcat\"}]},{\"@type\":\"WebSite\",\"@id\":\"https:\\\/\\\/www.geigercars.de\\\/#website\",\"url\":\"https:\\\/\\\/www.geigercars.de\\\/\",\"name\":\"Geigercars.de\",\"description\":\"Home of US-Cars\",\"publisher\":{\"@id\":\"https:\\\/\\\/www.geigercars.de\\\/#organization\"},\"potentialAction\":[{\"@type\":\"SearchAction\",\"target\":{\"@type\":\"EntryPoint\",\"urlTemplate\":\"https:\\\/\\\/www.geigercars.de\\\/?s={search_term_string}\"},\"query-input\":{\"@type\":\"PropertyValueSpecification\",\"valueRequired\":true,\"valueName\":\"search_term_string\"}}],\"inLanguage\":\"en-US\"},{\"@type\":\"Organization\",\"@id\":\"https:\\\/\\\/www.geigercars.de\\\/#organization\",\"name\":\"Geigercars.de\",\"url\":\"https:\\\/\\\/www.geigercars.de\\\/\",\"logo\":{\"@type\":\"ImageObject\",\"inLanguage\":\"en-US\",\"@id\":\"https:\\\/\\\/www.geigercars.de\\\/#\\\/schema\\\/logo\\\/image\\\/\",\"url\":\"https:\\\/\\\/www.geigercars.de\\\/wp-content\\\/uploads\\\/2024\\\/03\\\/geigercars_logo.png\",\"contentUrl\":\"https:\\\/\\\/www.geigercars.de\\\/wp-content\\\/uploads\\\/2024\\\/03\\\/geigercars_logo.png\",\"width\":400,\"height\":52,\"caption\":\"Geigercars.de\"},\"image\":{\"@id\":\"https:\\\/\\\/www.geigercars.de\\\/#\\\/schema\\\/logo\\\/image\\\/\"},\"sameAs\":[\"https:\\\/\\\/www.facebook.com\\\/GeigerCars.de\\\/\",\"https:\\\/\\\/www.instagram.com\\\/geigercars\\\/\",\"https:\\\/\\\/www.youtube.com\\\/@geigercarsde_official\"]}]}<\/script>\n<!-- \/ Yoast SEO plugin. -->","yoast_head_json":{"title":"KW Gewindefahrwerk V4 inkl. St\u00fctzlager Dodge Challenger Hellcat - Geigercars.de GmbH","robots":{"index":"index","follow":"follow","max-snippet":"max-snippet:-1","max-image-preview":"max-image-preview:large","max-video-preview":"max-video-preview:-1"},"canonical":"https:\/\/www.geigercars.de\/en\/product\/kw-gewindefahrwerk-v4-inkl-stuetzlager-dodge-challenger-hellcat\/","og_locale":"en_US","og_type":"article","og_title":"KW Gewindefahrwerk V4 inkl. St\u00fctzlager Dodge Challenger Hellcat - Geigercars.de GmbH","og_description":"zzgl. Verpackung und Versand  Preis ohne Montage","og_url":"https:\/\/www.geigercars.de\/en\/product\/kw-gewindefahrwerk-v4-inkl-stuetzlager-dodge-challenger-hellcat\/","og_site_name":"Geigercars.de GmbH","article_publisher":"https:\/\/www.facebook.com\/GeigerCars.de\/","article_modified_time":"2026-03-18T08:33:49+00:00","og_image":[{"width":1080,"height":1080,"url":"https:\/\/www.geigercars.de\/wp-content\/uploads\/2024\/04\/KW-V4-Challenger-Charger.png","type":"image\/png"}],"twitter_card":"summary_large_image","twitter_misc":{"Est. reading time":"1 minute"},"schema":{"@context":"https:\/\/schema.org","@graph":[{"@type":"WebPage","@id":"https:\/\/www.geigercars.de\/product\/kw-gewindefahrwerk-v4-inkl-stuetzlager-dodge-challenger-hellcat\/","url":"https:\/\/www.geigercars.de\/product\/kw-gewindefahrwerk-v4-inkl-stuetzlager-dodge-challenger-hellcat\/","name":"KW Gewindefahrwerk V4 inkl. St\u00fctzlager Dodge Challenger Hellcat - Geigercars.de GmbH","isPartOf":{"@id":"https:\/\/www.geigercars.de\/#website"},"primaryImageOfPage":{"@id":"https:\/\/www.geigercars.de\/product\/kw-gewindefahrwerk-v4-inkl-stuetzlager-dodge-challenger-hellcat\/#primaryimage"},"image":{"@id":"https:\/\/www.geigercars.de\/product\/kw-gewindefahrwerk-v4-inkl-stuetzlager-dodge-challenger-hellcat\/#primaryimage"},"thumbnailUrl":"https:\/\/www.geigercars.de\/wp-content\/uploads\/2024\/04\/KW-V4-Challenger-Charger.png","datePublished":"2024-04-29T09:45:24+00:00","dateModified":"2026-03-18T08:33:49+00:00","breadcrumb":{"@id":"https:\/\/www.geigercars.de\/product\/kw-gewindefahrwerk-v4-inkl-stuetzlager-dodge-challenger-hellcat\/#breadcrumb"},"inLanguage":"en-US","potentialAction":[{"@type":"ReadAction","target":["https:\/\/www.geigercars.de\/product\/kw-gewindefahrwerk-v4-inkl-stuetzlager-dodge-challenger-hellcat\/"]}]},{"@type":"ImageObject","inLanguage":"en-US","@id":"https:\/\/www.geigercars.de\/product\/kw-gewindefahrwerk-v4-inkl-stuetzlager-dodge-challenger-hellcat\/#primaryimage","url":"https:\/\/www.geigercars.de\/wp-content\/uploads\/2024\/04\/KW-V4-Challenger-Charger.png","contentUrl":"https:\/\/www.geigercars.de\/wp-content\/uploads\/2024\/04\/KW-V4-Challenger-Charger.png","width":1080,"height":1080},{"@type":"BreadcrumbList","@id":"https:\/\/www.geigercars.de\/product\/kw-gewindefahrwerk-v4-inkl-stuetzlager-dodge-challenger-hellcat\/#breadcrumb","itemListElement":[{"@type":"ListItem","position":1,"name":"Startseite","item":"https:\/\/www.geigercars.de\/"},{"@type":"ListItem","position":2,"name":"Produkte","item":"https:\/\/www.geigercars.de\/shop\/"},{"@type":"ListItem","position":3,"name":"KW Gewindefahrwerk V4 inkl. St\u00fctzlager Dodge Challenger Hellcat"}]},{"@type":"WebSite","@id":"https:\/\/www.geigercars.de\/#website","url":"https:\/\/www.geigercars.de\/","name":"Geigercars.de","description":"Home of US Cars","publisher":{"@id":"https:\/\/www.geigercars.de\/#organization"},"potentialAction":[{"@type":"SearchAction","target":{"@type":"EntryPoint","urlTemplate":"https:\/\/www.geigercars.de\/?s={search_term_string}"},"query-input":{"@type":"PropertyValueSpecification","valueRequired":true,"valueName":"search_term_string"}}],"inLanguage":"en-US"},{"@type":"Organization","@id":"https:\/\/www.geigercars.de\/#organization","name":"Geigercars.de","url":"https:\/\/www.geigercars.de\/","logo":{"@type":"ImageObject","inLanguage":"en-US","@id":"https:\/\/www.geigercars.de\/#\/schema\/logo\/image\/","url":"https:\/\/www.geigercars.de\/wp-content\/uploads\/2024\/03\/geigercars_logo.png","contentUrl":"https:\/\/www.geigercars.de\/wp-content\/uploads\/2024\/03\/geigercars_logo.png","width":400,"height":52,"caption":"Geigercars.de"},"image":{"@id":"https:\/\/www.geigercars.de\/#\/schema\/logo\/image\/"},"sameAs":["https:\/\/www.facebook.com\/GeigerCars.de\/","https:\/\/www.instagram.com\/geigercars\/","https:\/\/www.youtube.com\/@geigercarsde_official"]}]}},"_links":{"self":[{"href":"https:\/\/www.geigercars.de\/en\/wp-json\/wp\/v2\/product\/15512","targetHints":{"allow":["GET"]}}],"collection":[{"href":"https:\/\/www.geigercars.de\/en\/wp-json\/wp\/v2\/product"}],"about":[{"href":"https:\/\/www.geigercars.de\/en\/wp-json\/wp\/v2\/types\/product"}],"version-history":[{"count":2,"href":"https:\/\/www.geigercars.de\/en\/wp-json\/wp\/v2\/product\/15512\/revisions"}],"predecessor-version":[{"id":22065,"href":"https:\/\/www.geigercars.de\/en\/wp-json\/wp\/v2\/product\/15512\/revisions\/22065"}],"wp:featuredmedia":[{"embeddable":true,"href":"https:\/\/www.geigercars.de\/en\/wp-json\/wp\/v2\/media\/22064"}],"wp:attachment":[{"href":"https:\/\/www.geigercars.de\/en\/wp-json\/wp\/v2\/media?parent=15512"}],"wp:term":[{"taxonomy":"product_brand","embeddable":true,"href":"https:\/\/www.geigercars.de\/en\/wp-json\/wp\/v2\/product_brand?post=15512"},{"taxonomy":"product_cat","embeddable":true,"href":"https:\/\/www.geigercars.de\/en\/wp-json\/wp\/v2\/product_cat?post=15512"},{"taxonomy":"product_tag","embeddable":true,"href":"https:\/\/www.geigercars.de\/en\/wp-json\/wp\/v2\/product_tag?post=15512"}],"curies":[{"name":"wp","href":"https:\/\/api.w.org\/{rel}","templated":true}]}}