{"id":15106,"date":"2024-04-25T08:54:38","date_gmt":"2024-04-25T06:54:38","guid":{"rendered":"https:\/\/www.geigercars.de\/?post_type=product&#038;p=15106"},"modified":"2025-07-10T09:19:28","modified_gmt":"2025-07-10T07:19:28","slug":"dodge-ram-1500-dt-geiger-sports-exhaust-including-parts-certificate","status":"publish","type":"product","link":"https:\/\/www.geigercars.de\/en\/product\/dodge-ram-1500-dt-geiger-sports-exhaust-including-parts-certificate","title":{"rendered":"Dodge RAM 1500 DT Geiger sports exhaust including parts certificate"},"content":{"rendered":"<p>The high-quality Geiger Performance stainless steel sports exhaust gives the RAM 1500 5.7L HEMI (from 2010) a deep, powerful and characterful sound.<\/p>\n<p>The sports exhaust is mounted from the catalytic converters and impresses with two polished stainless steel tailpipes in 114 mm format.<\/p>\n<p><strong>Additional option:<\/strong>\u00a0Black powder-coated tailpipes for \u20ac219.00 including VAT.<\/p>\n<p><strong>Important: <\/strong>The combination of Geiger exhaust system and matching Geiger sports air filter is T\u00dcV approved and noted in the parts certificate.<\/p>\n<p><strong>Attention! NOT suitable for:<\/strong><br \/>\nSLT and Classic models,\u00a0<span class=\"sku_wrapper\"><span class=\"sku\">For these models we offer an alternative exhaust system.<br \/>\n<\/span><\/span><\/p>\n<p>&nbsp;<\/p>\n<p><em>We would be happy to provide you with an individual quote for installation in our company.<\/em><\/p>\n<p>&nbsp;<\/p>\n<div id=\"cust_product_cont\" class=\"custom-content-section\">\n<div class=\"elementor elementor-10898\" data-elementor-type=\"section\" data-elementor-id=\"10898\" data-elementor-post-type=\"elementor_library\">\n<div class=\"elementor-element elementor-element-01e3e7e e-flex e-con-boxed e-con e-parent e-lazyloaded\" data-id=\"01e3e7e\" data-element_type=\"container\">\n<div class=\"e-con-inner\">\n<div class=\"elementor-element elementor-element-fc47478 elementor-hidden-tablet elementor-hidden-mobile elementor-widget elementor-widget-spacer\" data-id=\"fc47478\" data-element_type=\"widget\" data-widget_type=\"spacer.default\">\n<div class=\"elementor-widget-container\">\n<div class=\"elementor-spacer\">\n<h4>Suitable for vehicles:<\/h4>\n<p><span class=\"make\">Dodge:\u00a0<\/span><span class=\"model\">Ram 1500 DT<\/span><\/p>\n<h5>Years of construction<\/h5>\n<p>from 2019<\/p>\n<\/div>\n<p>&nbsp;<\/p>\n<p>Note: All prices quoted are non-binding and subject to change. Subject to price changes and errors. Despite careful maintenance of our content, no guarantee can be given for the accuracy, completeness, or timeliness of the price information.<\/p>\n<\/div>\n<\/div>\n<\/div>\n<\/div>\n<\/div>\n<\/div>\n<p>&nbsp;<\/p>","protected":false},"excerpt":{"rendered":"<p>plus packaging and shipping<\/p>\n<p>Price without assembly<\/p>","protected":false},"featured_media":15107,"template":"","meta":[],"product_brand":[],"product_cat":[123,173],"product_tag":[],"class_list":{"0":"post-15106","1":"product","2":"type-product","3":"status-publish","4":"has-post-thumbnail","6":"product_cat-dodge","7":"product_cat-ram-1500","9":"first","10":"instock","11":"taxable","12":"shipping-taxable","13":"purchasable","14":"product-type-simple"},"yoast_head":"<!-- This site is optimized with the Yoast SEO plugin v27.5 - https:\/\/yoast.com\/product\/yoast-seo-wordpress\/ -->\n<title>Dodge RAM 1500 DT Geiger-Sportauspuff inkl. Teilegutachten - Geigercars.de GmbH<\/title>\n<meta name=\"robots\" content=\"index, follow, max-snippet:-1, max-image-preview:large, max-video-preview:-1\" \/>\n<link rel=\"canonical\" href=\"https:\/\/www.geigercars.de\/en\/product\/dodge-ram-1500-dt-geiger-sports-exhaust-including-parts-certificate\/\" \/>\n<meta property=\"og:locale\" content=\"en_US\" \/>\n<meta property=\"og:type\" content=\"article\" \/>\n<meta property=\"og:title\" content=\"Dodge RAM 1500 DT Geiger-Sportauspuff inkl. Teilegutachten - Geigercars.de GmbH\" \/>\n<meta property=\"og:description\" content=\"zzgl. Verpackung und Versand  Preis ohne Montage\" \/>\n<meta property=\"og:url\" content=\"https:\/\/www.geigercars.de\/en\/product\/dodge-ram-1500-dt-geiger-sports-exhaust-including-parts-certificate\/\" \/>\n<meta property=\"og:site_name\" content=\"Geigercars.de GmbH\" \/>\n<meta property=\"article:publisher\" content=\"https:\/\/www.facebook.com\/GeigerCars.de\/\" \/>\n<meta property=\"article:modified_time\" content=\"2025-07-10T07:19:28+00:00\" \/>\n<meta property=\"og:image\" content=\"https:\/\/www.geigercars.de\/wp-content\/uploads\/2024\/04\/AgAgeiger-ram.jpg\" \/>\n\t<meta property=\"og:image:width\" content=\"1240\" \/>\n\t<meta property=\"og:image:height\" content=\"932\" \/>\n\t<meta property=\"og:image:type\" content=\"image\/jpeg\" \/>\n<meta name=\"twitter:card\" content=\"summary_large_image\" \/>\n<meta name=\"twitter:label1\" content=\"Est. reading time\" \/>\n\t<meta name=\"twitter:data1\" content=\"1 minute\" \/>\n<script type=\"application\/ld+json\" class=\"yoast-schema-graph\">{\"@context\":\"https:\\\/\\\/schema.org\",\"@graph\":[{\"@type\":\"WebPage\",\"@id\":\"https:\\\/\\\/www.geigercars.de\\\/product\\\/dodge-ram-1500-dt-geiger-sportauspuff-inkl-teilegutachten\\\/\",\"url\":\"https:\\\/\\\/www.geigercars.de\\\/product\\\/dodge-ram-1500-dt-geiger-sportauspuff-inkl-teilegutachten\\\/\",\"name\":\"Dodge RAM 1500 DT Geiger-Sportauspuff inkl. Teilegutachten - Geigercars.de GmbH\",\"isPartOf\":{\"@id\":\"https:\\\/\\\/www.geigercars.de\\\/#website\"},\"primaryImageOfPage\":{\"@id\":\"https:\\\/\\\/www.geigercars.de\\\/product\\\/dodge-ram-1500-dt-geiger-sportauspuff-inkl-teilegutachten\\\/#primaryimage\"},\"image\":{\"@id\":\"https:\\\/\\\/www.geigercars.de\\\/product\\\/dodge-ram-1500-dt-geiger-sportauspuff-inkl-teilegutachten\\\/#primaryimage\"},\"thumbnailUrl\":\"https:\\\/\\\/www.geigercars.de\\\/wp-content\\\/uploads\\\/2024\\\/04\\\/AgAgeiger-ram.jpg\",\"datePublished\":\"2024-04-25T06:54:38+00:00\",\"dateModified\":\"2025-07-10T07:19:28+00:00\",\"breadcrumb\":{\"@id\":\"https:\\\/\\\/www.geigercars.de\\\/product\\\/dodge-ram-1500-dt-geiger-sportauspuff-inkl-teilegutachten\\\/#breadcrumb\"},\"inLanguage\":\"en-US\",\"potentialAction\":[{\"@type\":\"ReadAction\",\"target\":[\"https:\\\/\\\/www.geigercars.de\\\/product\\\/dodge-ram-1500-dt-geiger-sportauspuff-inkl-teilegutachten\\\/\"]}]},{\"@type\":\"ImageObject\",\"inLanguage\":\"en-US\",\"@id\":\"https:\\\/\\\/www.geigercars.de\\\/product\\\/dodge-ram-1500-dt-geiger-sportauspuff-inkl-teilegutachten\\\/#primaryimage\",\"url\":\"https:\\\/\\\/www.geigercars.de\\\/wp-content\\\/uploads\\\/2024\\\/04\\\/AgAgeiger-ram.jpg\",\"contentUrl\":\"https:\\\/\\\/www.geigercars.de\\\/wp-content\\\/uploads\\\/2024\\\/04\\\/AgAgeiger-ram.jpg\",\"width\":1240,\"height\":932,\"caption\":\"Schwarzer RAM Pick-up mit offener Ladefl\u00e4che, schr\u00e4g von hinten aufgenommen, geparkt vor einem modernen Geb\u00e4ude mit GeigerCars-Branding.\"},{\"@type\":\"BreadcrumbList\",\"@id\":\"https:\\\/\\\/www.geigercars.de\\\/product\\\/dodge-ram-1500-dt-geiger-sportauspuff-inkl-teilegutachten\\\/#breadcrumb\",\"itemListElement\":[{\"@type\":\"ListItem\",\"position\":1,\"name\":\"Startseite\",\"item\":\"https:\\\/\\\/www.geigercars.de\\\/\"},{\"@type\":\"ListItem\",\"position\":2,\"name\":\"Produkte\",\"item\":\"https:\\\/\\\/www.geigercars.de\\\/shop\\\/\"},{\"@type\":\"ListItem\",\"position\":3,\"name\":\"Dodge RAM 1500 DT Geiger-Sportauspuff inkl. Teilegutachten\"}]},{\"@type\":\"WebSite\",\"@id\":\"https:\\\/\\\/www.geigercars.de\\\/#website\",\"url\":\"https:\\\/\\\/www.geigercars.de\\\/\",\"name\":\"Geigercars.de\",\"description\":\"Home of US-Cars\",\"publisher\":{\"@id\":\"https:\\\/\\\/www.geigercars.de\\\/#organization\"},\"potentialAction\":[{\"@type\":\"SearchAction\",\"target\":{\"@type\":\"EntryPoint\",\"urlTemplate\":\"https:\\\/\\\/www.geigercars.de\\\/?s={search_term_string}\"},\"query-input\":{\"@type\":\"PropertyValueSpecification\",\"valueRequired\":true,\"valueName\":\"search_term_string\"}}],\"inLanguage\":\"en-US\"},{\"@type\":\"Organization\",\"@id\":\"https:\\\/\\\/www.geigercars.de\\\/#organization\",\"name\":\"Geigercars.de\",\"url\":\"https:\\\/\\\/www.geigercars.de\\\/\",\"logo\":{\"@type\":\"ImageObject\",\"inLanguage\":\"en-US\",\"@id\":\"https:\\\/\\\/www.geigercars.de\\\/#\\\/schema\\\/logo\\\/image\\\/\",\"url\":\"https:\\\/\\\/www.geigercars.de\\\/wp-content\\\/uploads\\\/2024\\\/03\\\/geigercars_logo.png\",\"contentUrl\":\"https:\\\/\\\/www.geigercars.de\\\/wp-content\\\/uploads\\\/2024\\\/03\\\/geigercars_logo.png\",\"width\":400,\"height\":52,\"caption\":\"Geigercars.de\"},\"image\":{\"@id\":\"https:\\\/\\\/www.geigercars.de\\\/#\\\/schema\\\/logo\\\/image\\\/\"},\"sameAs\":[\"https:\\\/\\\/www.facebook.com\\\/GeigerCars.de\\\/\",\"https:\\\/\\\/www.instagram.com\\\/geigercars\\\/\",\"https:\\\/\\\/www.youtube.com\\\/@geigercarsde_official\"]}]}<\/script>\n<!-- \/ Yoast SEO plugin. -->","yoast_head_json":{"title":"Dodge RAM 1500 DT Geiger sports exhaust including parts certificate - Geigercars.de GmbH","robots":{"index":"index","follow":"follow","max-snippet":"max-snippet:-1","max-image-preview":"max-image-preview:large","max-video-preview":"max-video-preview:-1"},"canonical":"https:\/\/www.geigercars.de\/en\/product\/dodge-ram-1500-dt-geiger-sports-exhaust-including-parts-certificate\/","og_locale":"en_US","og_type":"article","og_title":"Dodge RAM 1500 DT Geiger-Sportauspuff inkl. Teilegutachten - Geigercars.de GmbH","og_description":"zzgl. Verpackung und Versand  Preis ohne Montage","og_url":"https:\/\/www.geigercars.de\/en\/product\/dodge-ram-1500-dt-geiger-sports-exhaust-including-parts-certificate\/","og_site_name":"Geigercars.de GmbH","article_publisher":"https:\/\/www.facebook.com\/GeigerCars.de\/","article_modified_time":"2025-07-10T07:19:28+00:00","og_image":[{"width":1240,"height":932,"url":"https:\/\/www.geigercars.de\/wp-content\/uploads\/2024\/04\/AgAgeiger-ram.jpg","type":"image\/jpeg"}],"twitter_card":"summary_large_image","twitter_misc":{"Est. reading time":"1 minute"},"schema":{"@context":"https:\/\/schema.org","@graph":[{"@type":"WebPage","@id":"https:\/\/www.geigercars.de\/product\/dodge-ram-1500-dt-geiger-sportauspuff-inkl-teilegutachten\/","url":"https:\/\/www.geigercars.de\/product\/dodge-ram-1500-dt-geiger-sportauspuff-inkl-teilegutachten\/","name":"Dodge RAM 1500 DT Geiger sports exhaust including parts certificate - Geigercars.de GmbH","isPartOf":{"@id":"https:\/\/www.geigercars.de\/#website"},"primaryImageOfPage":{"@id":"https:\/\/www.geigercars.de\/product\/dodge-ram-1500-dt-geiger-sportauspuff-inkl-teilegutachten\/#primaryimage"},"image":{"@id":"https:\/\/www.geigercars.de\/product\/dodge-ram-1500-dt-geiger-sportauspuff-inkl-teilegutachten\/#primaryimage"},"thumbnailUrl":"https:\/\/www.geigercars.de\/wp-content\/uploads\/2024\/04\/AgAgeiger-ram.jpg","datePublished":"2024-04-25T06:54:38+00:00","dateModified":"2025-07-10T07:19:28+00:00","breadcrumb":{"@id":"https:\/\/www.geigercars.de\/product\/dodge-ram-1500-dt-geiger-sportauspuff-inkl-teilegutachten\/#breadcrumb"},"inLanguage":"en-US","potentialAction":[{"@type":"ReadAction","target":["https:\/\/www.geigercars.de\/product\/dodge-ram-1500-dt-geiger-sportauspuff-inkl-teilegutachten\/"]}]},{"@type":"ImageObject","inLanguage":"en-US","@id":"https:\/\/www.geigercars.de\/product\/dodge-ram-1500-dt-geiger-sportauspuff-inkl-teilegutachten\/#primaryimage","url":"https:\/\/www.geigercars.de\/wp-content\/uploads\/2024\/04\/AgAgeiger-ram.jpg","contentUrl":"https:\/\/www.geigercars.de\/wp-content\/uploads\/2024\/04\/AgAgeiger-ram.jpg","width":1240,"height":932,"caption":"Schwarzer RAM Pick-up mit offener Ladefl\u00e4che, schr\u00e4g von hinten aufgenommen, geparkt vor einem modernen Geb\u00e4ude mit GeigerCars-Branding."},{"@type":"BreadcrumbList","@id":"https:\/\/www.geigercars.de\/product\/dodge-ram-1500-dt-geiger-sportauspuff-inkl-teilegutachten\/#breadcrumb","itemListElement":[{"@type":"ListItem","position":1,"name":"Startseite","item":"https:\/\/www.geigercars.de\/"},{"@type":"ListItem","position":2,"name":"Produkte","item":"https:\/\/www.geigercars.de\/shop\/"},{"@type":"ListItem","position":3,"name":"Dodge RAM 1500 DT Geiger-Sportauspuff inkl. Teilegutachten"}]},{"@type":"WebSite","@id":"https:\/\/www.geigercars.de\/#website","url":"https:\/\/www.geigercars.de\/","name":"Geigercars.de","description":"Home of US Cars","publisher":{"@id":"https:\/\/www.geigercars.de\/#organization"},"potentialAction":[{"@type":"SearchAction","target":{"@type":"EntryPoint","urlTemplate":"https:\/\/www.geigercars.de\/?s={search_term_string}"},"query-input":{"@type":"PropertyValueSpecification","valueRequired":true,"valueName":"search_term_string"}}],"inLanguage":"en-US"},{"@type":"Organization","@id":"https:\/\/www.geigercars.de\/#organization","name":"Geigercars.de","url":"https:\/\/www.geigercars.de\/","logo":{"@type":"ImageObject","inLanguage":"en-US","@id":"https:\/\/www.geigercars.de\/#\/schema\/logo\/image\/","url":"https:\/\/www.geigercars.de\/wp-content\/uploads\/2024\/03\/geigercars_logo.png","contentUrl":"https:\/\/www.geigercars.de\/wp-content\/uploads\/2024\/03\/geigercars_logo.png","width":400,"height":52,"caption":"Geigercars.de"},"image":{"@id":"https:\/\/www.geigercars.de\/#\/schema\/logo\/image\/"},"sameAs":["https:\/\/www.facebook.com\/GeigerCars.de\/","https:\/\/www.instagram.com\/geigercars\/","https:\/\/www.youtube.com\/@geigercarsde_official"]}]}},"_links":{"self":[{"href":"https:\/\/www.geigercars.de\/en\/wp-json\/wp\/v2\/product\/15106","targetHints":{"allow":["GET"]}}],"collection":[{"href":"https:\/\/www.geigercars.de\/en\/wp-json\/wp\/v2\/product"}],"about":[{"href":"https:\/\/www.geigercars.de\/en\/wp-json\/wp\/v2\/types\/product"}],"version-history":[{"count":0,"href":"https:\/\/www.geigercars.de\/en\/wp-json\/wp\/v2\/product\/15106\/revisions"}],"wp:featuredmedia":[{"embeddable":true,"href":"https:\/\/www.geigercars.de\/en\/wp-json\/wp\/v2\/media\/15107"}],"wp:attachment":[{"href":"https:\/\/www.geigercars.de\/en\/wp-json\/wp\/v2\/media?parent=15106"}],"wp:term":[{"taxonomy":"product_brand","embeddable":true,"href":"https:\/\/www.geigercars.de\/en\/wp-json\/wp\/v2\/product_brand?post=15106"},{"taxonomy":"product_cat","embeddable":true,"href":"https:\/\/www.geigercars.de\/en\/wp-json\/wp\/v2\/product_cat?post=15106"},{"taxonomy":"product_tag","embeddable":true,"href":"https:\/\/www.geigercars.de\/en\/wp-json\/wp\/v2\/product_tag?post=15106"}],"curies":[{"name":"wp","href":"https:\/\/api.w.org\/{rel}","templated":true}]}}