{"id":14924,"date":"2024-04-24T10:58:00","date_gmt":"2024-04-24T08:58:00","guid":{"rendered":"https:\/\/www.geigercars.de\/?post_type=product&#038;p=14924"},"modified":"2026-03-18T08:40:26","modified_gmt":"2026-03-18T07:40:26","slug":"kw-coilover-suspension-v3-camaro-gen-6","status":"publish","type":"product","link":"https:\/\/www.geigercars.de\/en\/product\/kw-coilover-suspension-v3-camaro-gen-6","title":{"rendered":"KW coilover kit V3 Camaro Gen 6"},"content":{"rendered":"<p><strong>Informationen zum Produkt:\u00a0<\/strong><\/p>\n<ul data-bind=\"foreach: {data: attributes_to_show(), as: '_propkey'}\">\n<li class=\"product-attributes\"><span data-bind=\"text: $parents[0].commonAttributes()['att_' + _propkey].name\">Ausf\u00fchrung<\/span>:\u00a0<span data-bind=\"html: $parents[0].commonAttributes()['att_' + _propkey].wert\">V3<\/span><\/li>\n<li>Vorderachse: Gewindefederbeine<\/li>\n<li>Hinterachse; Federb nut H\u00f6henverstellung + D\u00e4mpfer<\/li>\n<li>Tieferlegung: variiert je nach Modell<\/li>\n<li class=\"product-attributes\"><span data-bind=\"text: $parents[0].commonAttributes()['att_' + _propkey].name\">H\u00e4rteverstellung<\/span>:\u00a0<span data-bind=\"html: $parents[0].commonAttributes()['att_' + _propkey].wert\">Zug- und Druckstufe<\/span><\/li>\n<li class=\"product-attributes\"><span data-bind=\"text: $parents[0].commonAttributes()['att_' + _propkey].name\">Material<\/span>:\u00a0<span data-bind=\"html: $parents[0].commonAttributes()['att_' + _propkey].wert\">Edelstahl<\/span><\/li>\n<li class=\"product-attributes\"><span data-bind=\"text: $parents[0].commonAttributes()['att_' + _propkey].name\">Verstellung VA\/HA<\/span>:\u00a0<span data-bind=\"html: $parents[0].commonAttributes()['att_' + _propkey].wert\">Gewinde\/Gewinde<\/span><\/li>\n<li class=\"product-attributes\"><span data-bind=\"text: $parents[0].commonAttributes()['att_' + _propkey].name\">Zulassung<\/span>:\u00a0<span data-bind=\"html: $parents[0].commonAttributes()['att_' + _propkey].wert\">Teilegutachten (\u00a719.3)<\/span><\/li>\n<\/ul>\n<p><strong>Hinweis<\/strong>: Auch f\u00fcr Fahrzeuge ohne elektronische D\u00e4mpferregelung verf\u00fcgbar.<\/p>\n<p>&nbsp;<\/p>\n<p><em>Gerne erstellen wir Ihnen ein individuelles Angebot f\u00fcr die Montage in unserem Haus.<\/em><\/p>\n<h4><\/h4>\n<h4>Passend f\u00fcr Fahrzeuge:<\/h4>\n<p><span class=\"make\">Chevrolet:\u00a0<\/span><span class=\"model\">Camaro<\/span><\/p>\n<p><span class=\"model\">Chevrolet: Camaro ZL1\u00a0<\/span><\/p>\n<h5>Baujahre<\/h5>\n<p>ab 2015<\/p>\n<p>&nbsp;<\/p>\n<p>Hinweis: Alle angegebenen Preise sind unverbindlich und freibleibend. Preis\u00e4nderungen und Irrt\u00fcmer vorbehalten. Trotz sorgf\u00e4ltiger Pflege unserer Inhalte kann keine Gew\u00e4hr f\u00fcr die Richtigkeit, Vollst\u00e4ndigkeit und Aktualit\u00e4t der Preisangaben \u00fcbernommen werden.<\/p>\n<p>&nbsp;<\/p>\n","protected":false},"excerpt":{"rendered":"<p>plus packaging and shipping<\/p>\n<p>Price without assembly<\/p>","protected":false},"featured_media":22041,"template":"","meta":[],"product_brand":[],"product_cat":[182,122],"product_tag":[],"class_list":{"0":"post-14924","1":"product","2":"type-product","3":"status-publish","4":"has-post-thumbnail","6":"product_cat-camaro","7":"product_cat-chevrolet","9":"first","10":"instock","11":"taxable","12":"shipping-taxable","13":"purchasable","14":"product-type-simple"},"yoast_head":"<!-- This site is optimized with the Yoast SEO plugin v27.4 - https:\/\/yoast.com\/product\/yoast-seo-wordpress\/ -->\n<title>KW Gewindefahrwerk V3 Camaro Gen 6 - Geigercars.de GmbH<\/title>\n<meta name=\"robots\" content=\"index, follow, max-snippet:-1, max-image-preview:large, max-video-preview:-1\" \/>\n<link rel=\"canonical\" href=\"https:\/\/www.geigercars.de\/en\/product\/kw-coilover-suspension-v3-camaro-gen-6\/\" \/>\n<meta property=\"og:locale\" content=\"en_US\" \/>\n<meta property=\"og:type\" content=\"article\" \/>\n<meta property=\"og:title\" content=\"KW Gewindefahrwerk V3 Camaro Gen 6 - Geigercars.de GmbH\" \/>\n<meta property=\"og:description\" content=\"zzgl. Verpackung und Versand  Preis ohne Montage\" \/>\n<meta property=\"og:url\" content=\"https:\/\/www.geigercars.de\/en\/product\/kw-coilover-suspension-v3-camaro-gen-6\/\" \/>\n<meta property=\"og:site_name\" content=\"Geigercars.de GmbH\" \/>\n<meta property=\"article:publisher\" content=\"https:\/\/www.facebook.com\/GeigerCars.de\/\" \/>\n<meta property=\"article:modified_time\" content=\"2026-03-18T07:40:26+00:00\" \/>\n<meta property=\"og:image\" content=\"https:\/\/www.geigercars.de\/wp-content\/uploads\/2024\/04\/V3-Camaro-Gewindefahrwerk.png\" \/>\n\t<meta property=\"og:image:width\" content=\"1080\" \/>\n\t<meta property=\"og:image:height\" content=\"1080\" \/>\n\t<meta property=\"og:image:type\" content=\"image\/png\" \/>\n<meta name=\"twitter:card\" content=\"summary_large_image\" \/>\n<meta name=\"twitter:label1\" content=\"Est. reading time\" \/>\n\t<meta name=\"twitter:data1\" content=\"1 minute\" \/>\n<script type=\"application\/ld+json\" class=\"yoast-schema-graph\">{\"@context\":\"https:\\\/\\\/schema.org\",\"@graph\":[{\"@type\":\"WebPage\",\"@id\":\"https:\\\/\\\/www.geigercars.de\\\/product\\\/kw-gewindefahrwerk-v3-camaro-gen-6\\\/\",\"url\":\"https:\\\/\\\/www.geigercars.de\\\/product\\\/kw-gewindefahrwerk-v3-camaro-gen-6\\\/\",\"name\":\"KW Gewindefahrwerk V3 Camaro Gen 6 - Geigercars.de GmbH\",\"isPartOf\":{\"@id\":\"https:\\\/\\\/www.geigercars.de\\\/#website\"},\"primaryImageOfPage\":{\"@id\":\"https:\\\/\\\/www.geigercars.de\\\/product\\\/kw-gewindefahrwerk-v3-camaro-gen-6\\\/#primaryimage\"},\"image\":{\"@id\":\"https:\\\/\\\/www.geigercars.de\\\/product\\\/kw-gewindefahrwerk-v3-camaro-gen-6\\\/#primaryimage\"},\"thumbnailUrl\":\"https:\\\/\\\/www.geigercars.de\\\/wp-content\\\/uploads\\\/2024\\\/04\\\/V3-Camaro-Gewindefahrwerk.png\",\"datePublished\":\"2024-04-24T08:58:00+00:00\",\"dateModified\":\"2026-03-18T07:40:26+00:00\",\"breadcrumb\":{\"@id\":\"https:\\\/\\\/www.geigercars.de\\\/product\\\/kw-gewindefahrwerk-v3-camaro-gen-6\\\/#breadcrumb\"},\"inLanguage\":\"en-US\",\"potentialAction\":[{\"@type\":\"ReadAction\",\"target\":[\"https:\\\/\\\/www.geigercars.de\\\/product\\\/kw-gewindefahrwerk-v3-camaro-gen-6\\\/\"]}]},{\"@type\":\"ImageObject\",\"inLanguage\":\"en-US\",\"@id\":\"https:\\\/\\\/www.geigercars.de\\\/product\\\/kw-gewindefahrwerk-v3-camaro-gen-6\\\/#primaryimage\",\"url\":\"https:\\\/\\\/www.geigercars.de\\\/wp-content\\\/uploads\\\/2024\\\/04\\\/V3-Camaro-Gewindefahrwerk.png\",\"contentUrl\":\"https:\\\/\\\/www.geigercars.de\\\/wp-content\\\/uploads\\\/2024\\\/04\\\/V3-Camaro-Gewindefahrwerk.png\",\"width\":1080,\"height\":1080},{\"@type\":\"BreadcrumbList\",\"@id\":\"https:\\\/\\\/www.geigercars.de\\\/product\\\/kw-gewindefahrwerk-v3-camaro-gen-6\\\/#breadcrumb\",\"itemListElement\":[{\"@type\":\"ListItem\",\"position\":1,\"name\":\"Startseite\",\"item\":\"https:\\\/\\\/www.geigercars.de\\\/\"},{\"@type\":\"ListItem\",\"position\":2,\"name\":\"Produkte\",\"item\":\"https:\\\/\\\/www.geigercars.de\\\/shop\\\/\"},{\"@type\":\"ListItem\",\"position\":3,\"name\":\"KW Gewindefahrwerk V3 Camaro Gen 6\"}]},{\"@type\":\"WebSite\",\"@id\":\"https:\\\/\\\/www.geigercars.de\\\/#website\",\"url\":\"https:\\\/\\\/www.geigercars.de\\\/\",\"name\":\"Geigercars.de\",\"description\":\"Home of US-Cars\",\"publisher\":{\"@id\":\"https:\\\/\\\/www.geigercars.de\\\/#organization\"},\"potentialAction\":[{\"@type\":\"SearchAction\",\"target\":{\"@type\":\"EntryPoint\",\"urlTemplate\":\"https:\\\/\\\/www.geigercars.de\\\/?s={search_term_string}\"},\"query-input\":{\"@type\":\"PropertyValueSpecification\",\"valueRequired\":true,\"valueName\":\"search_term_string\"}}],\"inLanguage\":\"en-US\"},{\"@type\":\"Organization\",\"@id\":\"https:\\\/\\\/www.geigercars.de\\\/#organization\",\"name\":\"Geigercars.de\",\"url\":\"https:\\\/\\\/www.geigercars.de\\\/\",\"logo\":{\"@type\":\"ImageObject\",\"inLanguage\":\"en-US\",\"@id\":\"https:\\\/\\\/www.geigercars.de\\\/#\\\/schema\\\/logo\\\/image\\\/\",\"url\":\"https:\\\/\\\/www.geigercars.de\\\/wp-content\\\/uploads\\\/2024\\\/03\\\/geigercars_logo.png\",\"contentUrl\":\"https:\\\/\\\/www.geigercars.de\\\/wp-content\\\/uploads\\\/2024\\\/03\\\/geigercars_logo.png\",\"width\":400,\"height\":52,\"caption\":\"Geigercars.de\"},\"image\":{\"@id\":\"https:\\\/\\\/www.geigercars.de\\\/#\\\/schema\\\/logo\\\/image\\\/\"},\"sameAs\":[\"https:\\\/\\\/www.facebook.com\\\/GeigerCars.de\\\/\",\"https:\\\/\\\/www.instagram.com\\\/geigercars\\\/\",\"https:\\\/\\\/www.youtube.com\\\/@geigercarsde_official\"]}]}<\/script>\n<!-- \/ Yoast SEO plugin. -->","yoast_head_json":{"title":"KW coilover kit V3 Camaro Gen 6 - Geigercars.de GmbH","robots":{"index":"index","follow":"follow","max-snippet":"max-snippet:-1","max-image-preview":"max-image-preview:large","max-video-preview":"max-video-preview:-1"},"canonical":"https:\/\/www.geigercars.de\/en\/product\/kw-coilover-suspension-v3-camaro-gen-6\/","og_locale":"en_US","og_type":"article","og_title":"KW Gewindefahrwerk V3 Camaro Gen 6 - Geigercars.de GmbH","og_description":"zzgl. Verpackung und Versand  Preis ohne Montage","og_url":"https:\/\/www.geigercars.de\/en\/product\/kw-coilover-suspension-v3-camaro-gen-6\/","og_site_name":"Geigercars.de GmbH","article_publisher":"https:\/\/www.facebook.com\/GeigerCars.de\/","article_modified_time":"2026-03-18T07:40:26+00:00","og_image":[{"width":1080,"height":1080,"url":"https:\/\/www.geigercars.de\/wp-content\/uploads\/2024\/04\/V3-Camaro-Gewindefahrwerk.png","type":"image\/png"}],"twitter_card":"summary_large_image","twitter_misc":{"Est. reading time":"1 minute"},"schema":{"@context":"https:\/\/schema.org","@graph":[{"@type":"WebPage","@id":"https:\/\/www.geigercars.de\/product\/kw-gewindefahrwerk-v3-camaro-gen-6\/","url":"https:\/\/www.geigercars.de\/product\/kw-gewindefahrwerk-v3-camaro-gen-6\/","name":"KW coilover kit V3 Camaro Gen 6 - Geigercars.de GmbH","isPartOf":{"@id":"https:\/\/www.geigercars.de\/#website"},"primaryImageOfPage":{"@id":"https:\/\/www.geigercars.de\/product\/kw-gewindefahrwerk-v3-camaro-gen-6\/#primaryimage"},"image":{"@id":"https:\/\/www.geigercars.de\/product\/kw-gewindefahrwerk-v3-camaro-gen-6\/#primaryimage"},"thumbnailUrl":"https:\/\/www.geigercars.de\/wp-content\/uploads\/2024\/04\/V3-Camaro-Gewindefahrwerk.png","datePublished":"2024-04-24T08:58:00+00:00","dateModified":"2026-03-18T07:40:26+00:00","breadcrumb":{"@id":"https:\/\/www.geigercars.de\/product\/kw-gewindefahrwerk-v3-camaro-gen-6\/#breadcrumb"},"inLanguage":"en-US","potentialAction":[{"@type":"ReadAction","target":["https:\/\/www.geigercars.de\/product\/kw-gewindefahrwerk-v3-camaro-gen-6\/"]}]},{"@type":"ImageObject","inLanguage":"en-US","@id":"https:\/\/www.geigercars.de\/product\/kw-gewindefahrwerk-v3-camaro-gen-6\/#primaryimage","url":"https:\/\/www.geigercars.de\/wp-content\/uploads\/2024\/04\/V3-Camaro-Gewindefahrwerk.png","contentUrl":"https:\/\/www.geigercars.de\/wp-content\/uploads\/2024\/04\/V3-Camaro-Gewindefahrwerk.png","width":1080,"height":1080},{"@type":"BreadcrumbList","@id":"https:\/\/www.geigercars.de\/product\/kw-gewindefahrwerk-v3-camaro-gen-6\/#breadcrumb","itemListElement":[{"@type":"ListItem","position":1,"name":"Startseite","item":"https:\/\/www.geigercars.de\/"},{"@type":"ListItem","position":2,"name":"Produkte","item":"https:\/\/www.geigercars.de\/shop\/"},{"@type":"ListItem","position":3,"name":"KW Gewindefahrwerk V3 Camaro Gen 6"}]},{"@type":"WebSite","@id":"https:\/\/www.geigercars.de\/#website","url":"https:\/\/www.geigercars.de\/","name":"Geigercars.de","description":"Home of US Cars","publisher":{"@id":"https:\/\/www.geigercars.de\/#organization"},"potentialAction":[{"@type":"SearchAction","target":{"@type":"EntryPoint","urlTemplate":"https:\/\/www.geigercars.de\/?s={search_term_string}"},"query-input":{"@type":"PropertyValueSpecification","valueRequired":true,"valueName":"search_term_string"}}],"inLanguage":"en-US"},{"@type":"Organization","@id":"https:\/\/www.geigercars.de\/#organization","name":"Geigercars.de","url":"https:\/\/www.geigercars.de\/","logo":{"@type":"ImageObject","inLanguage":"en-US","@id":"https:\/\/www.geigercars.de\/#\/schema\/logo\/image\/","url":"https:\/\/www.geigercars.de\/wp-content\/uploads\/2024\/03\/geigercars_logo.png","contentUrl":"https:\/\/www.geigercars.de\/wp-content\/uploads\/2024\/03\/geigercars_logo.png","width":400,"height":52,"caption":"Geigercars.de"},"image":{"@id":"https:\/\/www.geigercars.de\/#\/schema\/logo\/image\/"},"sameAs":["https:\/\/www.facebook.com\/GeigerCars.de\/","https:\/\/www.instagram.com\/geigercars\/","https:\/\/www.youtube.com\/@geigercarsde_official"]}]}},"_links":{"self":[{"href":"https:\/\/www.geigercars.de\/en\/wp-json\/wp\/v2\/product\/14924","targetHints":{"allow":["GET"]}}],"collection":[{"href":"https:\/\/www.geigercars.de\/en\/wp-json\/wp\/v2\/product"}],"about":[{"href":"https:\/\/www.geigercars.de\/en\/wp-json\/wp\/v2\/types\/product"}],"version-history":[{"count":2,"href":"https:\/\/www.geigercars.de\/en\/wp-json\/wp\/v2\/product\/14924\/revisions"}],"predecessor-version":[{"id":22042,"href":"https:\/\/www.geigercars.de\/en\/wp-json\/wp\/v2\/product\/14924\/revisions\/22042"}],"wp:featuredmedia":[{"embeddable":true,"href":"https:\/\/www.geigercars.de\/en\/wp-json\/wp\/v2\/media\/22041"}],"wp:attachment":[{"href":"https:\/\/www.geigercars.de\/en\/wp-json\/wp\/v2\/media?parent=14924"}],"wp:term":[{"taxonomy":"product_brand","embeddable":true,"href":"https:\/\/www.geigercars.de\/en\/wp-json\/wp\/v2\/product_brand?post=14924"},{"taxonomy":"product_cat","embeddable":true,"href":"https:\/\/www.geigercars.de\/en\/wp-json\/wp\/v2\/product_cat?post=14924"},{"taxonomy":"product_tag","embeddable":true,"href":"https:\/\/www.geigercars.de\/en\/wp-json\/wp\/v2\/product_tag?post=14924"}],"curies":[{"name":"wp","href":"https:\/\/api.w.org\/{rel}","templated":true}]}}