{"id":14313,"date":"2024-04-22T14:05:29","date_gmt":"2024-04-22T12:05:29","guid":{"rendered":"https:\/\/www.geigercars.de\/?post_type=product&#038;p=14313"},"modified":"2026-03-24T08:43:24","modified_gmt":"2026-03-24T07:43:24","slug":"hofmann-spurverbreiterung-23mm-scheibe","status":"publish","type":"product","link":"https:\/\/www.geigercars.de\/en\/product\/hofmann-spurverbreiterung-23mm-scheibe","title":{"rendered":"Hofmann Spurverbreiterung 23mm\/ Scheibe"},"content":{"rendered":"<p class=\"\" data-start=\"84\" data-end=\"245\"><strong>Produktinformationen:\u00a0<\/strong><\/p>\n<ul>\n<li>Aluminium-Spurverbreiterungen<\/li>\n<li>23mm pro Scheibe<\/li>\n<li>36mm pro Achse<\/li>\n<li>inkl. T\u00dcV Festigkeitsgutachten<\/li>\n<li>Montageanleitun<\/li>\n<\/ul>\n<p><em>We would be happy to provide you with an individual quote for installation in our company.<\/em><\/p>\n<p>&nbsp;<\/p>\n<h4>Suitable for vehicles:<\/h4>\n<ul>\n<li><span class=\"make\">Cadillac Escalade<\/span><\/li>\n<li>Dodge Ram<\/li>\n<li>Chevrolet Tahoe\/ Silverado<\/li>\n<li>GMC Sierra<\/li>\n<\/ul>\n<p>&nbsp;<\/p>\n<div class=\"woocommerce-tabs wc-tabs-wrapper\">\n<div id=\"tab-description\" class=\"woocommerce-Tabs-panel woocommerce-Tabs-panel--description panel entry-content wc-tab\" role=\"tabpanel\" aria-labelledby=\"tab-title-description\">\n<p>Hinweis: Alle angegebenen Preise sind unverbindlich und freibleibend. Preis\u00e4nderungen und Irrt\u00fcmer vorbehalten. Trotz sorgf\u00e4ltiger Pflege unserer Inhalte kann keine Gew\u00e4hr f\u00fcr die Richtigkeit, Vollst\u00e4ndigkeit und Aktualit\u00e4t der Preisangaben \u00fcbernommen werden. Produktabbildungen k\u00f6nnen vom tats\u00e4chlichen Produkt abweichen.<\/p>\n<p data-start=\"352\" data-end=\"498\">\n<\/div>\n<\/div>\n<div id=\"cust_product_cont\" class=\"custom-content-section\">\n<div class=\"elementor elementor-10898\" data-elementor-type=\"section\" data-elementor-id=\"10898\" data-elementor-post-type=\"elementor_library\">\n<div class=\"elementor-element elementor-element-01e3e7e e-flex e-con-boxed e-con e-parent e-lazyloaded\" data-id=\"01e3e7e\" data-element_type=\"container\">\n<div class=\"e-con-inner\">\n<div class=\"elementor-element elementor-element-fc47478 elementor-hidden-tablet elementor-hidden-mobile elementor-widget elementor-widget-spacer\" data-id=\"fc47478\" data-element_type=\"widget\" data-widget_type=\"spacer.default\">\n<div class=\"elementor-widget-container\">\n<div class=\"elementor-spacer\"><\/div>\n<\/div>\n<\/div>\n<\/div>\n<\/div>\n<\/div>\n<\/div>","protected":false},"excerpt":{"rendered":"<p>plus packaging and shipping<\/p>\n<p>Price without assembly<\/p>","protected":false},"featured_media":22139,"template":"","meta":[],"product_brand":[],"product_cat":[121,122,123,185,173,180,387],"product_tag":[],"class_list":{"0":"post-14313","1":"product","2":"type-product","3":"status-publish","4":"has-post-thumbnail","6":"product_cat-cadillac","7":"product_cat-chevrolet","8":"product_cat-dodge","9":"product_cat-escalade","10":"product_cat-ram-1500","11":"product_cat-silverado","12":"product_cat-tahoe","14":"first","15":"instock","16":"taxable","17":"shipping-taxable","18":"purchasable","19":"product-type-simple"},"yoast_head":"<!-- This site is optimized with the Yoast SEO plugin v27.5 - https:\/\/yoast.com\/product\/yoast-seo-wordpress\/ -->\n<title>Hofmann Spurverbreiterung 23mm\/ Scheibe - Geigercars.de GmbH<\/title>\n<meta name=\"robots\" content=\"index, follow, max-snippet:-1, max-image-preview:large, max-video-preview:-1\" \/>\n<link rel=\"canonical\" href=\"https:\/\/www.geigercars.de\/en\/product\/hofmann-spurverbreiterung-23mm-scheibe\/\" \/>\n<meta property=\"og:locale\" content=\"en_US\" \/>\n<meta property=\"og:type\" content=\"article\" \/>\n<meta property=\"og:title\" content=\"Hofmann Spurverbreiterung 23mm\/ Scheibe - Geigercars.de GmbH\" \/>\n<meta property=\"og:description\" content=\"zzgl. Verpackung und Versand  Preis ohne Montage\" \/>\n<meta property=\"og:url\" content=\"https:\/\/www.geigercars.de\/en\/product\/hofmann-spurverbreiterung-23mm-scheibe\/\" \/>\n<meta property=\"og:site_name\" content=\"Geigercars.de GmbH\" \/>\n<meta property=\"article:publisher\" content=\"https:\/\/www.facebook.com\/GeigerCars.de\/\" \/>\n<meta property=\"article:modified_time\" content=\"2026-03-24T07:43:24+00:00\" \/>\n<meta property=\"og:image\" content=\"https:\/\/www.geigercars.de\/wp-content\/uploads\/2024\/04\/Hofmann-Spurplatten.png\" \/>\n\t<meta property=\"og:image:width\" content=\"1080\" \/>\n\t<meta property=\"og:image:height\" content=\"1080\" \/>\n\t<meta property=\"og:image:type\" content=\"image\/png\" \/>\n<meta name=\"twitter:card\" content=\"summary_large_image\" \/>\n<meta name=\"twitter:label1\" content=\"Est. reading time\" \/>\n\t<meta name=\"twitter:data1\" content=\"1 minute\" \/>\n<script type=\"application\/ld+json\" class=\"yoast-schema-graph\">{\"@context\":\"https:\\\/\\\/schema.org\",\"@graph\":[{\"@type\":\"WebPage\",\"@id\":\"https:\\\/\\\/www.geigercars.de\\\/product\\\/hofmann-spurverbreiterung-23mm-scheibe\\\/\",\"url\":\"https:\\\/\\\/www.geigercars.de\\\/product\\\/hofmann-spurverbreiterung-23mm-scheibe\\\/\",\"name\":\"Hofmann Spurverbreiterung 23mm\\\/ Scheibe - Geigercars.de GmbH\",\"isPartOf\":{\"@id\":\"https:\\\/\\\/www.geigercars.de\\\/#website\"},\"primaryImageOfPage\":{\"@id\":\"https:\\\/\\\/www.geigercars.de\\\/product\\\/hofmann-spurverbreiterung-23mm-scheibe\\\/#primaryimage\"},\"image\":{\"@id\":\"https:\\\/\\\/www.geigercars.de\\\/product\\\/hofmann-spurverbreiterung-23mm-scheibe\\\/#primaryimage\"},\"thumbnailUrl\":\"https:\\\/\\\/www.geigercars.de\\\/wp-content\\\/uploads\\\/2024\\\/04\\\/Hofmann-Spurplatten.png\",\"datePublished\":\"2024-04-22T12:05:29+00:00\",\"dateModified\":\"2026-03-24T07:43:24+00:00\",\"breadcrumb\":{\"@id\":\"https:\\\/\\\/www.geigercars.de\\\/product\\\/hofmann-spurverbreiterung-23mm-scheibe\\\/#breadcrumb\"},\"inLanguage\":\"en-US\",\"potentialAction\":[{\"@type\":\"ReadAction\",\"target\":[\"https:\\\/\\\/www.geigercars.de\\\/product\\\/hofmann-spurverbreiterung-23mm-scheibe\\\/\"]}]},{\"@type\":\"ImageObject\",\"inLanguage\":\"en-US\",\"@id\":\"https:\\\/\\\/www.geigercars.de\\\/product\\\/hofmann-spurverbreiterung-23mm-scheibe\\\/#primaryimage\",\"url\":\"https:\\\/\\\/www.geigercars.de\\\/wp-content\\\/uploads\\\/2024\\\/04\\\/Hofmann-Spurplatten.png\",\"contentUrl\":\"https:\\\/\\\/www.geigercars.de\\\/wp-content\\\/uploads\\\/2024\\\/04\\\/Hofmann-Spurplatten.png\",\"width\":1080,\"height\":1080},{\"@type\":\"BreadcrumbList\",\"@id\":\"https:\\\/\\\/www.geigercars.de\\\/product\\\/hofmann-spurverbreiterung-23mm-scheibe\\\/#breadcrumb\",\"itemListElement\":[{\"@type\":\"ListItem\",\"position\":1,\"name\":\"Startseite\",\"item\":\"https:\\\/\\\/www.geigercars.de\\\/\"},{\"@type\":\"ListItem\",\"position\":2,\"name\":\"Produkte\",\"item\":\"https:\\\/\\\/www.geigercars.de\\\/shop\\\/\"},{\"@type\":\"ListItem\",\"position\":3,\"name\":\"Hofmann Spurverbreiterung 23mm\\\/ Scheibe\"}]},{\"@type\":\"WebSite\",\"@id\":\"https:\\\/\\\/www.geigercars.de\\\/#website\",\"url\":\"https:\\\/\\\/www.geigercars.de\\\/\",\"name\":\"Geigercars.de\",\"description\":\"Home of US-Cars\",\"publisher\":{\"@id\":\"https:\\\/\\\/www.geigercars.de\\\/#organization\"},\"potentialAction\":[{\"@type\":\"SearchAction\",\"target\":{\"@type\":\"EntryPoint\",\"urlTemplate\":\"https:\\\/\\\/www.geigercars.de\\\/?s={search_term_string}\"},\"query-input\":{\"@type\":\"PropertyValueSpecification\",\"valueRequired\":true,\"valueName\":\"search_term_string\"}}],\"inLanguage\":\"en-US\"},{\"@type\":\"Organization\",\"@id\":\"https:\\\/\\\/www.geigercars.de\\\/#organization\",\"name\":\"Geigercars.de\",\"url\":\"https:\\\/\\\/www.geigercars.de\\\/\",\"logo\":{\"@type\":\"ImageObject\",\"inLanguage\":\"en-US\",\"@id\":\"https:\\\/\\\/www.geigercars.de\\\/#\\\/schema\\\/logo\\\/image\\\/\",\"url\":\"https:\\\/\\\/www.geigercars.de\\\/wp-content\\\/uploads\\\/2024\\\/03\\\/geigercars_logo.png\",\"contentUrl\":\"https:\\\/\\\/www.geigercars.de\\\/wp-content\\\/uploads\\\/2024\\\/03\\\/geigercars_logo.png\",\"width\":400,\"height\":52,\"caption\":\"Geigercars.de\"},\"image\":{\"@id\":\"https:\\\/\\\/www.geigercars.de\\\/#\\\/schema\\\/logo\\\/image\\\/\"},\"sameAs\":[\"https:\\\/\\\/www.facebook.com\\\/GeigerCars.de\\\/\",\"https:\\\/\\\/www.instagram.com\\\/geigercars\\\/\",\"https:\\\/\\\/www.youtube.com\\\/@geigercarsde_official\"]}]}<\/script>\n<!-- \/ Yoast SEO plugin. -->","yoast_head_json":{"title":"Hofmann Spurverbreiterung 23mm\/ Scheibe - Geigercars.de GmbH","robots":{"index":"index","follow":"follow","max-snippet":"max-snippet:-1","max-image-preview":"max-image-preview:large","max-video-preview":"max-video-preview:-1"},"canonical":"https:\/\/www.geigercars.de\/en\/product\/hofmann-spurverbreiterung-23mm-scheibe\/","og_locale":"en_US","og_type":"article","og_title":"Hofmann Spurverbreiterung 23mm\/ Scheibe - Geigercars.de GmbH","og_description":"zzgl. Verpackung und Versand  Preis ohne Montage","og_url":"https:\/\/www.geigercars.de\/en\/product\/hofmann-spurverbreiterung-23mm-scheibe\/","og_site_name":"Geigercars.de GmbH","article_publisher":"https:\/\/www.facebook.com\/GeigerCars.de\/","article_modified_time":"2026-03-24T07:43:24+00:00","og_image":[{"width":1080,"height":1080,"url":"https:\/\/www.geigercars.de\/wp-content\/uploads\/2024\/04\/Hofmann-Spurplatten.png","type":"image\/png"}],"twitter_card":"summary_large_image","twitter_misc":{"Est. reading time":"1 minute"},"schema":{"@context":"https:\/\/schema.org","@graph":[{"@type":"WebPage","@id":"https:\/\/www.geigercars.de\/product\/hofmann-spurverbreiterung-23mm-scheibe\/","url":"https:\/\/www.geigercars.de\/product\/hofmann-spurverbreiterung-23mm-scheibe\/","name":"Hofmann Spurverbreiterung 23mm\/ Scheibe - Geigercars.de GmbH","isPartOf":{"@id":"https:\/\/www.geigercars.de\/#website"},"primaryImageOfPage":{"@id":"https:\/\/www.geigercars.de\/product\/hofmann-spurverbreiterung-23mm-scheibe\/#primaryimage"},"image":{"@id":"https:\/\/www.geigercars.de\/product\/hofmann-spurverbreiterung-23mm-scheibe\/#primaryimage"},"thumbnailUrl":"https:\/\/www.geigercars.de\/wp-content\/uploads\/2024\/04\/Hofmann-Spurplatten.png","datePublished":"2024-04-22T12:05:29+00:00","dateModified":"2026-03-24T07:43:24+00:00","breadcrumb":{"@id":"https:\/\/www.geigercars.de\/product\/hofmann-spurverbreiterung-23mm-scheibe\/#breadcrumb"},"inLanguage":"en-US","potentialAction":[{"@type":"ReadAction","target":["https:\/\/www.geigercars.de\/product\/hofmann-spurverbreiterung-23mm-scheibe\/"]}]},{"@type":"ImageObject","inLanguage":"en-US","@id":"https:\/\/www.geigercars.de\/product\/hofmann-spurverbreiterung-23mm-scheibe\/#primaryimage","url":"https:\/\/www.geigercars.de\/wp-content\/uploads\/2024\/04\/Hofmann-Spurplatten.png","contentUrl":"https:\/\/www.geigercars.de\/wp-content\/uploads\/2024\/04\/Hofmann-Spurplatten.png","width":1080,"height":1080},{"@type":"BreadcrumbList","@id":"https:\/\/www.geigercars.de\/product\/hofmann-spurverbreiterung-23mm-scheibe\/#breadcrumb","itemListElement":[{"@type":"ListItem","position":1,"name":"Startseite","item":"https:\/\/www.geigercars.de\/"},{"@type":"ListItem","position":2,"name":"Produkte","item":"https:\/\/www.geigercars.de\/shop\/"},{"@type":"ListItem","position":3,"name":"Hofmann Spurverbreiterung 23mm\/ Scheibe"}]},{"@type":"WebSite","@id":"https:\/\/www.geigercars.de\/#website","url":"https:\/\/www.geigercars.de\/","name":"Geigercars.de","description":"Home of US Cars","publisher":{"@id":"https:\/\/www.geigercars.de\/#organization"},"potentialAction":[{"@type":"SearchAction","target":{"@type":"EntryPoint","urlTemplate":"https:\/\/www.geigercars.de\/?s={search_term_string}"},"query-input":{"@type":"PropertyValueSpecification","valueRequired":true,"valueName":"search_term_string"}}],"inLanguage":"en-US"},{"@type":"Organization","@id":"https:\/\/www.geigercars.de\/#organization","name":"Geigercars.de","url":"https:\/\/www.geigercars.de\/","logo":{"@type":"ImageObject","inLanguage":"en-US","@id":"https:\/\/www.geigercars.de\/#\/schema\/logo\/image\/","url":"https:\/\/www.geigercars.de\/wp-content\/uploads\/2024\/03\/geigercars_logo.png","contentUrl":"https:\/\/www.geigercars.de\/wp-content\/uploads\/2024\/03\/geigercars_logo.png","width":400,"height":52,"caption":"Geigercars.de"},"image":{"@id":"https:\/\/www.geigercars.de\/#\/schema\/logo\/image\/"},"sameAs":["https:\/\/www.facebook.com\/GeigerCars.de\/","https:\/\/www.instagram.com\/geigercars\/","https:\/\/www.youtube.com\/@geigercarsde_official"]}]}},"_links":{"self":[{"href":"https:\/\/www.geigercars.de\/en\/wp-json\/wp\/v2\/product\/14313","targetHints":{"allow":["GET"]}}],"collection":[{"href":"https:\/\/www.geigercars.de\/en\/wp-json\/wp\/v2\/product"}],"about":[{"href":"https:\/\/www.geigercars.de\/en\/wp-json\/wp\/v2\/types\/product"}],"version-history":[{"count":3,"href":"https:\/\/www.geigercars.de\/en\/wp-json\/wp\/v2\/product\/14313\/revisions"}],"predecessor-version":[{"id":22090,"href":"https:\/\/www.geigercars.de\/en\/wp-json\/wp\/v2\/product\/14313\/revisions\/22090"}],"wp:featuredmedia":[{"embeddable":true,"href":"https:\/\/www.geigercars.de\/en\/wp-json\/wp\/v2\/media\/22139"}],"wp:attachment":[{"href":"https:\/\/www.geigercars.de\/en\/wp-json\/wp\/v2\/media?parent=14313"}],"wp:term":[{"taxonomy":"product_brand","embeddable":true,"href":"https:\/\/www.geigercars.de\/en\/wp-json\/wp\/v2\/product_brand?post=14313"},{"taxonomy":"product_cat","embeddable":true,"href":"https:\/\/www.geigercars.de\/en\/wp-json\/wp\/v2\/product_cat?post=14313"},{"taxonomy":"product_tag","embeddable":true,"href":"https:\/\/www.geigercars.de\/en\/wp-json\/wp\/v2\/product_tag?post=14313"}],"curies":[{"name":"wp","href":"https:\/\/api.w.org\/{rel}","templated":true}]}}