{"id":12341,"date":"2024-04-19T17:22:28","date_gmt":"2024-04-19T15:22:28","guid":{"rendered":"https:\/\/www.geigercars.de\/?post_type=product&#038;p=12341"},"modified":"2025-07-08T09:19:41","modified_gmt":"2025-07-08T07:19:41","slug":"roll-bar-corvette-c7-geiger-2","status":"publish","type":"product","link":"https:\/\/www.geigercars.de\/en\/product\/roll-bar-corvette-c7-geiger-2","title":{"rendered":"Roll bar Corvette C7 Geiger"},"content":{"rendered":"<p>Whether on the road or on the race track, you are always safe with the Geiger Performance roll bar. The bar provides additional protection in the event of an accident and is therefore a valuable safety upgrade.<\/p>\n<p><strong>Product information:\u00a0<\/strong><\/p>\n<ul>\n<li>The roll bar includes a cross brace for mounting four-point belts.<\/li>\n<li>Crafted from solid steel with lightness.<\/li>\n<li>The bracket is delivered in black powder-coated.<\/li>\n<\/ul>\n<div id=\"part-teaser\"><\/div>\n<p><strong>Addition<\/strong>: Schroth 4-point belts (price on request).<\/p>\n<p>&nbsp;<\/p>\n<p><em>We would be happy to provide you with an individual quote for installation in our company.<\/em><\/p>\n<p>&nbsp;<\/p>\n<div id=\"part-cars\">\n<h4>Suitable for vehicles:<\/h4>\n<p><span class=\"make\">Corvette:<\/span> <span class=\"model\"> C7, C7 Z06<\/span><\/p>\n<h5>Years of construction<\/h5>\n<p>2014 to 2019<\/p>\n<\/div>\n<div class=\"woocommerce-tabs wc-tabs-wrapper\">\n<div id=\"tab-description\" class=\"woocommerce-Tabs-panel woocommerce-Tabs-panel--description panel entry-content wc-tab\" role=\"tabpanel\" aria-labelledby=\"tab-title-description\">\n<p>Note: All prices quoted are non-binding and subject to change. Subject to price changes and errors. Despite careful maintenance of our content, no guarantee can be given for the accuracy, completeness, or timeliness of the price information.<\/p>\n<\/div>\n<\/div>\n<div id=\"cust_product_cont\" class=\"custom-content-section\">\n<div class=\"elementor elementor-10898\" data-elementor-type=\"section\" data-elementor-id=\"10898\" data-elementor-post-type=\"elementor_library\">\n<div class=\"elementor-element elementor-element-01e3e7e e-flex e-con-boxed e-con e-parent e-lazyloaded\" data-id=\"01e3e7e\" data-element_type=\"container\">\n<div class=\"e-con-inner\">\n<div class=\"elementor-element elementor-element-fc47478 elementor-hidden-tablet elementor-hidden-mobile elementor-widget elementor-widget-spacer\" data-id=\"fc47478\" data-element_type=\"widget\" data-widget_type=\"spacer.default\">\n<div class=\"elementor-widget-container\">\n<div class=\"elementor-spacer\"><\/div>\n<\/div>\n<\/div>\n<\/div>\n<\/div>\n<\/div>\n<\/div>","protected":false},"excerpt":{"rendered":"<p>plus packaging and shipping<\/p>\n<p>Price without assembly<\/p>","protected":false},"featured_media":12344,"template":"","meta":[],"product_brand":[],"product_cat":[138,87],"product_tag":[],"class_list":{"0":"post-12341","1":"product","2":"type-product","3":"status-publish","4":"has-post-thumbnail","6":"product_cat-c7","7":"product_cat-corvette","9":"first","10":"instock","11":"taxable","12":"shipping-taxable","13":"purchasable","14":"product-type-simple"},"yoast_head":"<!-- This site is optimized with the Yoast SEO plugin v27.5 - https:\/\/yoast.com\/product\/yoast-seo-wordpress\/ -->\n<title>\u00dcberrollb\u00fcgel Corvette C7 Geiger - Geigercars.de GmbH<\/title>\n<meta name=\"robots\" content=\"index, follow, max-snippet:-1, max-image-preview:large, max-video-preview:-1\" \/>\n<link rel=\"canonical\" href=\"https:\/\/www.geigercars.de\/en\/product\/roll-bar-corvette-c7-geiger-2\/\" \/>\n<meta property=\"og:locale\" content=\"en_US\" \/>\n<meta property=\"og:type\" content=\"article\" \/>\n<meta property=\"og:title\" content=\"\u00dcberrollb\u00fcgel Corvette C7 Geiger - Geigercars.de GmbH\" \/>\n<meta property=\"og:description\" content=\"zzgl. Verpackung und Versand  Preis ohne Montage\" \/>\n<meta property=\"og:url\" content=\"https:\/\/www.geigercars.de\/en\/product\/roll-bar-corvette-c7-geiger-2\/\" \/>\n<meta property=\"og:site_name\" content=\"Geigercars.de GmbH\" \/>\n<meta property=\"article:publisher\" content=\"https:\/\/www.facebook.com\/GeigerCars.de\/\" \/>\n<meta property=\"article:modified_time\" content=\"2025-07-08T07:19:41+00:00\" \/>\n<meta property=\"og:image\" content=\"https:\/\/www.geigercars.de\/wp-content\/uploads\/2024\/04\/UberrollC73-e1747036639396.jpeg\" \/>\n\t<meta property=\"og:image:width\" content=\"655\" \/>\n\t<meta property=\"og:image:height\" content=\"655\" \/>\n\t<meta property=\"og:image:type\" content=\"image\/jpeg\" \/>\n<meta name=\"twitter:card\" content=\"summary_large_image\" \/>\n<meta name=\"twitter:label1\" content=\"Est. reading time\" \/>\n\t<meta name=\"twitter:data1\" content=\"1 minute\" \/>\n<script type=\"application\/ld+json\" class=\"yoast-schema-graph\">{\"@context\":\"https:\\\/\\\/schema.org\",\"@graph\":[{\"@type\":\"WebPage\",\"@id\":\"https:\\\/\\\/www.geigercars.de\\\/product\\\/ueberrollbuegel-corvette-c7-geiger-2\\\/\",\"url\":\"https:\\\/\\\/www.geigercars.de\\\/product\\\/ueberrollbuegel-corvette-c7-geiger-2\\\/\",\"name\":\"\u00dcberrollb\u00fcgel Corvette C7 Geiger - Geigercars.de GmbH\",\"isPartOf\":{\"@id\":\"https:\\\/\\\/www.geigercars.de\\\/#website\"},\"primaryImageOfPage\":{\"@id\":\"https:\\\/\\\/www.geigercars.de\\\/product\\\/ueberrollbuegel-corvette-c7-geiger-2\\\/#primaryimage\"},\"image\":{\"@id\":\"https:\\\/\\\/www.geigercars.de\\\/product\\\/ueberrollbuegel-corvette-c7-geiger-2\\\/#primaryimage\"},\"thumbnailUrl\":\"https:\\\/\\\/www.geigercars.de\\\/wp-content\\\/uploads\\\/2024\\\/04\\\/UberrollC73-e1747036639396.jpeg\",\"datePublished\":\"2024-04-19T15:22:28+00:00\",\"dateModified\":\"2025-07-08T07:19:41+00:00\",\"breadcrumb\":{\"@id\":\"https:\\\/\\\/www.geigercars.de\\\/product\\\/ueberrollbuegel-corvette-c7-geiger-2\\\/#breadcrumb\"},\"inLanguage\":\"en-US\",\"potentialAction\":[{\"@type\":\"ReadAction\",\"target\":[\"https:\\\/\\\/www.geigercars.de\\\/product\\\/ueberrollbuegel-corvette-c7-geiger-2\\\/\"]}]},{\"@type\":\"ImageObject\",\"inLanguage\":\"en-US\",\"@id\":\"https:\\\/\\\/www.geigercars.de\\\/product\\\/ueberrollbuegel-corvette-c7-geiger-2\\\/#primaryimage\",\"url\":\"https:\\\/\\\/www.geigercars.de\\\/wp-content\\\/uploads\\\/2024\\\/04\\\/UberrollC73-e1747036639396.jpeg\",\"contentUrl\":\"https:\\\/\\\/www.geigercars.de\\\/wp-content\\\/uploads\\\/2024\\\/04\\\/UberrollC73-e1747036639396.jpeg\",\"width\":655,\"height\":655,\"caption\":\"R\u00fcckansicht einer Corvette C7-Innenkabine mit eingebautem X-\u00dcberrollb\u00fcgel aus Metall.\"},{\"@type\":\"BreadcrumbList\",\"@id\":\"https:\\\/\\\/www.geigercars.de\\\/product\\\/ueberrollbuegel-corvette-c7-geiger-2\\\/#breadcrumb\",\"itemListElement\":[{\"@type\":\"ListItem\",\"position\":1,\"name\":\"Startseite\",\"item\":\"https:\\\/\\\/www.geigercars.de\\\/\"},{\"@type\":\"ListItem\",\"position\":2,\"name\":\"Produkte\",\"item\":\"https:\\\/\\\/www.geigercars.de\\\/shop\\\/\"},{\"@type\":\"ListItem\",\"position\":3,\"name\":\"\u00dcberrollb\u00fcgel Corvette C7 Geiger\"}]},{\"@type\":\"WebSite\",\"@id\":\"https:\\\/\\\/www.geigercars.de\\\/#website\",\"url\":\"https:\\\/\\\/www.geigercars.de\\\/\",\"name\":\"Geigercars.de\",\"description\":\"Home of US-Cars\",\"publisher\":{\"@id\":\"https:\\\/\\\/www.geigercars.de\\\/#organization\"},\"potentialAction\":[{\"@type\":\"SearchAction\",\"target\":{\"@type\":\"EntryPoint\",\"urlTemplate\":\"https:\\\/\\\/www.geigercars.de\\\/?s={search_term_string}\"},\"query-input\":{\"@type\":\"PropertyValueSpecification\",\"valueRequired\":true,\"valueName\":\"search_term_string\"}}],\"inLanguage\":\"en-US\"},{\"@type\":\"Organization\",\"@id\":\"https:\\\/\\\/www.geigercars.de\\\/#organization\",\"name\":\"Geigercars.de\",\"url\":\"https:\\\/\\\/www.geigercars.de\\\/\",\"logo\":{\"@type\":\"ImageObject\",\"inLanguage\":\"en-US\",\"@id\":\"https:\\\/\\\/www.geigercars.de\\\/#\\\/schema\\\/logo\\\/image\\\/\",\"url\":\"https:\\\/\\\/www.geigercars.de\\\/wp-content\\\/uploads\\\/2024\\\/03\\\/geigercars_logo.png\",\"contentUrl\":\"https:\\\/\\\/www.geigercars.de\\\/wp-content\\\/uploads\\\/2024\\\/03\\\/geigercars_logo.png\",\"width\":400,\"height\":52,\"caption\":\"Geigercars.de\"},\"image\":{\"@id\":\"https:\\\/\\\/www.geigercars.de\\\/#\\\/schema\\\/logo\\\/image\\\/\"},\"sameAs\":[\"https:\\\/\\\/www.facebook.com\\\/GeigerCars.de\\\/\",\"https:\\\/\\\/www.instagram.com\\\/geigercars\\\/\",\"https:\\\/\\\/www.youtube.com\\\/@geigercarsde_official\"]}]}<\/script>\n<!-- \/ Yoast SEO plugin. -->","yoast_head_json":{"title":"Roll bar Corvette C7 Geiger - Geigercars.de GmbH","robots":{"index":"index","follow":"follow","max-snippet":"max-snippet:-1","max-image-preview":"max-image-preview:large","max-video-preview":"max-video-preview:-1"},"canonical":"https:\/\/www.geigercars.de\/en\/product\/roll-bar-corvette-c7-geiger-2\/","og_locale":"en_US","og_type":"article","og_title":"\u00dcberrollb\u00fcgel Corvette C7 Geiger - Geigercars.de GmbH","og_description":"zzgl. Verpackung und Versand  Preis ohne Montage","og_url":"https:\/\/www.geigercars.de\/en\/product\/roll-bar-corvette-c7-geiger-2\/","og_site_name":"Geigercars.de GmbH","article_publisher":"https:\/\/www.facebook.com\/GeigerCars.de\/","article_modified_time":"2025-07-08T07:19:41+00:00","og_image":[{"width":655,"height":655,"url":"https:\/\/www.geigercars.de\/wp-content\/uploads\/2024\/04\/UberrollC73-e1747036639396.jpeg","type":"image\/jpeg"}],"twitter_card":"summary_large_image","twitter_misc":{"Est. reading time":"1 minute"},"schema":{"@context":"https:\/\/schema.org","@graph":[{"@type":"WebPage","@id":"https:\/\/www.geigercars.de\/product\/ueberrollbuegel-corvette-c7-geiger-2\/","url":"https:\/\/www.geigercars.de\/product\/ueberrollbuegel-corvette-c7-geiger-2\/","name":"Roll bar Corvette C7 Geiger - Geigercars.de GmbH","isPartOf":{"@id":"https:\/\/www.geigercars.de\/#website"},"primaryImageOfPage":{"@id":"https:\/\/www.geigercars.de\/product\/ueberrollbuegel-corvette-c7-geiger-2\/#primaryimage"},"image":{"@id":"https:\/\/www.geigercars.de\/product\/ueberrollbuegel-corvette-c7-geiger-2\/#primaryimage"},"thumbnailUrl":"https:\/\/www.geigercars.de\/wp-content\/uploads\/2024\/04\/UberrollC73-e1747036639396.jpeg","datePublished":"2024-04-19T15:22:28+00:00","dateModified":"2025-07-08T07:19:41+00:00","breadcrumb":{"@id":"https:\/\/www.geigercars.de\/product\/ueberrollbuegel-corvette-c7-geiger-2\/#breadcrumb"},"inLanguage":"en-US","potentialAction":[{"@type":"ReadAction","target":["https:\/\/www.geigercars.de\/product\/ueberrollbuegel-corvette-c7-geiger-2\/"]}]},{"@type":"ImageObject","inLanguage":"en-US","@id":"https:\/\/www.geigercars.de\/product\/ueberrollbuegel-corvette-c7-geiger-2\/#primaryimage","url":"https:\/\/www.geigercars.de\/wp-content\/uploads\/2024\/04\/UberrollC73-e1747036639396.jpeg","contentUrl":"https:\/\/www.geigercars.de\/wp-content\/uploads\/2024\/04\/UberrollC73-e1747036639396.jpeg","width":655,"height":655,"caption":"R\u00fcckansicht einer Corvette C7-Innenkabine mit eingebautem X-\u00dcberrollb\u00fcgel aus Metall."},{"@type":"BreadcrumbList","@id":"https:\/\/www.geigercars.de\/product\/ueberrollbuegel-corvette-c7-geiger-2\/#breadcrumb","itemListElement":[{"@type":"ListItem","position":1,"name":"Startseite","item":"https:\/\/www.geigercars.de\/"},{"@type":"ListItem","position":2,"name":"Produkte","item":"https:\/\/www.geigercars.de\/shop\/"},{"@type":"ListItem","position":3,"name":"\u00dcberrollb\u00fcgel Corvette C7 Geiger"}]},{"@type":"WebSite","@id":"https:\/\/www.geigercars.de\/#website","url":"https:\/\/www.geigercars.de\/","name":"Geigercars.de","description":"Home of US Cars","publisher":{"@id":"https:\/\/www.geigercars.de\/#organization"},"potentialAction":[{"@type":"SearchAction","target":{"@type":"EntryPoint","urlTemplate":"https:\/\/www.geigercars.de\/?s={search_term_string}"},"query-input":{"@type":"PropertyValueSpecification","valueRequired":true,"valueName":"search_term_string"}}],"inLanguage":"en-US"},{"@type":"Organization","@id":"https:\/\/www.geigercars.de\/#organization","name":"Geigercars.de","url":"https:\/\/www.geigercars.de\/","logo":{"@type":"ImageObject","inLanguage":"en-US","@id":"https:\/\/www.geigercars.de\/#\/schema\/logo\/image\/","url":"https:\/\/www.geigercars.de\/wp-content\/uploads\/2024\/03\/geigercars_logo.png","contentUrl":"https:\/\/www.geigercars.de\/wp-content\/uploads\/2024\/03\/geigercars_logo.png","width":400,"height":52,"caption":"Geigercars.de"},"image":{"@id":"https:\/\/www.geigercars.de\/#\/schema\/logo\/image\/"},"sameAs":["https:\/\/www.facebook.com\/GeigerCars.de\/","https:\/\/www.instagram.com\/geigercars\/","https:\/\/www.youtube.com\/@geigercarsde_official"]}]}},"_links":{"self":[{"href":"https:\/\/www.geigercars.de\/en\/wp-json\/wp\/v2\/product\/12341","targetHints":{"allow":["GET"]}}],"collection":[{"href":"https:\/\/www.geigercars.de\/en\/wp-json\/wp\/v2\/product"}],"about":[{"href":"https:\/\/www.geigercars.de\/en\/wp-json\/wp\/v2\/types\/product"}],"version-history":[{"count":0,"href":"https:\/\/www.geigercars.de\/en\/wp-json\/wp\/v2\/product\/12341\/revisions"}],"wp:featuredmedia":[{"embeddable":true,"href":"https:\/\/www.geigercars.de\/en\/wp-json\/wp\/v2\/media\/12344"}],"wp:attachment":[{"href":"https:\/\/www.geigercars.de\/en\/wp-json\/wp\/v2\/media?parent=12341"}],"wp:term":[{"taxonomy":"product_brand","embeddable":true,"href":"https:\/\/www.geigercars.de\/en\/wp-json\/wp\/v2\/product_brand?post=12341"},{"taxonomy":"product_cat","embeddable":true,"href":"https:\/\/www.geigercars.de\/en\/wp-json\/wp\/v2\/product_cat?post=12341"},{"taxonomy":"product_tag","embeddable":true,"href":"https:\/\/www.geigercars.de\/en\/wp-json\/wp\/v2\/product_tag?post=12341"}],"curies":[{"name":"wp","href":"https:\/\/api.w.org\/{rel}","templated":true}]}}